{"id":39054,"date":"2019-10-07T07:28:19","date_gmt":"2019-10-07T05:28:19","guid":{"rendered":"https:\/\/donnobikes.com\/product\/yuba-mundo-lux-3\/"},"modified":"2026-03-16T14:06:12","modified_gmt":"2026-03-16T13:06:12","slug":"yuba-mundo-lux","status":"publish","type":"product","link":"https:\/\/donnobikes.com\/fr\/produit\/yuba-mundo-lux\/","title":{"rendered":"Yuba Mundo Lux"},"content":{"rendered":"<h2>Con\u00e7u comme un SUV \u00e0 deux roues !<\/h2>\n<p>Le Yuba Mundo Lux est le v\u00e9lo cargo longtail le plus grand et le plus robuste de Yuba, le mod\u00e8le original imbattable et le pr\u00e9f\u00e9r\u00e9 des clients.<\/p>\n<p><strong>Con\u00e7u pour la famille.<\/strong> Avoir des enfants, c'est devoir transporter beaucoup de choses, surtout lors des d\u00e9placements. Il n'est pas \u00e9tonnant que de nombreux parents pensent qu'ils doivent acheter un SUV. Yuba a d\u00e9velopp\u00e9 une alternative \u00e0 la pollution, un deux-roues durable et agr\u00e9able \u00e0 conduire. En termes de technologie, de capacit\u00e9 de chargement et de places assises, le Yuba Mundo Lux r\u00e9pond parfaitement aux besoins d'une famille de quatre personnes. Il a assez d'espace pour deux enfants et deux adultes, il peut transporter de gigantesques sacoches, et vos enfants peuvent profiter de la balade d'une mani\u00e8re compl\u00e8tement diff\u00e9rente, plut\u00f4t que derri\u00e8re les vitres d'une voiture.<\/p>\n<p><strong>Cargo \u00e0 toutes fins utiles.<\/strong> Il poss\u00e8de toutes les caract\u00e9ristiques positives qu'un v\u00e9lo cargo doit avoir, mais il est plus solide, plus facile \u00e0 conduire et plus robuste. Il est relativement long par rapport \u00e0 un longtail, et ses 97 centim\u00e8tres de porte-bagages offrent un nombre incroyable de possibilit\u00e9s : aller chercher deux enfants \u00e0 l'\u00e9cole maternelle avec les courses de la semaine sur le porte-bagages ? Maman, papa et b\u00e9b\u00e9 se prom\u00e8nent sur un seul v\u00e9lo ? Vous n'avez pas besoin d'une voiture familiale encombrante pour cela. Quelle que soit l'utilisation que vous ferez de votre v\u00e9lo cargo, le Yuba Mundo Lux changera votre vie !<\/p>\n<p>&nbsp;<\/p>","protected":false},"excerpt":{"rendered":"<p>Musculaire<\/p>","protected":false},"featured_media":93362,"comment_status":"open","ping_status":"closed","template":"","meta":[],"product_brand":[],"product_cat":[621,622,623,33,592,624,594,21],"product_tag":[65],"class_list":{"0":"post-39054","1":"product","2":"type-product","3":"status-publish","4":"has-post-thumbnail","6":"product_cat-bici-da-carico","7":"product_cat-bici-da-trasporto","8":"product_cat-bici-per-trasporto-bambini","9":"product_cat-biciclette","10":"product_cat-biciclette-muscolari","11":"product_cat-cargo-bike","12":"product_cat-catalogo","13":"product_cat-yuba","14":"product_tag-muscolare","15":"product_shipping_class-bicicletta","17":"first","18":"custom-in-arrivo","19":"shipping-taxable","20":"purchasable","21":"product-type-simple"},"gallery_images":[93361,93360],"meta_box":{"short_name":"","marketing_name":"YUBA MUNDO LUX","motore_for_biciclette":[],"biciclette_id":"93693","consegna":"","configurator":[],"single_page_group":{"video_group":[{"link_video":"https:\/\/www.youtube.com\/watch?v=fFoG4UaLBlg","title":"Rouler sur le plus grand v\u00e9lo cargo muscl\u00e9","preheader":"Scopri la manovrabilit\u00e0 e la facilit\u00e0 di guida","preview":"93617"},{"link_video":"https:\/\/www.youtube.com\/watch?v=maPyg0FaVeg","title":"Quel doit \u00eatre le \"son\" d'un v\u00e9lo cargo ?","preheader":"Scopri la colonna sonora dei componenti di Mundo Lux!","preview":"93616"},{"link_video":"https:\/\/www.youtube.com\/watch?v=Wwl_eLSkIZA","title":"De notre atelier","preheader":"Segui il tutorial step by step per montare la cargo bike","preview":"93615"}],"galleria_fotografica":{"image":["91743","91744","91745","91746","91747","91748"],"galleria_banner":["91749","91750","91751","91752"]},"versatilita":{"title":"YUBA MUNDO LUX. V\u00c9LO UTILITAIRE DE NOUVELLE G\u00c9N\u00c9RATION.","desc":"Yuba Mundo Lux combina versatilit\u00e0 a prestazioni di carico eccezionali. La robustezza e la capacit\u00e0 di trasporto rendono questa full cargo bike uno straordinario sostituto dell'auto per le famiglie. Sebbene pi\u00f9 lunga di una normale bicicletta, \u00e8 divertente e facile da guidare. La sua ampia gamma di accessori la rende perfettamente equipaggiata per la vita familiare in qualunque situazione quotidiana.","versatilita_group":[{"image":"93189","desc":"Senza accessori sembra una bicicletta pi\u00f9 lunga del normale ma sono la facilit\u00e0 di guida e l'incredibile capacit\u00e0 di carico che la rendono unica."},{"image":"93190","desc":"Portapacchi da 97cm a cui agganciare grandi borse laterali e una borsa spesa nel cesto anteriore ne fanno una perfetta sostituta dell'automobile."},{"image":"93197","desc":"Compatible con Yepp, Qibbel e la maggior parte dei seggiolini disponibili sul mercato. La cargo bike \u00e8 progettata per portare due bambini in sicurezza."},{"image":"93194","desc":"Porta un bambino su un seggiolino e un secondo pi\u00f9 grande sul retro. Le aste di sicurezza sono facoltative ma assolutamente raccomandate."},{"image":"93192","desc":"Porta in sicurezza due bambini pi\u00f9 grandi. Le barre delle aste di sicurezza sono disegnate per sostenere, proteggere e far divertire i tuoi figli."},{"image":"93193","desc":"Trasporta uno o due passeggeri adulti. Le sponde laterali e le maniglie tra cui scegliere garantiscono comfort e appiglio sicuro durante la corsa."},{"image":"93195","desc":"Usa la cargo bike in qualunque condizione atmosferica, proteggendo il tuo carico. I tuoi passeggeri avranno sempre una vista panoramica."},{"image":"93196","desc":"Trasporta valigie fissandole con cinghie, fissa grandi borse laterali al portapacchi, e abbina una borsa a tracolla nel cesto. Fino a 250kg incluso il ciclista."},{"image":"89498"}]},"edition":"0"},"catalog_group":{"quote":"1 COLORE","text":"Lascia le chiavi dell\u2019auto a casa e sali su un minivan a due ruote! La cargo bike intramontabile.","vuoi":"La cargo bike pi\u00f9 capiente, dotata di un telaio comodo e affidabile per lunghe pedalate in citt\u00e0 e non solo. Il modello pi\u00f9 classico, pensato come un SUV per la famiglia, utile per tenersi in forma, un vero best seller che ha conquistato il mondo!"}},"_links":{"self":[{"href":"https:\/\/donnobikes.com\/fr\/wp-json\/wp\/v2\/product\/39054","targetHints":{"allow":["GET"]}}],"collection":[{"href":"https:\/\/donnobikes.com\/fr\/wp-json\/wp\/v2\/product"}],"about":[{"href":"https:\/\/donnobikes.com\/fr\/wp-json\/wp\/v2\/types\/product"}],"replies":[{"embeddable":true,"href":"https:\/\/donnobikes.com\/fr\/wp-json\/wp\/v2\/comments?post=39054"}],"wp:featuredmedia":[{"embeddable":true,"href":"https:\/\/donnobikes.com\/fr\/wp-json\/wp\/v2\/media\/93362"}],"wp:attachment":[{"href":"https:\/\/donnobikes.com\/fr\/wp-json\/wp\/v2\/media?parent=39054"}],"wp:term":[{"taxonomy":"product_brand","embeddable":true,"href":"https:\/\/donnobikes.com\/fr\/wp-json\/wp\/v2\/product_brand?post=39054"},{"taxonomy":"product_cat","embeddable":true,"href":"https:\/\/donnobikes.com\/fr\/wp-json\/wp\/v2\/product_cat?post=39054"},{"taxonomy":"product_tag","embeddable":true,"href":"https:\/\/donnobikes.com\/fr\/wp-json\/wp\/v2\/product_tag?post=39054"}],"curies":[{"name":"wp","href":"https:\/\/api.w.org\/{rel}","templated":true}]}}