{"id":39083,"date":"2019-10-15T04:30:16","date_gmt":"2019-10-15T02:30:16","guid":{"rendered":"https:\/\/donnobikes.com\/product\/copecrtura-per-super-cargo\/"},"modified":"2024-03-06T13:00:04","modified_gmt":"2024-03-06T12:00:04","slug":"canopee-yuba","status":"publish","type":"product","link":"https:\/\/donnobikes.com\/fr\/produit\/canopee-yuba\/","title":{"rendered":"Canop\u00e9e Yuba"},"content":{"rendered":"<h3>Compatible avec tous les mod\u00e8les Supercargo<\/h3>\n<p>Le Yuba Canopy est une couverture durable et imperm\u00e9able qui prot\u00e8ge le chargement du v\u00e9lo Yuba Supercargo de la pluie, de la neige, du soleil et du vent.<\/p>\n<p>Prot\u00e9gez vos enfants, vos animaux domestiques ou votre cargaison des intemp\u00e9ries en hiver, au printemps, en \u00e9t\u00e9 et en automne ! Il peut \u00eatre mont\u00e9 avec l'Open Loader ou le Bamboo Box, tous deux vendus s\u00e9par\u00e9ment.<\/p>\n<p>Con\u00e7ue avec un cadre en aluminium, elle est l\u00e9g\u00e8re et ne ralentit pas le d\u00e9placement. \u00c9quip\u00e9 de fen\u00eatres et de portes \u00e0 charni\u00e8res, il deviendra rapidement un accessoire douillet et amusant pour les enfants.<\/p>","protected":false},"excerpt":{"rendered":"<p>Compatibile con tutti i modelli Supercargo Il Canopy Yuba \u00e8 una copertura resistente ed impermeabile che protegge il carico della cargo bike Yuba Supercargo da pioggia, neve, sole e vento. Proteggi i tuoi bambini, animali domestici o il tuo carico dagli elementi atmosferici in inverno, primavera, estate e autunno! Pu\u00f2 essere montato sia con l&#8217;Open [&hellip;]<\/p>\n","protected":false},"featured_media":91296,"comment_status":"closed","ping_status":"closed","template":"","meta":[],"product_brand":[],"product_cat":[16,21],"product_tag":[],"class_list":{"0":"post-39083","1":"product","2":"type-product","3":"status-publish","4":"has-post-thumbnail","6":"product_cat-yuba-accessori","7":"product_cat-yuba","8":"product_shipping_class-accessori","10":"first","11":"instock","12":"shipping-taxable","13":"purchasable","14":"product-type-simple"},"gallery_images":[91293,91294,91295,91297,91298,91299,91301],"meta_box":{"short_name":"","marketing_name":"","motore_for_biciclette":[],"biciclette_id":"","consegna":"","configurator":[],"single_page_group":[],"catalog_group":[]},"_links":{"self":[{"href":"https:\/\/donnobikes.com\/fr\/wp-json\/wp\/v2\/product\/39083","targetHints":{"allow":["GET"]}}],"collection":[{"href":"https:\/\/donnobikes.com\/fr\/wp-json\/wp\/v2\/product"}],"about":[{"href":"https:\/\/donnobikes.com\/fr\/wp-json\/wp\/v2\/types\/product"}],"replies":[{"embeddable":true,"href":"https:\/\/donnobikes.com\/fr\/wp-json\/wp\/v2\/comments?post=39083"}],"wp:featuredmedia":[{"embeddable":true,"href":"https:\/\/donnobikes.com\/fr\/wp-json\/wp\/v2\/media\/91296"}],"wp:attachment":[{"href":"https:\/\/donnobikes.com\/fr\/wp-json\/wp\/v2\/media?parent=39083"}],"wp:term":[{"taxonomy":"product_brand","embeddable":true,"href":"https:\/\/donnobikes.com\/fr\/wp-json\/wp\/v2\/product_brand?post=39083"},{"taxonomy":"product_cat","embeddable":true,"href":"https:\/\/donnobikes.com\/fr\/wp-json\/wp\/v2\/product_cat?post=39083"},{"taxonomy":"product_tag","embeddable":true,"href":"https:\/\/donnobikes.com\/fr\/wp-json\/wp\/v2\/product_tag?post=39083"}],"curies":[{"name":"wp","href":"https:\/\/api.w.org\/{rel}","templated":true}]}}