{"id":4736,"date":"2020-02-02T11:32:29","date_gmt":"2020-02-02T10:32:29","guid":{"rendered":"https:\/\/donnobikes.com\/product\/borsa-al-portapacchi-per-bici-yuba-2\/"},"modified":"2026-02-09T10:07:35","modified_gmt":"2026-02-09T09:07:35","slug":"sac-baguette-yuba","status":"publish","type":"product","link":"https:\/\/donnobikes.com\/fr\/produit\/sac-baguette-yuba\/","title":{"rendered":"Sac Baguette Yuba"},"content":{"rendered":"<h3>Compatible avec tous les mod\u00e8les Kombi et Mundo<\/h3>\n<p>Le sac Baguette de Yuba est l\u00e9ger, durable, \u00e9l\u00e9gant et facile \u00e0 utiliser ! Le sac est ajustable et imperm\u00e9able gr\u00e2ce \u00e0 son syst\u00e8me d'enroulement et de fermeture et \u00e0 sa couche ext\u00e9rieure en nylon 1000D. Ses fermetures \u00e9clair, ses clips et ses mat\u00e9riaux durables font de ce sac le compagnon id\u00e9al pour toutes les occasions, quel que soit le temps.<\/p>\n<p>Avec une capacit\u00e9 de charge de 30 litres, le sac Yuba Baguette offre tout l'espace n\u00e9cessaire \u00e0 vos activit\u00e9s quotidiennes ! Besoin d'entrer dans un magasin ? Il suffit d'accrocher la bandouli\u00e8re et de la soulever pour que cette sacoche de v\u00e9lo se transforme en sac \u00e0 bandouli\u00e8re classique.<\/p>","protected":false},"excerpt":{"rendered":"<p>Compatibile con tutti i modelli Kombi e Mundo La Borsa Baguette Yuba \u00e8 leggera, resistente, elegante e facile da usare! La borsa \u00e8 regolabile e impermeabile grazie al suo sistema roll-up-to-close e al suo strato esterno in nylon 1000D. Le sue cerniere, le clip e i materiali durevoli rendono questa borsa la compagna perfetta per [&hellip;]<\/p>\n","protected":false},"featured_media":91132,"comment_status":"closed","ping_status":"closed","template":"","meta":[],"product_brand":[],"product_cat":[16,639,21,651],"product_tag":[88],"class_list":{"0":"post-4736","1":"product","2":"type-product","3":"status-publish","4":"has-post-thumbnail","6":"product_cat-yuba-accessori","7":"product_cat-seduta-e-carico-posteriore-2","8":"product_cat-yuba","9":"product_cat-yuba-kombi-db-seduta-e-carico-posteriore-2","10":"product_tag-borsa","11":"product_shipping_class-accessori","13":"first","14":"instock","15":"shipping-taxable","16":"purchasable","17":"product-type-simple"},"gallery_images":[91133,91134,91135,91137,91136,91138,91139],"meta_box":{"short_name":"Borsa Baguette","marketing_name":"","motore_for_biciclette":[],"biciclette_id":"","consegna":"","configurator":[],"single_page_group":[],"catalog_group":[]},"_links":{"self":[{"href":"https:\/\/donnobikes.com\/fr\/wp-json\/wp\/v2\/product\/4736","targetHints":{"allow":["GET"]}}],"collection":[{"href":"https:\/\/donnobikes.com\/fr\/wp-json\/wp\/v2\/product"}],"about":[{"href":"https:\/\/donnobikes.com\/fr\/wp-json\/wp\/v2\/types\/product"}],"replies":[{"embeddable":true,"href":"https:\/\/donnobikes.com\/fr\/wp-json\/wp\/v2\/comments?post=4736"}],"wp:featuredmedia":[{"embeddable":true,"href":"https:\/\/donnobikes.com\/fr\/wp-json\/wp\/v2\/media\/91132"}],"wp:attachment":[{"href":"https:\/\/donnobikes.com\/fr\/wp-json\/wp\/v2\/media?parent=4736"}],"wp:term":[{"taxonomy":"product_brand","embeddable":true,"href":"https:\/\/donnobikes.com\/fr\/wp-json\/wp\/v2\/product_brand?post=4736"},{"taxonomy":"product_cat","embeddable":true,"href":"https:\/\/donnobikes.com\/fr\/wp-json\/wp\/v2\/product_cat?post=4736"},{"taxonomy":"product_tag","embeddable":true,"href":"https:\/\/donnobikes.com\/fr\/wp-json\/wp\/v2\/product_tag?post=4736"}],"curies":[{"name":"wp","href":"https:\/\/api.w.org\/{rel}","templated":true}]}}