{"id":4758,"date":"2020-02-02T11:53:36","date_gmt":"2020-02-02T10:53:36","guid":{"rendered":"https:\/\/donnobikes.com\/?post_type=product&#038;p=4758"},"modified":"2026-02-09T10:07:05","modified_gmt":"2026-02-09T09:07:05","slug":"serrure-a-goupille-yuba","status":"publish","type":"product","link":"https:\/\/donnobikes.com\/fr\/produit\/serrure-a-goupille-yuba\/","title":{"rendered":"Yuba Pin Lock"},"content":{"rendered":"<h3>Non compatible avec Spicy Curry All Terrain<\/h3>\n<p>Le Yuba Pin Lock est un antivol de s\u00e9curit\u00e9. Parfaitement int\u00e9gr\u00e9 aux v\u00e9los cargo Yuba gr\u00e2ce aux supports sp\u00e9ciaux dans le cadre qui vous permettent de l'avoir toujours avec vous sans crainte de le perdre, le Pin Lock est discret, pratique et facile \u00e0 utiliser. Il bloque la roue avant au cadre, emp\u00eachant le v\u00e9lo de rouler vers l'avant.<\/p>\n<p>Pour am\u00e9liorer encore le syst\u00e8me antivol, nous recommandons de l'utiliser avec Security Cable, le c\u00e2ble de s\u00e9curit\u00e9 Yuba vendu s\u00e9par\u00e9ment.<\/p>","protected":false},"excerpt":{"rendered":"<p>Non compatibile con Spicy Curry All Terrain Il Pin Lock Yuba \u00e8 un lucchetto di sicurezza. Perfettamente integrato nelle cargo bike Yuba grazie agli appositi supporti nel telaio che consentono di averlo sempre con s\u00e8 senza timore di smarrirlo, il Pin Lock \u00e8 discreto, pratico e facile da usare. Blocca la ruota anteriore al telaio, [&hellip;]<\/p>\n","protected":false},"featured_media":91109,"comment_status":"closed","ping_status":"closed","template":"","meta":[],"product_brand":[],"product_cat":[16,642,21,652],"product_tag":[],"class_list":{"0":"post-4758","1":"product","2":"type-product","3":"status-publish","4":"has-post-thumbnail","6":"product_cat-yuba-accessori","7":"product_cat-sicurezza-e-protezione-della-bici","8":"product_cat-yuba","9":"product_cat-yuba-kombi-db-sicurezza-e-protezione-della-bici","10":"product_shipping_class-accessori","12":"first","13":"instock","14":"shipping-taxable","15":"purchasable","16":"product-type-simple"},"gallery_images":[91110,91111,91112,91117],"meta_box":{"short_name":"","marketing_name":"","motore_for_biciclette":[],"biciclette_id":"","consegna":"","configurator":[],"single_page_group":[],"catalog_group":[]},"_links":{"self":[{"href":"https:\/\/donnobikes.com\/fr\/wp-json\/wp\/v2\/product\/4758","targetHints":{"allow":["GET"]}}],"collection":[{"href":"https:\/\/donnobikes.com\/fr\/wp-json\/wp\/v2\/product"}],"about":[{"href":"https:\/\/donnobikes.com\/fr\/wp-json\/wp\/v2\/types\/product"}],"replies":[{"embeddable":true,"href":"https:\/\/donnobikes.com\/fr\/wp-json\/wp\/v2\/comments?post=4758"}],"wp:featuredmedia":[{"embeddable":true,"href":"https:\/\/donnobikes.com\/fr\/wp-json\/wp\/v2\/media\/91109"}],"wp:attachment":[{"href":"https:\/\/donnobikes.com\/fr\/wp-json\/wp\/v2\/media?parent=4758"}],"wp:term":[{"taxonomy":"product_brand","embeddable":true,"href":"https:\/\/donnobikes.com\/fr\/wp-json\/wp\/v2\/product_brand?post=4758"},{"taxonomy":"product_cat","embeddable":true,"href":"https:\/\/donnobikes.com\/fr\/wp-json\/wp\/v2\/product_cat?post=4758"},{"taxonomy":"product_tag","embeddable":true,"href":"https:\/\/donnobikes.com\/fr\/wp-json\/wp\/v2\/product_tag?post=4758"}],"curies":[{"name":"wp","href":"https:\/\/api.w.org\/{rel}","templated":true}]}}