{"id":4776,"date":"2020-02-02T12:36:00","date_gmt":"2020-02-02T11:36:00","guid":{"rendered":"https:\/\/donnobikes.com\/?post_type=product&#038;p=4776"},"modified":"2024-03-06T13:00:09","modified_gmt":"2024-03-06T12:00:09","slug":"terrasse-en-bambou-yuba-mundo","status":"publish","type":"product","link":"https:\/\/donnobikes.com\/fr\/produit\/terrasse-en-bambou-yuba-mundo\/","title":{"rendered":"Terrasse en bambou Yuba Mundo"},"content":{"rendered":"<h3>Compatible avec tous les mod\u00e8les Mundo<\/h3>\n<p>Bamboo Deck Yuba Mundo est une planche en forme pour optimiser l'espace de chargement du Yuba Mundo longtail. Parfait pour cr\u00e9er une zone d'assise confortable pour les passagers ou une plateforme de chargement solide et plate, cet ajout est essentiel pour votre v\u00e9lo cargo Mundo.<\/p>\n<p>La terrasse en bambou Yuba Mundo est fabriqu\u00e9e en bambou \u00e0 5 couches, un mat\u00e9riau durable et r\u00e9sistant aux intemp\u00e9ries. La culture du bambou est rapide et ne n\u00e9cessite pas beaucoup d'eau. Tous nos produits en bambou sont conformes aux directives REACH qui prot\u00e8gent contre les produits chimiques dangereux et toxiques. Les produits en bambou sont couverts par une garantie limit\u00e9e d'un an pour l'int\u00e9grit\u00e9 structurelle.<\/p>\n<p>Le Deck pour Mundo est parfaitement assorti aux Sideboards Mundo, les repose-pieds pour le confort des passagers de votre Yuba Mundo, vendus s\u00e9par\u00e9ment.<\/p>\n<p>&nbsp;<\/p>\n<p>&nbsp;<\/p>","protected":false},"excerpt":{"rendered":"<p>Compatibile con tutti i modelli Mundo Bamboo Deck Yuba Mundo \u00e8 una tavola sagomata per ottimizzare lo spazio di carico della longtail Mundo di Yuba. Perfetto per creare una comoda area di seduta per i passeggeri o una piattaforma di carico robusta e piatta, questo componente aggiuntivo \u00e8 essenziale per la tua cargo bike Mundo. [&hellip;]<\/p>\n","protected":false},"featured_media":91177,"comment_status":"closed","ping_status":"closed","template":"","meta":[],"product_brand":[],"product_cat":[16,21],"product_tag":[],"class_list":{"0":"post-4776","1":"product","2":"type-product","3":"status-publish","4":"has-post-thumbnail","6":"product_cat-yuba-accessori","7":"product_cat-yuba","8":"product_shipping_class-accessori","10":"first","11":"instock","12":"shipping-taxable","13":"purchasable","14":"product-type-simple"},"gallery_images":[91178,91180,91179,91181],"meta_box":{"short_name":"Tavola Portapacchi Deck Mundo","marketing_name":"","motore_for_biciclette":[],"biciclette_id":"","consegna":"","configurator":[],"single_page_group":[],"catalog_group":[]},"_links":{"self":[{"href":"https:\/\/donnobikes.com\/fr\/wp-json\/wp\/v2\/product\/4776","targetHints":{"allow":["GET"]}}],"collection":[{"href":"https:\/\/donnobikes.com\/fr\/wp-json\/wp\/v2\/product"}],"about":[{"href":"https:\/\/donnobikes.com\/fr\/wp-json\/wp\/v2\/types\/product"}],"replies":[{"embeddable":true,"href":"https:\/\/donnobikes.com\/fr\/wp-json\/wp\/v2\/comments?post=4776"}],"wp:featuredmedia":[{"embeddable":true,"href":"https:\/\/donnobikes.com\/fr\/wp-json\/wp\/v2\/media\/91177"}],"wp:attachment":[{"href":"https:\/\/donnobikes.com\/fr\/wp-json\/wp\/v2\/media?parent=4776"}],"wp:term":[{"taxonomy":"product_brand","embeddable":true,"href":"https:\/\/donnobikes.com\/fr\/wp-json\/wp\/v2\/product_brand?post=4776"},{"taxonomy":"product_cat","embeddable":true,"href":"https:\/\/donnobikes.com\/fr\/wp-json\/wp\/v2\/product_cat?post=4776"},{"taxonomy":"product_tag","embeddable":true,"href":"https:\/\/donnobikes.com\/fr\/wp-json\/wp\/v2\/product_tag?post=4776"}],"curies":[{"name":"wp","href":"https:\/\/api.w.org\/{rel}","templated":true}]}}