{"id":4886,"date":"2020-02-03T00:32:54","date_gmt":"2020-02-02T23:32:54","guid":{"rendered":"https:\/\/donnobikes.com\/product\/kit-portapacchi-anteriore-e-posteriore-per-ahooga-modulare\/"},"modified":"2024-03-06T13:00:04","modified_gmt":"2024-03-06T12:00:04","slug":"ahooga-full-rack-set","status":"publish","type":"product","link":"https:\/\/donnobikes.com\/fr\/produit\/ahooga-full-rack-set\/","title":{"rendered":"Ahooga Full Rack Set"},"content":{"rendered":"<h3>Compatible avec Ahooga Modular<\/h3>\n<p>L'ensemble Full Rack transforme le v\u00e9lo de ville Modular en un v\u00e9lo \u00e9lectrique l\u00e9ger.<\/p>\n<ul>\n<li>Fabriqu\u00e9 en aluminium 6061 T6 de couleur bronze, il s'installe facilement \u00e0 l'aide de vis.<\/li>\n<li>Ce solide porte-b\u00e9b\u00e9 arri\u00e8re mesure 58 x 18 cm, ne p\u00e8se que 3 kg et peut transporter 50 kg de marchandises. Il est con\u00e7u pour transporter en toute s\u00e9curit\u00e9 deux enfants et des si\u00e8ges avec coussin ou si\u00e8ge.<\/li>\n<li>Le porte-bagages frontal, id\u00e9al pour les bo\u00eetes, les colis et les sacs, mesure 34 x 18 cm, p\u00e8se 2 kg et peut transporter jusqu'\u00e0 20 kg.<\/li>\n<li>Ils sont tous deux compatibles avec la plupart des paniers \u00e0 conteneurs disponibles sur le march\u00e9.<\/li>\n<\/ul>\n<p>Une capacit\u00e9 de charge impressionnante pour un v\u00e9lo \u00e9lectrique con\u00e7u pour les d\u00e9placements en ville.<\/p>\n<p>&nbsp;<\/p>","protected":false},"excerpt":{"rendered":"<p>Compatibile con Ahooga Modular Il set portapacchi Full Rack trasforma la city bike Modular in una e-bike cargo light. Realizzato in alluminio 6061 T6 color canna di fucile, si installa facilmente con viti. Il robusto portapacchi posteriore misura 58 x 18cm, pesa solo 3kg e pu\u00f2 trasportare 50kg di carico. E&#8217; progettato per portare in [&hellip;]<\/p>\n","protected":false},"featured_media":92998,"comment_status":"closed","ping_status":"closed","template":"","meta":[],"product_brand":[],"product_cat":[78,73],"product_tag":[],"class_list":{"0":"post-4886","1":"product","2":"type-product","3":"status-publish","4":"has-post-thumbnail","6":"product_cat-ahooga-accessori","7":"product_cat-ahooga","8":"product_shipping_class-accessori","10":"first","11":"instock","12":"shipping-taxable","13":"purchasable","14":"product-type-simple"},"gallery_images":[92857,92858],"meta_box":{"short_name":"Set Portapacchi Full Rack Modular","marketing_name":"","motore_for_biciclette":[],"biciclette_id":"","consegna":"","configurator":[],"single_page_group":[],"catalog_group":[]},"_links":{"self":[{"href":"https:\/\/donnobikes.com\/fr\/wp-json\/wp\/v2\/product\/4886","targetHints":{"allow":["GET"]}}],"collection":[{"href":"https:\/\/donnobikes.com\/fr\/wp-json\/wp\/v2\/product"}],"about":[{"href":"https:\/\/donnobikes.com\/fr\/wp-json\/wp\/v2\/types\/product"}],"replies":[{"embeddable":true,"href":"https:\/\/donnobikes.com\/fr\/wp-json\/wp\/v2\/comments?post=4886"}],"wp:featuredmedia":[{"embeddable":true,"href":"https:\/\/donnobikes.com\/fr\/wp-json\/wp\/v2\/media\/92998"}],"wp:attachment":[{"href":"https:\/\/donnobikes.com\/fr\/wp-json\/wp\/v2\/media?parent=4886"}],"wp:term":[{"taxonomy":"product_brand","embeddable":true,"href":"https:\/\/donnobikes.com\/fr\/wp-json\/wp\/v2\/product_brand?post=4886"},{"taxonomy":"product_cat","embeddable":true,"href":"https:\/\/donnobikes.com\/fr\/wp-json\/wp\/v2\/product_cat?post=4886"},{"taxonomy":"product_tag","embeddable":true,"href":"https:\/\/donnobikes.com\/fr\/wp-json\/wp\/v2\/product_tag?post=4886"}],"curies":[{"name":"wp","href":"https:\/\/api.w.org\/{rel}","templated":true}]}}