{"id":50876,"date":"2022-02-02T10:44:38","date_gmt":"2022-02-02T09:44:38","guid":{"rendered":"https:\/\/donnobikes.com\/?post_type=product&#038;p=50876"},"modified":"2026-02-09T11:59:05","modified_gmt":"2026-02-09T10:59:05","slug":"chaine-antivol-abus-iven-8210","status":"publish","type":"product","link":"https:\/\/donnobikes.com\/fr\/produit\/chaine-antivol-abus-iven-8210\/","title":{"rendered":"Cha\u00eene de protection antivol 10"},"content":{"rendered":"<h3>Compatible avec tous les v\u00e9los<\/h3>\n<p>La cha\u00eene antivol 10, qui combine un antivol et une cha\u00eene, est un excellent choix pour s\u00e9curiser votre v\u00e9lo. La polyvalence de la cha\u00eene offre de nombreuses possibilit\u00e9s d'attacher le v\u00e9lo \u00e0 des objets fixes. Un v\u00e9lo ainsi attach\u00e9 ne peut pas \u00eatre simplement pris et emport\u00e9.<\/p>\n<ul>\n<li>Fabriqu\u00e9 en acier sp\u00e9cial c\u00e9ment\u00e9.<\/li>\n<li>Longueur 85 cm.<\/li>\n<li>Il s'agit d'une cha\u00eene \u00e0 section hexagonale de 8 mm recouverte de tissu.<\/li>\n<li>Le rev\u00eatement en tissu synth\u00e9tique robuste et flexible, associ\u00e9 \u00e0 la doublure souple du corps de verrouillage, \u00e9vite les rayures et les dommages \u00e0 la peinture du cadre.<\/li>\n<li>Lorsqu'il n'est pas utilis\u00e9, il peut \u00eatre transport\u00e9 pli\u00e9 de mani\u00e8re compacte autour de la tige de selle.<\/li>\n<\/ul>","protected":false},"excerpt":{"rendered":"<p>Compatibile con tutte le biciclette La catena antifurto 10, con la sua combinazione di lucchetto e catena \u00e8 una scelta eccellente quando si tratta di garantire la sicurezza della vostra bici. La versatilit\u00e0 della catena offre molti modi di bloccaggio della bicicletta ad oggetti fissi. Una bici fissata in questo modo non pu\u00f2 essere semplicemente [&hellip;]<\/p>\n","protected":false},"featured_media":92982,"comment_status":"closed","ping_status":"closed","template":"","meta":[],"product_brand":[],"product_cat":[23,643,644,642,654,652],"product_tag":[],"class_list":{"0":"post-50876","1":"product","2":"type-product","3":"status-publish","4":"has-post-thumbnail","6":"product_cat-accessori-vari","7":"product_cat-inbicy-flashswitch-sicurezza-e-protezione-della-bici","8":"product_cat-inbicy-supernova-sicurezza-e-protezione-della-bici","9":"product_cat-sicurezza-e-protezione-della-bici","10":"product_cat-taga-family-sicurezza-e-protezione-della-bici","11":"product_cat-yuba-kombi-db-sicurezza-e-protezione-della-bici","12":"product_shipping_class-accessori","14":"first","15":"instock","16":"shipping-taxable","17":"purchasable","18":"product-type-simple"},"gallery_images":[92983,92984],"meta_box":{"short_name":"","marketing_name":"","motore_for_biciclette":[],"biciclette_id":"","consegna":"","configurator":[],"single_page_group":[],"catalog_group":[]},"_links":{"self":[{"href":"https:\/\/donnobikes.com\/fr\/wp-json\/wp\/v2\/product\/50876","targetHints":{"allow":["GET"]}}],"collection":[{"href":"https:\/\/donnobikes.com\/fr\/wp-json\/wp\/v2\/product"}],"about":[{"href":"https:\/\/donnobikes.com\/fr\/wp-json\/wp\/v2\/types\/product"}],"replies":[{"embeddable":true,"href":"https:\/\/donnobikes.com\/fr\/wp-json\/wp\/v2\/comments?post=50876"}],"wp:featuredmedia":[{"embeddable":true,"href":"https:\/\/donnobikes.com\/fr\/wp-json\/wp\/v2\/media\/92982"}],"wp:attachment":[{"href":"https:\/\/donnobikes.com\/fr\/wp-json\/wp\/v2\/media?parent=50876"}],"wp:term":[{"taxonomy":"product_brand","embeddable":true,"href":"https:\/\/donnobikes.com\/fr\/wp-json\/wp\/v2\/product_brand?post=50876"},{"taxonomy":"product_cat","embeddable":true,"href":"https:\/\/donnobikes.com\/fr\/wp-json\/wp\/v2\/product_cat?post=50876"},{"taxonomy":"product_tag","embeddable":true,"href":"https:\/\/donnobikes.com\/fr\/wp-json\/wp\/v2\/product_tag?post=50876"}],"curies":[{"name":"wp","href":"https:\/\/api.w.org\/{rel}","templated":true}]}}