{"id":53917,"date":"2022-04-11T15:34:03","date_gmt":"2022-04-11T13:34:03","guid":{"rendered":"https:\/\/donnobikes.com\/?post_type=product&#038;p=53917"},"modified":"2025-02-27T16:44:13","modified_gmt":"2025-02-27T15:44:13","slug":"ahooga-urban","status":"publish","type":"product","link":"https:\/\/donnobikes.com\/fr\/produit\/ahooga-urban\/","title":{"rendered":"Ahooga Urban"},"content":{"rendered":"<h3><span style=\"font-size: 18.72px;\">V\u00e9lo \u00e9lectrique urbain puissant, \u00e0 vitesse unique et peu encombrant !<\/span><\/h3>\n<p><span style=\"font-size: 16px;\">L'Ahooga Urban est l'essence m\u00eame d'un v\u00e9lo de ville \u00e9lectrique, con\u00e7u pour les trajets urbains. Des trajets quotidiens pour se rendre au travail, une balade sympa entre amis ou pour faire du shopping. Un v\u00e9lo \u00e9lectrique hyper l\u00e9ger et design. Sans vitesses, pour ne pas avoir \u00e0 r\u00e9fl\u00e9chir et profiter de la balade. Avec un moteur puissant et une batterie longue dur\u00e9e que vous pouvez emporter partout pour la recharger. R\u00e9actif et avec la s\u00e9curit\u00e9 des freins hydrauliques. Une faible usure de la transmission et des co\u00fbts d'entretien r\u00e9duits. <\/span><\/p>\n<p><span style=\"font-size: 16px;\"><strong>Plus qu'\u00e9lectrique, hybride ! <\/strong><\/span><span style=\"font-size: 16px;\">Un coup de p\u00e9dale doux et souple, invitant \u00e0 l'utilisation hybride et prolongeant la dur\u00e9e de vie de la batterie. Car Urban est con\u00e7u pour offrir une exp\u00e9rience de conduite unique, m\u00eame sans assistance \u00e9lectrique. C'est \u00e0 vous de d\u00e9cider quelle source d'\u00e9nergie vous souhaitez utiliser, la v\u00f4tre ou celle du moteur. <\/span><\/p>\n<p><strong>Gagnez de la place avec Twistlock. <\/strong>Un v\u00e9lo \u00e9lectrique con\u00e7u pour la ville, o\u00f9 l'espace est compt\u00e9. Le syst\u00e8me Twistlock du guidon vous permet de le faire pivoter de 90 degr\u00e9s, r\u00e9duisant ainsi l'espace de stationnement du 60%. Vous pouvez le ranger pratiquement n'importe o\u00f9 : dans le couloir de votre appartement, au bureau ou dans le garage.<\/p>","protected":false},"excerpt":{"rendered":"<p>Moteur Aikema 250W - Batterie 400W\/h - Entra\u00eenement par cha\u00eene<\/p>","protected":false},"featured_media":93271,"comment_status":"open","ping_status":"closed","template":"","meta":[],"product_brand":[],"product_cat":[73,33,594,526],"product_tag":[69,36],"class_list":{"0":"post-53917","1":"product","2":"type-product","3":"status-publish","4":"has-post-thumbnail","6":"product_cat-ahooga","7":"product_cat-biciclette","8":"product_cat-catalogo","9":"product_cat-city-bike","10":"product_tag-city-bike","11":"product_tag-e-bike","12":"product_shipping_class-bicicletta","13":"pa_trasmissione-catena","14":"pa_trasmissione-cinghia","16":"first","17":"instock","18":"shipping-taxable","19":"purchasable","20":"product-type-variable","21":"has-default-attributes"},"gallery_images":[93269,93270],"meta_box":{"short_name":"","marketing_name":"AHOOGA URBAN","motore_for_biciclette":["92521"],"biciclette_id":"92519","consegna":"","configurator":[],"single_page_group":{"video_group":[{"link_video":"https:\/\/www.youtube.com\/watch?v=u-JzExcJNFY","title":"Vitesse unique, puissante et l\u00e9g\u00e8re","preheader":"Unisex e concepita per gli spazi urbani","preview":"93637"},{"link_video":"https:\/\/www.youtube.com\/watch?v=sHZzF8Al9sY","title":"Tout ce dont vous avez besoin dans un v\u00e9lo \u00e9lectrique !","preheader":"Ideale per grandi citt\u00e0 ma non solo","preview":"93638"},{"link_video":"https:\/\/www.youtube.com\/watch?v=WLI5RM-ed9c","title":"D\u00e9tails du style","preheader":"Panoramica live del design","preview":"93636"}],"galleria_fotografica":{"image":["92505","92506","92507","92508","92512","92510","92511","92509","92513"],"galleria_banner":["92514","93276","92515"]},"fotogallery_sync":"89769"},"catalog_group":{"quote":"1 COLORE \/ 4 VARIANTI","text":"Tutto ci\u00f2 di cui hai bisogno in una e-bike per un\u2019esperienza di guida unica in citt\u00e0 e non solo!","vuoi":"Una potente city bike elettrica, elegante e confortevole. La semplicit\u00e0 di una singola velocit\u00e0 con cui ti puoi concentrare sulla strada anzich\u00e9 sulla marcia giusta. Una bicicletta leggera che grazie al peso ridotto puoi pedalare senza sforzo anche senza assistenza elettrica!"}},"_links":{"self":[{"href":"https:\/\/donnobikes.com\/fr\/wp-json\/wp\/v2\/product\/53917","targetHints":{"allow":["GET"]}}],"collection":[{"href":"https:\/\/donnobikes.com\/fr\/wp-json\/wp\/v2\/product"}],"about":[{"href":"https:\/\/donnobikes.com\/fr\/wp-json\/wp\/v2\/types\/product"}],"replies":[{"embeddable":true,"href":"https:\/\/donnobikes.com\/fr\/wp-json\/wp\/v2\/comments?post=53917"}],"wp:featuredmedia":[{"embeddable":true,"href":"https:\/\/donnobikes.com\/fr\/wp-json\/wp\/v2\/media\/93271"}],"wp:attachment":[{"href":"https:\/\/donnobikes.com\/fr\/wp-json\/wp\/v2\/media?parent=53917"}],"wp:term":[{"taxonomy":"product_brand","embeddable":true,"href":"https:\/\/donnobikes.com\/fr\/wp-json\/wp\/v2\/product_brand?post=53917"},{"taxonomy":"product_cat","embeddable":true,"href":"https:\/\/donnobikes.com\/fr\/wp-json\/wp\/v2\/product_cat?post=53917"},{"taxonomy":"product_tag","embeddable":true,"href":"https:\/\/donnobikes.com\/fr\/wp-json\/wp\/v2\/product_tag?post=53917"}],"curies":[{"name":"wp","href":"https:\/\/api.w.org\/{rel}","templated":true}]}}