{"id":56149,"date":"2022-05-31T15:33:57","date_gmt":"2022-05-31T13:33:57","guid":{"rendered":"https:\/\/donnobikes.com\/?post_type=product&#038;p=56149"},"modified":"2026-02-07T16:06:46","modified_gmt":"2026-02-07T15:06:46","slug":"porte-bicyclette-arriere-2-places","status":"publish","type":"product","link":"https:\/\/donnobikes.com\/fr\/produit\/porte-bicyclette-arriere-2-places\/","title":{"rendered":"InBicy Porte-bagages arri\u00e8re 2 places"},"content":{"rendered":"<h3>Compatible avec tous les mod\u00e8les iO InBicy<\/h3>\n<p>Le InBicy Rear Rack 2 Seats est con\u00e7u pour \u00eatre l\u00e9ger tout en ayant une grande capacit\u00e9 de charge. Id\u00e9al pour le transport de deux passagers.<\/p>\n<ul>\n<li>Dimensions 70 x 16 x 26 cm.<\/li>\n<li>Poids 3,1 kg.<\/li>\n<li>Capacit\u00e9 de charge maximale 90 kg<\/li>\n<li>Fabriqu\u00e9 en tubes d'aluminium de 16 mm.<\/li>\n<li>Compatible avec la plupart des si\u00e8ges et coussins du march\u00e9.<\/li>\n<li>En l'absence de charge, un syst\u00e8me d'aimants exerce une pression constante pour \u00e9viter les bruits de frottement entre la cr\u00e9maill\u00e8re et le cadre.<\/li>\n<li>Gr\u00e2ce \u00e0 la technologie unique et brevet\u00e9e Flash Switch\u00ae, il peut \u00eatre facilement mis en place et retir\u00e9 en quelques secondes, sans aucun outil.<\/li>\n<\/ul>\n<p>Vous pouvez changer l'\u00e9quipement de votre iO InBicy plusieurs fois par jour sans perdre de temps. Une polyvalence qui facilite la vie !<\/p>","protected":false},"excerpt":{"rendered":"<p>Compatibile con tutti i modelli iO InBicy Il portapacchi Rear Rack 2 Seats InBicy \u00e8 stato progettato per garantire leggerezza ma grande capacit\u00e0 di carico. Ideale per il trasporto di due passeggeri. Dimensioni 70 x 16 x 26 cm. Peso 3.1 kg. Portata massima 90 kg Realizzato con tubi di alluminio da 16 mm. Compatibile [&hellip;]<\/p>\n","protected":false},"featured_media":90920,"comment_status":"closed","ping_status":"closed","template":"","meta":[],"product_brand":[],"product_cat":[140,136,641,639],"product_tag":[],"class_list":{"0":"post-56149","1":"product","2":"type-product","3":"status-publish","4":"has-post-thumbnail","6":"product_cat-inbicy-accessori","7":"product_cat-inbicy","8":"product_cat-inbicy-flashswitch-seduta-e-carico-posteriore-2","9":"product_cat-seduta-e-carico-posteriore-2","10":"product_shipping_class-accessori","12":"first","13":"instock","14":"shipping-taxable","15":"purchasable","16":"product-type-simple"},"gallery_images":[90919,90924,90921,90922,90930],"meta_box":{"short_name":"Portapacchi Rear Rack 2 Seats","marketing_name":"","motore_for_biciclette":[],"biciclette_id":"","consegna":"","configurator":[],"single_page_group":[],"catalog_group":[]},"_links":{"self":[{"href":"https:\/\/donnobikes.com\/fr\/wp-json\/wp\/v2\/product\/56149","targetHints":{"allow":["GET"]}}],"collection":[{"href":"https:\/\/donnobikes.com\/fr\/wp-json\/wp\/v2\/product"}],"about":[{"href":"https:\/\/donnobikes.com\/fr\/wp-json\/wp\/v2\/types\/product"}],"replies":[{"embeddable":true,"href":"https:\/\/donnobikes.com\/fr\/wp-json\/wp\/v2\/comments?post=56149"}],"wp:featuredmedia":[{"embeddable":true,"href":"https:\/\/donnobikes.com\/fr\/wp-json\/wp\/v2\/media\/90920"}],"wp:attachment":[{"href":"https:\/\/donnobikes.com\/fr\/wp-json\/wp\/v2\/media?parent=56149"}],"wp:term":[{"taxonomy":"product_brand","embeddable":true,"href":"https:\/\/donnobikes.com\/fr\/wp-json\/wp\/v2\/product_brand?post=56149"},{"taxonomy":"product_cat","embeddable":true,"href":"https:\/\/donnobikes.com\/fr\/wp-json\/wp\/v2\/product_cat?post=56149"},{"taxonomy":"product_tag","embeddable":true,"href":"https:\/\/donnobikes.com\/fr\/wp-json\/wp\/v2\/product_tag?post=56149"}],"curies":[{"name":"wp","href":"https:\/\/api.w.org\/{rel}","templated":true}]}}