{"id":56153,"date":"2022-05-31T15:35:39","date_gmt":"2022-05-31T13:35:39","guid":{"rendered":"https:\/\/donnobikes.com\/?post_type=product&#038;p=56153"},"modified":"2026-02-07T16:06:24","modified_gmt":"2026-02-07T15:06:24","slug":"les-sideloaders-de-linbicy","status":"publish","type":"product","link":"https:\/\/donnobikes.com\/fr\/produit\/les-sideloaders-de-linbicy\/","title":{"rendered":"Chargeurs de Sideload InBicy"},"content":{"rendered":"<h3>Compatible avec tous les mod\u00e8les iO InBicy<\/h3>\n<p>Les InBicy Sideloaders rendent le transport de passagers confortable. Ils sont \u00e9galement tr\u00e8s utiles comme base pour les grands sacs et les charges lat\u00e9rales \u00e0 fixer sur les barres de toit \u00e0 l'aide de sangles.<\/p>\n<ul>\n<li>Vendu par paire.<\/li>\n<li>Dimensions 37,5 x 13 x 3 cm chacune.<\/li>\n<li>Structure interne en acier et en aluminium 6061, tr\u00e8s robuste.<\/li>\n<li>Plate-forme en bois de 10 mm.<\/li>\n<li>Montage par vis, \u00e0 fixer sur le cadre du v\u00e9lo \u00e0 l'aide d'une cl\u00e9 hexagonale de 5 mm.<\/li>\n<\/ul>\n<p>&nbsp;<\/p>","protected":false},"excerpt":{"rendered":"<p>Compatibili con tutti i modelli iO InBicy Le sponde laterali Sideloaders InBicy rendono confortevole il trasporto di passeggeri. Sono molto utili anche come base di appoggio per grandi borse e carichi laterali da fissare al portapacchi con cinghie. Vendute in coppia. Dimensioni 37.5 x 13 x 3 cm ciascuna. Struttura interna in acciaio e alluminio [&hellip;]<\/p>\n","protected":false},"featured_media":90909,"comment_status":"closed","ping_status":"closed","template":"","meta":[],"product_brand":[],"product_cat":[140,136,641,640,639],"product_tag":[],"class_list":{"0":"post-56153","1":"product","2":"type-product","3":"status-publish","4":"has-post-thumbnail","6":"product_cat-inbicy-accessori","7":"product_cat-inbicy","8":"product_cat-inbicy-flashswitch-seduta-e-carico-posteriore-2","9":"product_cat-inbicy-supernova-seduta-e-carico-posteriore-2","10":"product_cat-seduta-e-carico-posteriore-2","11":"product_shipping_class-accessori","13":"first","14":"instock","15":"shipping-taxable","16":"purchasable","17":"product-type-simple"},"gallery_images":[90910,90912,90908,90907,90911],"meta_box":{"short_name":"Sponde laterali Sideloaders","marketing_name":"","motore_for_biciclette":[],"biciclette_id":"","consegna":"","configurator":[],"single_page_group":[],"catalog_group":[]},"_links":{"self":[{"href":"https:\/\/donnobikes.com\/fr\/wp-json\/wp\/v2\/product\/56153","targetHints":{"allow":["GET"]}}],"collection":[{"href":"https:\/\/donnobikes.com\/fr\/wp-json\/wp\/v2\/product"}],"about":[{"href":"https:\/\/donnobikes.com\/fr\/wp-json\/wp\/v2\/types\/product"}],"replies":[{"embeddable":true,"href":"https:\/\/donnobikes.com\/fr\/wp-json\/wp\/v2\/comments?post=56153"}],"wp:featuredmedia":[{"embeddable":true,"href":"https:\/\/donnobikes.com\/fr\/wp-json\/wp\/v2\/media\/90909"}],"wp:attachment":[{"href":"https:\/\/donnobikes.com\/fr\/wp-json\/wp\/v2\/media?parent=56153"}],"wp:term":[{"taxonomy":"product_brand","embeddable":true,"href":"https:\/\/donnobikes.com\/fr\/wp-json\/wp\/v2\/product_brand?post=56153"},{"taxonomy":"product_cat","embeddable":true,"href":"https:\/\/donnobikes.com\/fr\/wp-json\/wp\/v2\/product_cat?post=56153"},{"taxonomy":"product_tag","embeddable":true,"href":"https:\/\/donnobikes.com\/fr\/wp-json\/wp\/v2\/product_tag?post=56153"}],"curies":[{"name":"wp","href":"https:\/\/api.w.org\/{rel}","templated":true}]}}