{"id":56155,"date":"2022-05-31T15:39:01","date_gmt":"2022-05-31T13:39:01","guid":{"rendered":"https:\/\/donnobikes.com\/?post_type=product&#038;p=56155"},"modified":"2026-02-07T16:05:55","modified_gmt":"2026-02-07T15:05:55","slug":"corbeille-a-pain-maxi-inbicy","status":"publish","type":"product","link":"https:\/\/donnobikes.com\/fr\/produit\/corbeille-a-pain-maxi-inbicy\/","title":{"rendered":"Panier \u00e0 pain InBicy Maxi"},"content":{"rendered":"<h3>Compatible avec tous les mod\u00e8les iO InBicy<\/h3>\n<p>La corbeille \u00e0 pain InBicy a une grande capacit\u00e9 de charge. Elle est id\u00e9ale pour transporter des sacs, des sacs \u00e0 provisions, des sacs \u00e0 dos et toutes sortes d'autres objets.<\/p>\n<ul>\n<li>Dimensions : 42 x 39,5 x 23 cm.<\/li>\n<li>Poids 2,8 kg.<\/li>\n<li>Capacit\u00e9 de charge maximale de 25 kg.<\/li>\n<li>Fabriqu\u00e9 en tubes d'aluminium de 16 mm.<\/li>\n<li>\u00c9quip\u00e9 d'une plate-forme en bois de 10 mm d'\u00e9paisseur.<\/li>\n<li>Gr\u00e2ce \u00e0 la technologie unique et brevet\u00e9e Flash Switch\u00ae, il peut \u00eatre mis en place et retir\u00e9 en quelques secondes en tournant le volant de serrage, sans aucun outil.<\/li>\n<\/ul>\n<p>Changer l'\u00e9quipement de votre iO InBicy plusieurs fois par jour sans perdre de temps devient un jeu d'enfant. Une polyvalence qui facilite la vie !<\/p>","protected":false},"excerpt":{"rendered":"<p>Compatible avec tous les mod\u00e8les iO InBicy La corbeille \u00e0 pain InBicy a une grande capacit\u00e9 de charge. Elle est id\u00e9ale pour transporter des sacs, des sacs \u00e0 provisions, des sacs \u00e0 dos et toutes sortes d'objets. Dimensions 42 x 39,5 x 23 cm. Poids 2,8 kg. Capacit\u00e9 de charge maximale de 25 kg<\/p>","protected":false},"featured_media":90917,"comment_status":"closed","ping_status":"closed","template":"","meta":[],"product_brand":[],"product_cat":[140,635,136,637,636],"product_tag":[],"class_list":{"0":"post-56155","1":"product","2":"type-product","3":"status-publish","4":"has-post-thumbnail","6":"product_cat-inbicy-accessori","7":"product_cat-carico-anteriore","8":"product_cat-inbicy","9":"product_cat-inbicy-flashswitch","10":"product_cat-inbicy-supernova","11":"product_shipping_class-accessori","13":"first","14":"instock","15":"shipping-taxable","16":"purchasable","17":"product-type-simple"},"gallery_images":[90884,90888,90916,90915,90886,90885,90887],"meta_box":{"short_name":"Maxi Cesto Bread Basket","marketing_name":"","motore_for_biciclette":[],"biciclette_id":"","consegna":"","configurator":[],"single_page_group":[],"catalog_group":[]},"_links":{"self":[{"href":"https:\/\/donnobikes.com\/fr\/wp-json\/wp\/v2\/product\/56155","targetHints":{"allow":["GET"]}}],"collection":[{"href":"https:\/\/donnobikes.com\/fr\/wp-json\/wp\/v2\/product"}],"about":[{"href":"https:\/\/donnobikes.com\/fr\/wp-json\/wp\/v2\/types\/product"}],"replies":[{"embeddable":true,"href":"https:\/\/donnobikes.com\/fr\/wp-json\/wp\/v2\/comments?post=56155"}],"wp:featuredmedia":[{"embeddable":true,"href":"https:\/\/donnobikes.com\/fr\/wp-json\/wp\/v2\/media\/90917"}],"wp:attachment":[{"href":"https:\/\/donnobikes.com\/fr\/wp-json\/wp\/v2\/media?parent=56155"}],"wp:term":[{"taxonomy":"product_brand","embeddable":true,"href":"https:\/\/donnobikes.com\/fr\/wp-json\/wp\/v2\/product_brand?post=56155"},{"taxonomy":"product_cat","embeddable":true,"href":"https:\/\/donnobikes.com\/fr\/wp-json\/wp\/v2\/product_cat?post=56155"},{"taxonomy":"product_tag","embeddable":true,"href":"https:\/\/donnobikes.com\/fr\/wp-json\/wp\/v2\/product_tag?post=56155"}],"curies":[{"name":"wp","href":"https:\/\/api.w.org\/{rel}","templated":true}]}}