{"id":56317,"date":"2022-05-30T15:47:27","date_gmt":"2022-05-30T13:47:27","guid":{"rendered":"https:\/\/donnobikes.com\/?post_type=product&#038;p=56317"},"modified":"2024-03-06T13:00:08","modified_gmt":"2024-03-06T12:00:08","slug":"sac-de-transport-pour-velo-pliant","status":"publish","type":"product","link":"https:\/\/donnobikes.com\/fr\/produit\/sac-de-transport-pour-velo-pliant\/","title":{"rendered":"Sac de transport pour v\u00e9lo pliant"},"content":{"rendered":"<h3>Compatible avec toutes les plieuses Ahooga<\/h3>\n<p>Le sac de transport pour v\u00e9lo pliant produit par lamaki:lab est sp\u00e9cialement con\u00e7u pour les principales marques de v\u00e9los pliants avec des roues jusqu'\u00e0 20\u2033.<\/p>\n<ul>\n<li>Dimensions 82 x 32 x 67 cm.<\/li>\n<li>Poids : 1,3 kg.<\/li>\n<li>Fabriqu\u00e9 <span class=\"a-list-item\">Fabriqu\u00e9 en nylon de la plus haute qualit\u00e9, tissu Oxford 1680D.<\/span><\/li>\n<li><span class=\"a-list-item\">R\u00e9sistant \u00e0 la d\u00e9chirure.<\/span><\/li>\n<li><span class=\"a-list-item\">Il peut \u00eatre fix\u00e9 au guidon pendant le trajet, afin d'\u00eatre disponible en cas de besoin.<\/span><\/li>\n<li><span class=\"a-list-item\">La large bandouli\u00e8re renforc\u00e9e permet de transporter confortablement un v\u00e9lo pliant et de garder les mains libres sans salir les v\u00eatements.<\/span><\/li>\n<\/ul>","protected":false},"excerpt":{"rendered":"<p>Compatibile con tutte le pieghevoli Ahooga La borsa da trasporto per bici pieghevole prodotta da lamaki:lab \u00e8 sviluppata appositamente per i principali marchi di pieghevoli con ruote fino a 20&#8243;. Dimensioni 82 x 32 x 67 cm. Peso 1.3 kg. Realizzata in nylon di altissima qualit\u00e0, tessuto Oxford 1680D. Resistente agli strappi. Si pu\u00f2 fissare [&hellip;]<\/p>\n","protected":false},"featured_media":92846,"comment_status":"closed","ping_status":"closed","template":"","meta":[],"product_brand":[],"product_cat":[23],"product_tag":[88],"class_list":{"0":"post-56317","1":"product","2":"type-product","3":"status-publish","4":"has-post-thumbnail","6":"product_cat-accessori-vari","7":"product_tag-borsa","8":"product_shipping_class-accessori","10":"first","11":"instock","12":"shipping-taxable","13":"purchasable","14":"product-type-simple"},"gallery_images":[92847,92848,92849,92850],"meta_box":{"short_name":"Borsa da trasporto bici pieghevole","marketing_name":"","motore_for_biciclette":[],"biciclette_id":"","consegna":"","configurator":[],"single_page_group":[],"catalog_group":[]},"_links":{"self":[{"href":"https:\/\/donnobikes.com\/fr\/wp-json\/wp\/v2\/product\/56317","targetHints":{"allow":["GET"]}}],"collection":[{"href":"https:\/\/donnobikes.com\/fr\/wp-json\/wp\/v2\/product"}],"about":[{"href":"https:\/\/donnobikes.com\/fr\/wp-json\/wp\/v2\/types\/product"}],"replies":[{"embeddable":true,"href":"https:\/\/donnobikes.com\/fr\/wp-json\/wp\/v2\/comments?post=56317"}],"wp:featuredmedia":[{"embeddable":true,"href":"https:\/\/donnobikes.com\/fr\/wp-json\/wp\/v2\/media\/92846"}],"wp:attachment":[{"href":"https:\/\/donnobikes.com\/fr\/wp-json\/wp\/v2\/media?parent=56317"}],"wp:term":[{"taxonomy":"product_brand","embeddable":true,"href":"https:\/\/donnobikes.com\/fr\/wp-json\/wp\/v2\/product_brand?post=56317"},{"taxonomy":"product_cat","embeddable":true,"href":"https:\/\/donnobikes.com\/fr\/wp-json\/wp\/v2\/product_cat?post=56317"},{"taxonomy":"product_tag","embeddable":true,"href":"https:\/\/donnobikes.com\/fr\/wp-json\/wp\/v2\/product_tag?post=56317"}],"curies":[{"name":"wp","href":"https:\/\/api.w.org\/{rel}","templated":true}]}}