{"id":67362,"date":"2022-08-11T14:12:42","date_gmt":"2022-08-11T12:12:42","guid":{"rendered":"https:\/\/donnobikes.com\/?post_type=product&#038;p=67362"},"modified":"2026-02-09T10:04:29","modified_gmt":"2026-02-09T09:04:29","slug":"inbicy-kid-bars","status":"publish","type":"product","link":"https:\/\/donnobikes.com\/fr\/produit\/inbicy-kid-bars\/","title":{"rendered":"InBicy Kid Bars Long Rods"},"content":{"rendered":"<h3>Compatible avec tous les mod\u00e8les iO InBicy<\/h3>\n<p>Les InBicy Kid Bars sont un \u00e9l\u00e9ment de s\u00e9curit\u00e9 important pour le transport d'enfants de tous \u00e2ges. Elles constituent \u00e9galement un \u00e9l\u00e9ment de retenue pour le transport de charges de diff\u00e9rents types.<\/p>\n<ul>\n<li>Fabriqu\u00e9 \u00e0 partir de tubes en aluminium 6061 de 25 mm.<\/li>\n<li>Dimensions : 72 x 47 x 25 cm.<\/li>\n<li>Poids 3 kg.<\/li>\n<li>Le montage n\u00e9cessite le InBicy Rear Rack 2 Seat, vendu s\u00e9par\u00e9ment, auquel ils doivent \u00eatre fix\u00e9s \u00e0 l'aide de quatre vis de 6 mm.<\/li>\n<li>Des configurations d'accessoires peuvent \u00eatre mont\u00e9es \u00e0 l'int\u00e9rieur des barres selon les besoins : si\u00e8ges pour enfants, coussins, sacs.<\/li>\n<li>Lorsque les tiges sont mont\u00e9es sur le support, il n'est pas n\u00e9cessaire de les d\u00e9monter pour d\u00e9crocher et enlever le support.<\/li>\n<\/ul>\n<p>&nbsp;<\/p>","protected":false},"excerpt":{"rendered":"<p>Compatibili con tutti i modelli iO InBicy Le aste lunghe Kid Bars InBicy sono un elemento di sicurezza importante per il trasporto di bambini di ogni et\u00e0. Sono inoltre un elemento di contenimento per il trasporto di carichi di vario tipo. Realizzate con tubi di alluminio 6061 da 25 mm. Dimensioni 72 x 47 x [&hellip;]<\/p>\n","protected":false},"featured_media":90893,"comment_status":"closed","ping_status":"closed","template":"","meta":[],"product_brand":[],"product_cat":[140,136,641,640,639,651],"product_tag":[],"class_list":{"0":"post-67362","1":"product","2":"type-product","3":"status-publish","4":"has-post-thumbnail","6":"product_cat-inbicy-accessori","7":"product_cat-inbicy","8":"product_cat-inbicy-flashswitch-seduta-e-carico-posteriore-2","9":"product_cat-inbicy-supernova-seduta-e-carico-posteriore-2","10":"product_cat-seduta-e-carico-posteriore-2","11":"product_cat-yuba-kombi-db-seduta-e-carico-posteriore-2","12":"product_shipping_class-accessori","14":"first","15":"onbackorder","16":"shipping-taxable","17":"purchasable","18":"product-type-simple"},"gallery_images":[90895,90896,90894,90903,90897],"meta_box":{"short_name":"Aste Lunghe Kid Bars","marketing_name":"","motore_for_biciclette":[],"biciclette_id":"","consegna":"","configurator":[],"single_page_group":[],"catalog_group":[]},"_links":{"self":[{"href":"https:\/\/donnobikes.com\/fr\/wp-json\/wp\/v2\/product\/67362","targetHints":{"allow":["GET"]}}],"collection":[{"href":"https:\/\/donnobikes.com\/fr\/wp-json\/wp\/v2\/product"}],"about":[{"href":"https:\/\/donnobikes.com\/fr\/wp-json\/wp\/v2\/types\/product"}],"replies":[{"embeddable":true,"href":"https:\/\/donnobikes.com\/fr\/wp-json\/wp\/v2\/comments?post=67362"}],"wp:featuredmedia":[{"embeddable":true,"href":"https:\/\/donnobikes.com\/fr\/wp-json\/wp\/v2\/media\/90893"}],"wp:attachment":[{"href":"https:\/\/donnobikes.com\/fr\/wp-json\/wp\/v2\/media?parent=67362"}],"wp:term":[{"taxonomy":"product_brand","embeddable":true,"href":"https:\/\/donnobikes.com\/fr\/wp-json\/wp\/v2\/product_brand?post=67362"},{"taxonomy":"product_cat","embeddable":true,"href":"https:\/\/donnobikes.com\/fr\/wp-json\/wp\/v2\/product_cat?post=67362"},{"taxonomy":"product_tag","embeddable":true,"href":"https:\/\/donnobikes.com\/fr\/wp-json\/wp\/v2\/product_tag?post=67362"}],"curies":[{"name":"wp","href":"https:\/\/api.w.org\/{rel}","templated":true}]}}