{"id":68186,"date":"2022-08-18T12:39:29","date_gmt":"2022-08-18T10:39:29","guid":{"rendered":"https:\/\/donnobikes.com\/?post_type=product&#038;p=68186"},"modified":"2026-03-16T14:09:45","modified_gmt":"2026-03-16T13:09:45","slug":"yuba-mundo-ep8-donno-bikes-mod","status":"publish","type":"product","link":"https:\/\/donnobikes.com\/fr\/produit\/yuba-mundo-ep8-donno-bikes-mod\/","title":{"rendered":"Yuba Mundo EP8 Donno Bikes Mod"},"content":{"rendered":"<h2>Le monospace \u00e0 v\u00e9lo cargo avec turbo boost !<\/h2>\n<p>Le Yuba Mundo EP8 est le deux-roues qui ressemble le plus \u00e0 une fourgonnette. Avoir des enfants signifie devoir transporter beaucoup de choses, surtout lors des d\u00e9placements. Il n'est pas \u00e9tonnant que de nombreux parents pensent qu'ils doivent acheter un monospace. Yuba a d\u00e9velopp\u00e9 une alternative \u00e0 la pollution, un deux-roues durable et agr\u00e9able \u00e0 conduire. Le Mundo EP8 a assez d'espace pour deux enfants, des sacoches gigantesques et un moteur puissant pour vous amener \u00e0 destination sans stress. Et vos enfants pourront profiter de la balade d'une mani\u00e8re totalement diff\u00e9rente, plut\u00f4t que derri\u00e8re les vitres d'une voiture.<\/p>\n<p>Sa conception soign\u00e9e vous s\u00e9duira. Il poss\u00e8de toutes les caract\u00e9ristiques positives qu'un v\u00e9lo cargo devrait avoir, mais il est plus solide, plus facile \u00e0 conduire et plus robuste. Avec le Mundo EP8, vous n'avez pas besoin d'une deuxi\u00e8me voiture. Il est relativement long par rapport \u00e0 un longtail, mais ses 21 centim\u00e8tres suppl\u00e9mentaires de porte-bagages offrent un nombre incroyable de possibilit\u00e9s : aller au lac avec votre fils et un petit ami ? Aller chercher deux enfants \u00e0 l'\u00e9cole maternelle avec les courses de la semaine sur le porte-bagages ? La maman, le papa et l'enfant sur un seul v\u00e9lo ? Vous n'avez pas besoin d'une voiture familiale encombrante pour cela, mais seulement du Mundo EP8. Faites-en votre deuxi\u00e8me voiture, votre voiture de fonction, votre bus scolaire, votre chariot de supermarch\u00e9. Quelle que soit l'utilisation que vous ferez de votre v\u00e9lo cargo, Mundo changera votre vie !<\/p>\n<p class=\"textgame\">Le mod\u00e8le Yuba Mundo Shimano repr\u00e9sente l'apog\u00e9e de ce qui se fait de mieux. <strong>de<\/strong> notre engagement en faveur du v\u00e9lo cargo, o\u00f9 chaque bicyclette est con\u00e7ue pour la performance de l'homme et de l'environnement. <i>super charge<\/i>transporter facilement et en toute s\u00e9curit\u00e9 jusqu'\u00e0 250 kg<\/p>","protected":false},"excerpt":{"rendered":"<p>Moteur Shimano STePS EP800 - Couleur Gr\u00e8s<\/p>","protected":false},"featured_media":93118,"comment_status":"open","ping_status":"closed","template":"","meta":[],"product_brand":[],"product_cat":[621,622,623,33,624,626,594,524,21],"product_tag":[36],"class_list":{"0":"post-68186","1":"product","2":"type-product","3":"status-publish","4":"has-post-thumbnail","6":"product_cat-bici-da-carico","7":"product_cat-bici-da-trasporto","8":"product_cat-bici-per-trasporto-bambini","9":"product_cat-biciclette","10":"product_cat-cargo-bike","11":"product_cat-cargo-bike-elettrica","12":"product_cat-catalogo","13":"product_cat-full-size-cargo","14":"product_cat-yuba","15":"product_tag-e-bike","16":"product_shipping_class-bicicletta","18":"first","19":"outofstock","20":"shipping-taxable","21":"purchasable","22":"product-type-variable","23":"has-default-attributes"},"gallery_images":[93117,93116,93119],"meta_box":{"short_name":"","marketing_name":"YUBA MUNDO EP8","motore_for_biciclette":["91715"],"biciclette_id":"91718","consegna":"","configurator":[],"single_page_group":{"video_group":[{"link_video":"https:\/\/www.youtube.com\/watch?v=VS2899SAz_A","title":"Un v\u00e9lo cargo qui \u00e9largit vos horizons","preheader":"Supera i limiti di ci\u00f2 che avresti mai pensato una bicicletta potesse fare!","preview":"93611"},{"link_video":"https:\/\/www.youtube.com\/watch?v=O9S5HFqxBZY","title":"V\u00e9lo cargo par paire","preheader":"Niente bambini? Mundp EP8 pu\u00f2 portare fino a 3 adulti!","preview":"93614"},{"link_video":"https:\/\/www.youtube.com\/watch?v=kO_QAQGQ1oE","title":"D\u00e9couvrez toutes les caract\u00e9ristiques du plus grand v\u00e9lo cargo","preheader":"Una visione a 360* di Mundo EP8","preview":"93612"},{"link_video":"https:\/\/www.youtube.com\/watch?v=2F9voaJvCsQ","title":"Qu'est-ce que c'est que de rouler sur un v\u00e9lo cargo de grande taille ?","preheader":"Scopri com'\u00e8 l'esperienza di guida della cargo bike pi\u00f9 grande di Yuba","preview":"93613"}],"galleria_fotografica":{"image":["91725","91726","91727","91728","91729","91730","91731","91732","91733"],"galleria_banner":["91734","91735","91736","91737"]},"versatilita":{"title":"YUBA MUNDO EP8. NOUVELLE G\u00c9N\u00c9RATION D'E-BIKE U-TILITY.","desc":"Yuba Mundo EP8 combina la qualit\u00e0 Shimano a prestazioni di carico eccezionali. La versatilit\u00e0, la robustezza e la capacit\u00e0 di trasporto rendono questa full cargo e-bike uno straordinario sostituto dell'auto per le famiglie. Sebbene pi\u00f9 lunga di una normale bicicletta \u00e8 maneggevole, divertente e facile da guidare. La sua ampia gamma di accessori la rende perfettamente equipaggiata per la vita familiare in qualunque situazione quotidiana.","versatilita_group":[{"image":"93181","desc":"Senza accessori sembra una e-bike pi\u00f9 lunga del normale ma sono la facilit\u00e0 di guida e l'incredibile capacit\u00e0 di carico che la rendono unica."},{"image":"93182","desc":"Portapacchi da 97cm a cui agganciare grandi borse laterali e una borsa spesa nel cesto anteriore ne fanno una perfetta sostituta dell'automobile."},{"image":"93188","desc":"Compatible con Yepp, Qibbel e la maggior parte dei seggiolini disponibili sul mercato. La cargo bike \u00e8 progettata per portare due bambini in sicurezza."},{"image":"93185","desc":"Porta un bambino su un seggiolino e un secondo pi\u00f9 grande sul retro. Le aste di sicurezza sono facoltative ma assolutamente raccomandate."},{"image":"93184","desc":"Porta in sicurezza due bambini pi\u00f9 grandi. Le barre delle aste di sicurezza sono disegnate per sostenere, proteggere e far divertire i tuoi figli."},{"image":"93183","desc":"Trasporta uno o due passeggeri adulti. Le sponde laterali e le maniglie tra cui scegliere garantiscono comfort e appiglio sicuro durante la corsa."},{"image":"93186","desc":"Usa la cargo bike in qualunque condizione atmosferica, proteggendo il tuo carico. I tuoi passeggeri avranno sempre una vista panoramica."},{"image":"93187","desc":"Trasporta valigie fissandole con cinghie, fissa grandi borse laterali al portapacchi, e abbina una borsa a tracolla nel cesto. Fino a 250kg incluso il ciclista."},{"image":"89498"}]},"edition":"1"},"catalog_group":{"quote":"2 COLORI","text":"Il restyling dell\u2019intramontabile Mundo, diventa un minivan a due ruote dalla spinta turbo!","vuoi":"Una cargo bike elettrica in grado di unire tecnologia, migliore qualit\u00e0 di guida, pedalata fluida senza flessioni, un esclusivo telaio che assicuri di reggere bene sotto grandi carichi. Bella da guardare. Una cargo bike long tail di lusso!"}},"_links":{"self":[{"href":"https:\/\/donnobikes.com\/fr\/wp-json\/wp\/v2\/product\/68186","targetHints":{"allow":["GET"]}}],"collection":[{"href":"https:\/\/donnobikes.com\/fr\/wp-json\/wp\/v2\/product"}],"about":[{"href":"https:\/\/donnobikes.com\/fr\/wp-json\/wp\/v2\/types\/product"}],"replies":[{"embeddable":true,"href":"https:\/\/donnobikes.com\/fr\/wp-json\/wp\/v2\/comments?post=68186"}],"wp:featuredmedia":[{"embeddable":true,"href":"https:\/\/donnobikes.com\/fr\/wp-json\/wp\/v2\/media\/93118"}],"wp:attachment":[{"href":"https:\/\/donnobikes.com\/fr\/wp-json\/wp\/v2\/media?parent=68186"}],"wp:term":[{"taxonomy":"product_brand","embeddable":true,"href":"https:\/\/donnobikes.com\/fr\/wp-json\/wp\/v2\/product_brand?post=68186"},{"taxonomy":"product_cat","embeddable":true,"href":"https:\/\/donnobikes.com\/fr\/wp-json\/wp\/v2\/product_cat?post=68186"},{"taxonomy":"product_tag","embeddable":true,"href":"https:\/\/donnobikes.com\/fr\/wp-json\/wp\/v2\/product_tag?post=68186"}],"curies":[{"name":"wp","href":"https:\/\/api.w.org\/{rel}","templated":true}]}}