{"id":75932,"date":"2022-10-13T04:58:25","date_gmt":"2022-10-13T02:58:25","guid":{"rendered":"https:\/\/donnobikes.com\/?post_type=product&#038;p=75932"},"modified":"2026-03-16T14:10:28","modified_gmt":"2026-03-16T13:10:28","slug":"yuba-fastrack-donno-bikes-mod","status":"publish","type":"product","link":"https:\/\/donnobikes.com\/fr\/produit\/yuba-fastrack-donno-bikes-mod\/","title":{"rendered":"Yuba Fastrack Donno Bikes Mod"},"content":{"rendered":"<h3>Le v\u00e9lo \u00e9lectrique cargo avec un porte-bagages transformable !<\/h3>\n<p>Le Yuba Fastrack n'est pas seulement un compact, c'est \u00e0 la fois un v\u00e9lo \u00e9lectrique urbain et un v\u00e9lo cargo urbain. Son porte-bagages pliant int\u00e9gr\u00e9 s'adapte aux diff\u00e9rents besoins de transport en un seul clic, s'ouvrant et se fermant pour transformer le Fastrack d'un e-bike compact en un v\u00e9lo cargo mid-tail \u00e0 la vol\u00e9e.<\/p>\n<p><strong>Rack DRS (Dual Rack System). <\/strong>Ce v\u00e9ritable transformateur sur deux roues cache un petit cargo g\u00e9ant. Le transport d'objets volumineux et encombrants ne pose aucun probl\u00e8me, et les courses hebdomadaires deviennent un jeu d'enfant ! Le syst\u00e8me DRS offre quatre modes de transport int\u00e9gr\u00e9s d'une polyvalence sans pr\u00e9c\u00e9dent. Pour aller au travail avec les barres de toit rabattues, puis pour aller chercher les enfants avec les barres de toit comme repose-pieds ou pour aller au supermarch\u00e9 avec les barres de toit comme plateforme de chargement ? Pas de probl\u00e8me, le DRS change de position en quelques secondes ! La solution id\u00e9ale pour chaque charge est toujours disponible et ne doit \u00eatre utilis\u00e9e qu'en cas de besoin !<\/p>\n<p><strong>Gagner de l'espace.<\/strong> Dans les villes exigu\u00ebs, o\u00f9 le co\u00fbt des garages et des places de stationnement explose, il n'y a pas de prix \u00e0 transporter facilement son v\u00e9hicule dans les ascenseurs et les couloirs, en occupant un minimum d'espace de rangement. Et se garer chez soi reste le meilleur syst\u00e8me antivol ! Gr\u00e2ce aux petites roues int\u00e9gr\u00e9es dans son ch\u00e2ssis, le Yuba Fastrack peut \u00eatre transport\u00e9 verticalement et gar\u00e9 dans l'espace d'une biblioth\u00e8que Billy Ikea !<\/p>\n<p class=\"textgame\">Le Yuba Fastrack, notre <i>finale<\/i> dans cette cha\u00eene d'innovation, p\u00e9daler vers un avenir o\u00f9 chaque v\u00e9lo, <strong>comme une mosa\u00efque de durabilit\u00e9<\/strong>r\u00e9v\u00e8le une image plus large. Recueillir les pi\u00e8ces <strong>verts<\/strong> de notre histoire cycliste pour compl\u00e9ter le tableau<\/p>","protected":false},"excerpt":{"rendered":"<p>Moteur Shimano STePS E7000 - Couleur verte<\/p>","protected":false},"featured_media":93099,"comment_status":"open","ping_status":"closed","template":"","meta":[],"product_brand":[],"product_cat":[621,622,623,33,624,626,594,523,21],"product_tag":[18,36],"class_list":{"0":"post-75932","1":"product","2":"type-product","3":"status-publish","4":"has-post-thumbnail","6":"product_cat-bici-da-carico","7":"product_cat-bici-da-trasporto","8":"product_cat-bici-per-trasporto-bambini","9":"product_cat-biciclette","10":"product_cat-cargo-bike","11":"product_cat-cargo-bike-elettrica","12":"product_cat-catalogo","13":"product_cat-compact-cargo","14":"product_cat-yuba","15":"product_tag-cargo-bike","16":"product_tag-e-bike","17":"product_shipping_class-bicicletta","19":"first","20":"instock","21":"shipping-taxable","22":"purchasable","23":"product-type-variable","24":"has-default-attributes"},"gallery_images":[93098,93097,93095,93096],"meta_box":{"short_name":"","marketing_name":"YUBA FASTRACK","motore_for_biciclette":["91674"],"biciclette_id":"91665","consegna":"","configurator":[],"single_page_group":{"video_group":[{"link_video":"https:\/\/www.youtube.com\/watch?v=ExeYQaVon2I&list=PLy81_ZTJG-sDiNMZ-qHL6yB49NN2x9yKo&index=20","title":"D\u00e9couvrez le meilleur du tout nouveau v\u00e9lo \u00e9lectrique urbain de Yuba","preheader":"Panoramica delle caratteristiche speciali","preview":"91825"},{"link_video":"https:\/\/www.youtube.com\/watch?v=ztYqJC2uIcU&list=PLy81_ZTJG-sDiNMZ-qHL6yB49NN2x9yKo","title":"Des possibilit\u00e9s infinies pour vos besoins de chargement","preheader":"Un portapacchi non basta? Fastrack si fa in quattro!","preview":"91826"},{"link_video":"https:\/\/www.youtube.com\/watch?v=lgTjHjkAVf0&list=PLy81_ZTJG-sDiNMZ-qHL6yB49NN2x9yKo&index=4","title":"Fastrack Family Time","preheader":"Famiglia con uno o due bambini? Semplice con Fastrack","preview":"91827"},{"link_video":"https:\/\/www.youtube.com\/watch?v=alRlpOZ-TIs&list=PLy81_ZTJG-sDiNMZ-qHL6yB49NN2x9yKo&index=3","title":"Mode de vie Yuba Fastrack","preheader":"Una cargo e-bike pensata per la vita quotidiana","preview":"91828"},{"link_video":"https:\/\/www.youtube.com\/watch?v=KK2F6WcKObw&ab_channel=DonnoBikes","title":"Fastrack Family Time","preheader":"Cargo bike Yuba Fastrack e l'Avventura on the Road!","preview":"95900"}],"galleria_fotografica":{"image":["91681","91682","91683","91684","91685","91686","91687","91688","91689"],"galleria_banner":["91691","91692","91693","91830"]},"versatilita":{"title":"YUBA FASTRACK. NOUVELLE G\u00c9N\u00c9RATION DE V\u00c9LOS \u00c9LECTRIQUES U-TILITY.","desc":"Fastrack \u00e8 una e-bike cargo urbana di ultima generazione. Belle linee, colori trendy, potenza e capienza sono i suoi punti forti. In pi\u00f9, Yuba ha sviluppato un sistema di portapacchi che consente a Fastrack di adattarsi a qualsiasi tipo di carico. Il Dual Rack System (DRS) offre quattro modalit\u00e0 integrate di trasporto con una versatilit\u00e0 senza precedenti. La soluzione ideale per ogni  tipo di carico \u00e8 sempre a disposizione e da utilizzare solo quando serve.","versatilita_group":[{"image":"91696","desc":"Senza accessori sembra una normale e-bike ma dispone del portapacchi integrato in modalit\u00e0 Flat e la possibilit\u00e0 di parcheggio verticale."},{"image":"91697","desc":"In modalit\u00e0 Sideloader il portapacchi si apre in posizione bassa per portare i  passeggeri, offrendo comfort durante la corsa."},{"image":"91698","desc":"Porta un bambino su un seggiolino e un secondo pi\u00f9 grande sul retro. Le aste di sicurezza sono facoltative ma assolutamente raccomandate."},{"image":"91699","desc":"Compatible con Yepp, Qibbel e la maggior parte dei seggiolini disponibili sul mercato. La cargo bike \u00e8 progettata per portare due bambini in sicurezza."},{"image":"91700","desc":"In modalit\u00e0 Carry-On, portapacchi piatto aperto in posizione alta, porta  carichi larghi. Indispensabile l'uso di cinghie Cargo Straps per fissali."},{"image":"91701","desc":"In modalit\u00e0 Compact contiene il carico con sponde laterali. Per proteggere borse, cassette, pacchi e altri oggetti durante il trasporto."},{"image":"91702","desc":"Portapacchi da 83cm a cui agganciare enormi borse laterali e una borsa spesa nel cesto anteriore offrono una grande capacit\u00e0 di carico."},{"image":"91703","desc":"DRS Sling \u00e8 una doppia borsa che poggia lateralmente sul portapacchi aperto in basso. Solleva il portapacchi e DRS Sling si trasforma in una copertura per il carico."},{"image":"89498"}]},"edition":"1"},"catalog_group":{"quote":"3 COLORI","text":"Una cargo bike elettrica di grande impatto! Una trasformista con portapacchi integrato multifunzione.","vuoi":"Una e-bike piccola dai colori trendy, da manovrare con facilit\u00e0 in spazi stretti. Con la stessa capacit\u00e0 di carico di una cargo pi\u00f9 grande. Con un portapacchi integrato che si adatta al carico. La ciliegina sulla torta? Che occupi poco spazio perch\u00e9 pu\u00f2 essere parcheggiata verticalmente."}},"_links":{"self":[{"href":"https:\/\/donnobikes.com\/fr\/wp-json\/wp\/v2\/product\/75932","targetHints":{"allow":["GET"]}}],"collection":[{"href":"https:\/\/donnobikes.com\/fr\/wp-json\/wp\/v2\/product"}],"about":[{"href":"https:\/\/donnobikes.com\/fr\/wp-json\/wp\/v2\/types\/product"}],"replies":[{"embeddable":true,"href":"https:\/\/donnobikes.com\/fr\/wp-json\/wp\/v2\/comments?post=75932"}],"wp:featuredmedia":[{"embeddable":true,"href":"https:\/\/donnobikes.com\/fr\/wp-json\/wp\/v2\/media\/93099"}],"wp:attachment":[{"href":"https:\/\/donnobikes.com\/fr\/wp-json\/wp\/v2\/media?parent=75932"}],"wp:term":[{"taxonomy":"product_brand","embeddable":true,"href":"https:\/\/donnobikes.com\/fr\/wp-json\/wp\/v2\/product_brand?post=75932"},{"taxonomy":"product_cat","embeddable":true,"href":"https:\/\/donnobikes.com\/fr\/wp-json\/wp\/v2\/product_cat?post=75932"},{"taxonomy":"product_tag","embeddable":true,"href":"https:\/\/donnobikes.com\/fr\/wp-json\/wp\/v2\/product_tag?post=75932"}],"curies":[{"name":"wp","href":"https:\/\/api.w.org\/{rel}","templated":true}]}}