{"id":81324,"date":"2022-10-24T16:21:28","date_gmt":"2022-10-24T14:21:28","guid":{"rendered":"https:\/\/donnobikes.com\/?post_type=product&#038;p=81324"},"modified":"2025-06-13T13:04:51","modified_gmt":"2025-06-13T11:04:51","slug":"ahooga-modulaire","status":"publish","type":"product","link":"https:\/\/donnobikes.com\/fr\/produit\/ahooga-modulaire\/","title":{"rendered":"Ahooga Modulaire"},"content":{"rendered":"<h3>Une lampe modulaire City Cargo : trois v\u00e9los \u00e9lectriques en un !<\/h3>\n<p>Avec l'Ahooga Modular, vous disposez d'un v\u00e9lo robuste pour les trajets quotidiens, d'un v\u00e9lo \u00e9lectrique \u00e9l\u00e9gant pour le shopping et d'un v\u00e9lo cargo compact pour transporter les enfants et les courses. Ne vous fiez pas \u00e0 sa silhouette. Une fois \u00e9quip\u00e9, le Modular transporte un nombre impressionnant de kilos. En ajoutant les porte-bagages, vous pouvez transporter plus de 30 kg \u00e0 l'arri\u00e8re et 20 kg \u00e0 l'avant. Si vous retirez les porte-bagages, le Modular redevient un v\u00e9lo \u00e9lectrique \u00e9l\u00e9gant et compact.<\/p>\n<p><strong>Deux variantes.<\/strong> Disponible en deux variantes, cadre haut ou bas pour faciliter la mise en selle, l'Ahooga Modular est con\u00e7u pour la vie urbaine tr\u00e9pidante. De nos jours, faire les courses, emmener les enfants \u00e0 l'\u00e9cole et apr\u00e8s l'\u00e9cole, aller \u00e0 la salle de sport et bien d'autres choses encore, font partie des d\u00e9placements quotidiens de chacun.<\/p>\n<p><strong>Peu encombrant.<\/strong> Ahooga Modular, con\u00e7u pour les espaces urbains, est dot\u00e9 d'un syst\u00e8me de gain de place. En tournant le guidon avec le syst\u00e8me Twistlock et en d\u00e9vissant les p\u00e9dales, le v\u00e9lo prend 65% de place en moins. Il est \u00e9galement l\u00e9ger. Vous pouvez le ranger facilement et en toute s\u00e9curit\u00e9 dans le couloir, le bureau ou le garage.<\/p>\n<p class=\"textgame\">Ahooga Modular est le r\u00e9sultat de notre recherche continue, poussant \u00e0 l'innovation. <strong>avant<\/strong> les limites de la conception de la <i>petit g\u00e9nie <\/i>de compacit\u00e9 et de portabilit\u00e9, semblables aux qualit\u00e9s des bicyclettes de la s\u00e9rie E.<\/p>\n<p>&nbsp;<\/p>","protected":false},"excerpt":{"rendered":"<p>Moteur Aikema 250W - Ch\u00e2ssis \u00e0 haut barillet<\/p>","protected":false},"featured_media":93279,"comment_status":"open","ping_status":"closed","template":"","meta":[],"product_brand":[],"product_cat":[73,33,594,526],"product_tag":[18,69,36],"class_list":{"0":"post-81324","1":"product","2":"type-product","3":"status-publish","4":"has-post-thumbnail","6":"product_cat-ahooga","7":"product_cat-biciclette","8":"product_cat-catalogo","9":"product_cat-city-bike","10":"product_tag-cargo-bike","11":"product_tag-city-bike","12":"product_tag-e-bike","13":"product_shipping_class-bicicletta","14":"pa_canna-low-step","15":"pa_canna-unisex","17":"first","18":"outofstock","19":"shipping-taxable","20":"purchasable","21":"product-type-simple"},"gallery_images":[93320],"meta_box":{"short_name":"","marketing_name":"AHOOGA MODULAR","motore_for_biciclette":["92530"],"biciclette_id":"92531","consegna":"","configurator":[],"single_page_group":{"video_group":[{"link_video":"https:\/\/www.youtube.com\/watch?v=fAF_1p2vfxc","title":"Des d\u00e9tails qui font la diff\u00e9rence","preheader":"Panoramica delle caratteristiche speciali","preview":"93634"},{"link_video":"https:\/\/www.youtube.com\/watch?v=mVHyuFvtAxA","title":"Mode de vie modulaire","preheader":"Una city cargo bike light per la vita moderna!","preview":"93635"},{"link_video":"https:\/\/www.youtube.com\/watch?v=dSLc4UAVH8o","title":"Mot d'ordre : visibilit\u00e9 !","preheader":"Scopri com'\u00e8 guidare una Ahooga Modular di notte","preview":"93630"},{"link_video":"https:\/\/www.youtube.com\/watch?v=mhzjlvJykiY","title":"Ahooga Modular | Toutes les caract\u00e9ristiques","preheader":"Una City Cargo light modulare: tre e-bike in una!","preview":"94225"},{"link_video":"https:\/\/www.youtube.com\/watch?v=R8NESZ3zWTI","title":"Ahooga modulaire \u00e0 canon haut","preview":"94227"}],"galleria_fotografica":{"image":["92536","92537","92538","92539","92540","92541","92542","92543","92544"],"galleria_banner":["92532","92533","92534","92535"]},"versatilita":{"title":"AHOOGA MODULAR. NOUVELLE G\u00c9N\u00c9RATION D'E-BIKE U-TILITY.","desc":"Ahooga Modular \u00e8 una e-bike ideale per single e pendolari ma, grazie ai suoi accessori, \u00e8 perfetta anche come cargo bike light per famiglie. Combina linee grintose e moderne, versatilit\u00e0 e qualit\u00e0 ad un prezzo vantaggioso. Ahooga ha racchiuso in questa city bike a pedalata assistita tutte le caratteristiche per soddisfare le esigenze di chi usa la bicicletta da solo e per chi ha necessit\u00e0 di trasportare piccoli carichi e bambini. Una bicicletta che rester\u00e0 in famiglia molto a lungo adattandosi alle tue circostanze.","versatilita_group":[{"image":"92707","desc":"Senza accessori \u00e8 una e-bike agile e scattante che si differenzia per leggerezza e manubrio Twistlock per parcheggiare in pochissimo spazio."},{"image":"92710","desc":"Portapacchi anteriore con portata fino a 20kg per agganciare cestini e borsa spesa, ideale per chi non ha bisogno di trasportare grandi carichi n\u00e8 passeggeri."},{"image":"92711","desc":"Portapacchi posteriore per carichi fino a 50kg, compatibile con vari cestini contenitori presenti sul mercato come Thule. "},{"image":"92708","desc":"Compatible con Yepp, Qibbel e la maggior parte dei seggiolini disponibili sul mercato. La cargo-light bike \u00e8 progettata per portare i bambini in sicurezza."},{"image":"92706","desc":"Porta un bambino pi\u00f9 grande sul portapacchi posteriore. Con il cesto anteriore hai ancora notevole capacit\u00e0 di carico."},{"image":"92705","desc":"Porta in sicurezza due bambini pi\u00f9 grandi. Modular \u00e8 compatibile con le aste di sicurezza Yuba Kombi per proteggere i bambini."},{"image":"93277","desc":"Trasporta un animale domestico di piccola taglia. Il trasportino da bicicletta garantisce sicurezza\r\ndurante la corsa."},{"image":"92709","desc":"Porta casse di bibite, pacchi e altri carichi. Con il set completo di portapacchi pu\u00f2 trasportare fino a 70kg, da assicurare con cinghie."},{"image":"89498"}]},"edition":"0"},"catalog_group":{"quote":"3 COLORI \/ 2 VARIANTI","text":"La pi\u00f9 piccola delle compatte, una city cargo light modulare che \u00e8 tre biciclette elettriche in una!","vuoi":"Una grintosa e-bike da pendolare, una elegante city bike elettrica per fare shopping e una cargo bike per trasportare tutto quello che serve. Ideale per single ma anche per la famiglia grazie ai portapacchi che si possono aggiungere, accessoriare e rimuovere in base alle esigenze. "}},"_links":{"self":[{"href":"https:\/\/donnobikes.com\/fr\/wp-json\/wp\/v2\/product\/81324","targetHints":{"allow":["GET"]}}],"collection":[{"href":"https:\/\/donnobikes.com\/fr\/wp-json\/wp\/v2\/product"}],"about":[{"href":"https:\/\/donnobikes.com\/fr\/wp-json\/wp\/v2\/types\/product"}],"replies":[{"embeddable":true,"href":"https:\/\/donnobikes.com\/fr\/wp-json\/wp\/v2\/comments?post=81324"}],"wp:featuredmedia":[{"embeddable":true,"href":"https:\/\/donnobikes.com\/fr\/wp-json\/wp\/v2\/media\/93279"}],"wp:attachment":[{"href":"https:\/\/donnobikes.com\/fr\/wp-json\/wp\/v2\/media?parent=81324"}],"wp:term":[{"taxonomy":"product_brand","embeddable":true,"href":"https:\/\/donnobikes.com\/fr\/wp-json\/wp\/v2\/product_brand?post=81324"},{"taxonomy":"product_cat","embeddable":true,"href":"https:\/\/donnobikes.com\/fr\/wp-json\/wp\/v2\/product_cat?post=81324"},{"taxonomy":"product_tag","embeddable":true,"href":"https:\/\/donnobikes.com\/fr\/wp-json\/wp\/v2\/product_tag?post=81324"}],"curies":[{"name":"wp","href":"https:\/\/api.w.org\/{rel}","templated":true}]}}