{"id":8239,"date":"2020-03-24T19:16:42","date_gmt":"2020-03-24T18:16:42","guid":{"rendered":"https:\/\/donnobikes.com\/?post_type=product&#038;p=8239"},"modified":"2025-02-27T16:44:13","modified_gmt":"2025-02-27T15:44:13","slug":"supercargo-de-yuba","status":"publish","type":"product","link":"https:\/\/donnobikes.com\/fr\/produit\/supercargo-de-yuba\/","title":{"rendered":"Yuba Supercargo"},"content":{"rendered":"<h3>Bien plus qu'un deux-roues !<\/h3>\n<p>Le Yuba Supercargo est un v\u00e9lo cargo long john, c'est-\u00e0-dire avec une zone de chargement avant. De plus en plus populaire en Italie, cet incroyable mod\u00e8le de v\u00e9lo cargo est id\u00e9al pour les petites et grandes familles, ainsi que pour les entreprises qui souhaitent transporter des charges volumineuses sur de courtes distances d'une mani\u00e8re \u00e9cologique et durable.<\/p>\n<p><strong>Agile et sportive en ville.<\/strong> Le Yuba Supercargo est vraiment rapide et maniable, m\u00eame lorsqu'il est \u00e9quip\u00e9 de la caisse avant et de passagers \u00e0 bord. Son secret est la direction \u00e0 double c\u00e2ble, sensible et r\u00e9active \u00e0 la moindre man\u0153uvre de direction, et le centre de gravit\u00e9 bas garanti par la taille des roues. La selle et le guidon de type VTT garantissent une conduite sportive et agile.<\/p>\n<p class=\"textgame\">Le Yuba Supercargo transforme chaque voyage en aventure <i>\u00e9pic\u00e9<\/i>red\u00e9finir la <strong>cyclisme<\/strong> durable gr\u00e2ce \u00e0 sa capacit\u00e9 exceptionnelle et \u00e0 sa conception innovante<\/p>\n<p><strong>Le style et le plaisir au quotidien.<\/strong> Sortir avec Supercargo rend tout plus amusant. Aller \u00e0 l'\u00e9cole ou au jardin d'enfants avec Supercargo rendra les enfants heureux, et rouler avec Supercargo attirera \u00e0 coup s\u00fbr l'attention ! Qu'il s'agisse de faire les courses ou de charger tout ce qu'il faut pour un barbecue dans le parc, ou un sac, un sac \u00e0 dos et une tente pour une randonn\u00e9e, le style de ce v\u00e9lo cargo rendra vos enfants fous de joie et vous permettra de les garder sous contr\u00f4le pendant la balade.<\/p>\n<p><strong>Apportez tout ce que vous voulez.<\/strong> En ce qui concerne le transport, le Yuba Supercargo est tr\u00e8s flexible. Non seulement vous pouvez choisir entre deux types de conteneurs frontaux pour transporter des passagers et toutes sortes de marchandises, mais si vous avez besoin de transporter quelque chose d'encombrant, vous pouvez utiliser la base sans bo\u00eete avec des sangles pour s\u00e9curiser la charge.<\/p>","protected":false},"excerpt":{"rendered":"<p>Couleur Gris Gunmetal<\/p>","protected":false},"featured_media":93431,"comment_status":"open","ping_status":"closed","template":"","meta":[],"product_brand":[],"product_cat":[621,622,623,33,592,624,21],"product_tag":[65],"class_list":{"0":"post-8239","1":"product","2":"type-product","3":"status-publish","4":"has-post-thumbnail","6":"product_cat-bici-da-carico","7":"product_cat-bici-da-trasporto","8":"product_cat-bici-per-trasporto-bambini","9":"product_cat-biciclette","10":"product_cat-biciclette-muscolari","11":"product_cat-cargo-bike","12":"product_cat-yuba","13":"product_tag-muscolare","14":"product_shipping_class-bicicletta","16":"first","17":"outofstock","18":"shipping-taxable","19":"purchasable","20":"product-type-variable","21":"has-default-attributes"},"gallery_images":[93430,93429],"meta_box":{"short_name":"","marketing_name":"YUBA SUPERCARGO","motore_for_biciclette":[],"biciclette_id":"93126","consegna":"","configurator":[],"single_page_group":{"video_group":[{"link_video":"https:\/\/www.youtube.com\/watch?v=nZb2InxVYZ0","title":"D\u00e9couvrez ce que vous pouvez faire avec un v\u00e9lo cargo long john !","preheader":"Trasporta comodamente bambini, animali domestici  tutto quello che serve","preview":"93603"}],"galleria_fotografica":{"image":["93417","93418","93419","93420","93421","93422","93423","93424","93425"],"galleria_banner":["93413","93414","93415","93416"]},"versatilita":{"title":"YUBA SUPERCARGO. V\u00c9LO UTILITAIRE DE NOUVELLE G\u00c9N\u00c9RATION.","desc":"Yuba Supercargo combina prestazioni di carico straordinarie con versatilit\u00e0 e robustezza. Il carico frontale mantiene la cargo bike sorprendentemente facile da guidare nonostante le dimensioni. La sua gamma di accessori la rende ideale per le attivit\u00e0 professionali che hanno esigenze di trasporto locale. La possibilit\u00e0 di scegliere tra sedute posizionate sul fronte o il classico trasporto sul portapacchi la rende perfetta per famiglie.","versatilita_group":[{"image":"93203","desc":"Senza accessori sembra una normale front cargo bike ma sono la facilit\u00e0 di guida e l'incredibile capacit\u00e0 di carico che la rendono unica."},{"image":"93207","desc":"Trasporta qualunque di carico con la Base Board. Pu\u00f2 portare cassette, pacchi e tutto quanto richieda una superficie piana e solida."},{"image":"93202","desc":"Trasporta in sicurezza i tuoi carichi all'interno del robusto ed elegante Bamboo Box. Per il montaggio \u00e8 necessaria la Base Board."},{"image":"93200","desc":"Trasporta due bambini in sicurezza dentro al Bamboo Box. Sono necessari il kit seduta e il seggiolino 2b3. "},{"image":"93201","desc":"Compatibile con seggiolino Thule Yepp Maxi Easy Fit. Trasporta un secondo bambino nel Bamboo Box e rimane spazio per tutto il carico che serve."},{"image":"93206","desc":"Trasporta in sicurezza i tuoi carichi all'interno dell'Open Loader in tessuto. Per il montaggio \u00e8 necessaria la Base Board."},{"image":"93205","desc":"Trasporta due bambini aggiungendo il kit seduta e il seggiolino 2b3. Le cinture integrate garantiscono la sicurezza durante la corsa."},{"image":"93204","desc":"Usa la cargo bike in qualunque condizione atmosferica, proteggendo il tuo carico. I tuoi passeggeri avranno sempre una vista panoramica."},{"image":"89498"}]},"fotogallery_sync":"92225"},"catalog_group":{"quote":"2 COLORI","text":"Molto pi\u00f9 di una due ruote. Una cargo bike per il lavoro e grandi famiglie che viaggiano insieme!","vuoi":"Una bicicletta che si comporti bene in ogni circostanza. Una guida sportiva e confortevole, incredibilmente fluida, pi\u00f9 maneggevole e stabile di quel che pensi, con enorme capacit\u00e0 di carico e tanti accessori tra cui scegliere!"}},"_links":{"self":[{"href":"https:\/\/donnobikes.com\/fr\/wp-json\/wp\/v2\/product\/8239","targetHints":{"allow":["GET"]}}],"collection":[{"href":"https:\/\/donnobikes.com\/fr\/wp-json\/wp\/v2\/product"}],"about":[{"href":"https:\/\/donnobikes.com\/fr\/wp-json\/wp\/v2\/types\/product"}],"replies":[{"embeddable":true,"href":"https:\/\/donnobikes.com\/fr\/wp-json\/wp\/v2\/comments?post=8239"}],"wp:featuredmedia":[{"embeddable":true,"href":"https:\/\/donnobikes.com\/fr\/wp-json\/wp\/v2\/media\/93431"}],"wp:attachment":[{"href":"https:\/\/donnobikes.com\/fr\/wp-json\/wp\/v2\/media?parent=8239"}],"wp:term":[{"taxonomy":"product_brand","embeddable":true,"href":"https:\/\/donnobikes.com\/fr\/wp-json\/wp\/v2\/product_brand?post=8239"},{"taxonomy":"product_cat","embeddable":true,"href":"https:\/\/donnobikes.com\/fr\/wp-json\/wp\/v2\/product_cat?post=8239"},{"taxonomy":"product_tag","embeddable":true,"href":"https:\/\/donnobikes.com\/fr\/wp-json\/wp\/v2\/product_tag?post=8239"}],"curies":[{"name":"wp","href":"https:\/\/api.w.org\/{rel}","templated":true}]}}