{"id":8517,"date":"2020-03-24T18:30:44","date_gmt":"2020-03-24T17:30:44","guid":{"rendered":"https:\/\/donnobikes.com\/product\/zashhitnaya-zashhitnaya-shapochka-thudguard-dlya-mladenczev\/"},"modified":"2024-03-06T13:00:11","modified_gmt":"2024-03-06T12:00:11","slug":"casque-pour-enfants-thudguard","status":"publish","type":"product","link":"https:\/\/donnobikes.com\/fr\/produit\/casque-pour-enfants-thudguard\/","title":{"rendered":"Casque de s\u00e9curit\u00e9 Thudguard pour enfants"},"content":{"rendered":"<h3>Recommand\u00e9 pour les enfants de 0 \u00e0 2 ans<\/h3>\n<p>Le casque Thudguard pour enfants est l\u00e9ger, robuste et confortable. Il est id\u00e9al pour les enfants cyclistes jusqu'\u00e0 l'\u00e2ge o\u00f9 ils peuvent porter un casque de v\u00e9lo. Con\u00e7u pour absorber les chocs, tels que le choc de la t\u00eate contre le si\u00e8ge du v\u00e9lo, et pour r\u00e9duire l'impact d'une chute, le casque a \u00e9t\u00e9 test\u00e9 et approuv\u00e9 par des experts m\u00e9dicaux et des sp\u00e9cialistes des situations d'urgence.<\/p>\n<ul>\n<li>Fabriqu\u00e9 en mousse ultra-l\u00e9g\u00e8re pour \u00e9viter toute pression sur le cou de l'enfant.<\/li>\n<li>Taille unique (16\u2033 de circonf\u00e9rence plus 4\u2033 fournis par l'\u00e9lastique).<\/li>\n<li>Il est dot\u00e9 d'une mentonni\u00e8re \u00e9lastique souple et r\u00e9glable.<\/li>\n<li>Les trous \u00e0 l'int\u00e9rieur sont id\u00e9aux pour la respirabilit\u00e9. L<span class=\"elementor-icon-list-text\">La t\u00eate est ventil\u00e9e et ne transpire pas.<\/span><\/li>\n<\/ul>","protected":false},"excerpt":{"rendered":"<p>Consigliato da 0 a 2 anni Il casco per bambini Thudguard \u00e8 leggero, robusto e confortevole. L&#8217;ideale per portare i bambini in bicicletta fino all&#8217;et\u00e0 in cui potranno portare il casco da bici. Progettato per assorbire gli urti, come sbattere la testa contro il seggiolino della bici, e ridurre l&#8217;impatto di una caduta,\u00a0 Il casco [&hellip;]<\/p>\n","protected":false},"featured_media":92974,"comment_status":"closed","ping_status":"closed","template":"","meta":[],"product_brand":[],"product_cat":[23],"product_tag":[],"class_list":{"0":"post-8517","1":"product","2":"type-product","3":"status-publish","4":"has-post-thumbnail","6":"product_cat-accessori-vari","7":"product_shipping_class-accessori","9":"first","10":"instock","11":"shipping-taxable","12":"purchasable","13":"product-type-simple"},"gallery_images":[92972,92973],"meta_box":{"short_name":"","marketing_name":"","motore_for_biciclette":[],"biciclette_id":"","consegna":"","configurator":[],"single_page_group":[],"catalog_group":[]},"_links":{"self":[{"href":"https:\/\/donnobikes.com\/fr\/wp-json\/wp\/v2\/product\/8517","targetHints":{"allow":["GET"]}}],"collection":[{"href":"https:\/\/donnobikes.com\/fr\/wp-json\/wp\/v2\/product"}],"about":[{"href":"https:\/\/donnobikes.com\/fr\/wp-json\/wp\/v2\/types\/product"}],"replies":[{"embeddable":true,"href":"https:\/\/donnobikes.com\/fr\/wp-json\/wp\/v2\/comments?post=8517"}],"wp:featuredmedia":[{"embeddable":true,"href":"https:\/\/donnobikes.com\/fr\/wp-json\/wp\/v2\/media\/92974"}],"wp:attachment":[{"href":"https:\/\/donnobikes.com\/fr\/wp-json\/wp\/v2\/media?parent=8517"}],"wp:term":[{"taxonomy":"product_brand","embeddable":true,"href":"https:\/\/donnobikes.com\/fr\/wp-json\/wp\/v2\/product_brand?post=8517"},{"taxonomy":"product_cat","embeddable":true,"href":"https:\/\/donnobikes.com\/fr\/wp-json\/wp\/v2\/product_cat?post=8517"},{"taxonomy":"product_tag","embeddable":true,"href":"https:\/\/donnobikes.com\/fr\/wp-json\/wp\/v2\/product_tag?post=8517"}],"curies":[{"name":"wp","href":"https:\/\/api.w.org\/{rel}","templated":true}]}}