{"id":87878,"date":"2023-02-14T09:36:08","date_gmt":"2023-02-14T08:36:08","guid":{"rendered":"https:\/\/donnobikes.com\/?post_type=product&#038;p=87878"},"modified":"2026-02-07T16:05:06","modified_gmt":"2026-02-07T15:05:06","slug":"sac-a-provisions-xlc","status":"publish","type":"product","link":"https:\/\/donnobikes.com\/fr\/produit\/sac-a-provisions-xlc\/","title":{"rendered":"Sac \u00e0 provisions XLC BA-S89"},"content":{"rendered":"<h3>Compatible avec tous les v\u00e9los Donno<\/h3>\n<p>Le sac XLC Bag BA S-89 est tr\u00e8s spacieux et durable, id\u00e9al pour transporter des effets personnels, des courses et des achats quotidiens. <span class=\"addReadMore showlesscontent\">Les deux poign\u00e9es vous permettent de le transporter confortablement dans le supermarch\u00e9, puis de l'attacher simplement au porte-v\u00e9los \u00e0 l'aide du crochet et de la bande Velcro fournis.<\/span><\/p>\n<ul>\n<li>Fabriqu\u00e9 en polyester imperm\u00e9able.<\/li>\n<li>Dimensions : 34 x 15 x 36 cm.<\/li>\n<li>Poids : 1,2 kg.<\/li>\n<li>Il dispose d'un compartiment principal et d'une poche suppl\u00e9mentaire.<\/li>\n<li><span id=\"desc\" class=\"addReadMore showlesscontent\">Le logo r\u00e9fl\u00e9chissant assure la visibilit\u00e9 dans des conditions de faible luminosit\u00e9.<\/span><\/li>\n<\/ul>","protected":false},"excerpt":{"rendered":"<p>Compatibile con tutte le biciclette Donno Bikes La borsa shopping XLC Bag BA S-89, \u00e8 molto spaziosa e resistente, ideale per portare effetti personali, compere e la spesa quotidiana. Le due maniglie consentono di trasportarla comodamente attraverso il supermercato e poi semplicemente fissarla al portapacchi della bicicletta, con il gancio e il nastro di velcro [&hellip;]<\/p>\n","protected":false},"featured_media":92946,"comment_status":"closed","ping_status":"closed","template":"","meta":[],"product_brand":[],"product_cat":[23,641,640,639],"product_tag":[88],"class_list":{"0":"post-87878","1":"product","2":"type-product","3":"status-publish","4":"has-post-thumbnail","6":"product_cat-accessori-vari","7":"product_cat-inbicy-flashswitch-seduta-e-carico-posteriore-2","8":"product_cat-inbicy-supernova-seduta-e-carico-posteriore-2","9":"product_cat-seduta-e-carico-posteriore-2","10":"product_tag-borsa","11":"product_shipping_class-accessori","13":"first","14":"instock","15":"shipping-taxable","16":"purchasable","17":"product-type-simple"},"gallery_images":[92947,92948,92949],"meta_box":{"short_name":"Borsa Shopping XLC BA-S89","marketing_name":"","motore_for_biciclette":[],"biciclette_id":"","consegna":"","configurator":[],"single_page_group":[],"catalog_group":[]},"_links":{"self":[{"href":"https:\/\/donnobikes.com\/fr\/wp-json\/wp\/v2\/product\/87878","targetHints":{"allow":["GET"]}}],"collection":[{"href":"https:\/\/donnobikes.com\/fr\/wp-json\/wp\/v2\/product"}],"about":[{"href":"https:\/\/donnobikes.com\/fr\/wp-json\/wp\/v2\/types\/product"}],"replies":[{"embeddable":true,"href":"https:\/\/donnobikes.com\/fr\/wp-json\/wp\/v2\/comments?post=87878"}],"wp:featuredmedia":[{"embeddable":true,"href":"https:\/\/donnobikes.com\/fr\/wp-json\/wp\/v2\/media\/92946"}],"wp:attachment":[{"href":"https:\/\/donnobikes.com\/fr\/wp-json\/wp\/v2\/media?parent=87878"}],"wp:term":[{"taxonomy":"product_brand","embeddable":true,"href":"https:\/\/donnobikes.com\/fr\/wp-json\/wp\/v2\/product_brand?post=87878"},{"taxonomy":"product_cat","embeddable":true,"href":"https:\/\/donnobikes.com\/fr\/wp-json\/wp\/v2\/product_cat?post=87878"},{"taxonomy":"product_tag","embeddable":true,"href":"https:\/\/donnobikes.com\/fr\/wp-json\/wp\/v2\/product_tag?post=87878"}],"curies":[{"name":"wp","href":"https:\/\/api.w.org\/{rel}","templated":true}]}}