{"id":87881,"date":"2023-02-14T09:39:03","date_gmt":"2023-02-14T08:39:03","guid":{"rendered":"https:\/\/donnobikes.com\/?post_type=product&#038;p=87881"},"modified":"2026-02-09T10:04:14","modified_gmt":"2026-02-09T09:04:14","slug":"paire-de-sacs-lateraux-xlc","status":"publish","type":"product","link":"https:\/\/donnobikes.com\/fr\/produit\/paire-de-sacs-lateraux-xlc\/","title":{"rendered":"Paire de sacs lat\u00e9raux XLC Double Bag BA-S90"},"content":{"rendered":"<h3>Compatible avec tous les mod\u00e8les \u00e9quip\u00e9s de barres de toit<\/h3>\n<p class=\"parrafo\"><span id=\"desc\" class=\"addReadMore showlesscontent\">La paire de sacs lat\u00e9raux XLC Double Bag BA-S90 est fabriqu\u00e9e en polyester hydrofuge. Tr\u00e8s spacieux et robustes :<\/span><\/p>\n<p class=\"parrafo\"><span id=\"desc\" class=\"addReadMore showlesscontent\"><strong>-Chacune mesure 35 x 15 x 35 cm<\/strong><\/span><\/p>\n<p class=\"parrafo\"><span id=\"desc\" class=\"addReadMore showlesscontent\">&#8211;<strong>Avec une capacit\u00e9 de 35 litres<\/strong> <\/span><\/p>\n<p class=\"parrafo\"><span id=\"desc\" class=\"addReadMore showlesscontent\"><strong>-P\u00e8se 1,7 kg<\/strong>.\u00a0<\/span><\/p>\n<p>Les sacoches lat\u00e9rales sont le choix id\u00e9al pour transporter tout ce dont vous avez besoin lors de vos aventures sur votre Cargo Bike !<\/p>\n<p>Compacts mais spacieux, ils offrent suffisamment d'espace pour transporter des articles de bureau, de la monnaie pour vos enfants, des jeux ou de la nourriture pour un pique-nique.<\/p>\n<p>Avec des mat\u00e9riaux de haute qualit\u00e9 et un design ergonomique, ils sont faciles \u00e0 transporter et \u00e0 utiliser en voyage.<\/p>\n<p>Polyvalents et durables, ils sont des compagnons fiables en toute occasion.<\/p>\n<p class=\"parrafo\">L'ensemble des sacs est fix\u00e9 \u00e0 l'aide de bandes Velcro.\u00a0 <span id=\"desc\" class=\"addReadMore showlesscontent\">Le logo r\u00e9fl\u00e9chissant assure la visibilit\u00e9 dans des conditions de faible luminosit\u00e9.<\/span><\/p>\n<p>&nbsp;<\/p>","protected":false},"excerpt":{"rendered":"<p>Compatibile con tutti i modelli con portapacchi La coppia di borse laterali XLC Double Bag BA-S90 sono realizzate in poliestere idrorepellente. Molto spaziose e robuste: -Misurano ciascuna 35 x 15 x 35 cm &#8211;Con una capacit\u00e0 di 35 litri -Pesano 1.7 kg.\u00a0 Le borse laterali sono la scelta perfetta per portare con te tutto ci\u00f2 [&hellip;]<\/p>\n","protected":false},"featured_media":92941,"comment_status":"closed","ping_status":"closed","template":"","meta":[],"product_brand":[],"product_cat":[23,641,640,639,651],"product_tag":[88],"class_list":{"0":"post-87881","1":"product","2":"type-product","3":"status-publish","4":"has-post-thumbnail","6":"product_cat-accessori-vari","7":"product_cat-inbicy-flashswitch-seduta-e-carico-posteriore-2","8":"product_cat-inbicy-supernova-seduta-e-carico-posteriore-2","9":"product_cat-seduta-e-carico-posteriore-2","10":"product_cat-yuba-kombi-db-seduta-e-carico-posteriore-2","11":"product_tag-borsa","12":"product_shipping_class-accessori","14":"first","15":"instock","16":"shipping-taxable","17":"purchasable","18":"product-type-simple"},"gallery_images":[92943,92942,92944],"meta_box":{"short_name":"Coppia Borse XLC","marketing_name":"","motore_for_biciclette":[],"biciclette_id":"","consegna":"","configurator":[],"single_page_group":[],"catalog_group":[]},"_links":{"self":[{"href":"https:\/\/donnobikes.com\/fr\/wp-json\/wp\/v2\/product\/87881","targetHints":{"allow":["GET"]}}],"collection":[{"href":"https:\/\/donnobikes.com\/fr\/wp-json\/wp\/v2\/product"}],"about":[{"href":"https:\/\/donnobikes.com\/fr\/wp-json\/wp\/v2\/types\/product"}],"replies":[{"embeddable":true,"href":"https:\/\/donnobikes.com\/fr\/wp-json\/wp\/v2\/comments?post=87881"}],"wp:featuredmedia":[{"embeddable":true,"href":"https:\/\/donnobikes.com\/fr\/wp-json\/wp\/v2\/media\/92941"}],"wp:attachment":[{"href":"https:\/\/donnobikes.com\/fr\/wp-json\/wp\/v2\/media?parent=87881"}],"wp:term":[{"taxonomy":"product_brand","embeddable":true,"href":"https:\/\/donnobikes.com\/fr\/wp-json\/wp\/v2\/product_brand?post=87881"},{"taxonomy":"product_cat","embeddable":true,"href":"https:\/\/donnobikes.com\/fr\/wp-json\/wp\/v2\/product_cat?post=87881"},{"taxonomy":"product_tag","embeddable":true,"href":"https:\/\/donnobikes.com\/fr\/wp-json\/wp\/v2\/product_tag?post=87881"}],"curies":[{"name":"wp","href":"https:\/\/api.w.org\/{rel}","templated":true}]}}