{"id":87883,"date":"2023-02-14T09:56:28","date_gmt":"2023-02-14T08:56:28","guid":{"rendered":"https:\/\/donnobikes.com\/?post_type=product&#038;p=87883"},"modified":"2024-03-06T13:00:06","modified_gmt":"2024-03-06T12:00:06","slug":"sac-a-dos-ahooga-x-win","status":"publish","type":"product","link":"https:\/\/donnobikes.com\/fr\/produit\/sac-a-dos-ahooga-x-win\/","title":{"rendered":"Sac \u00e0 dos Ahooga x Win"},"content":{"rendered":"<h3>Compatible avec tous les mod\u00e8les pliants Ahooga<\/h3>\n<p>Le sac \u00e0 dos produit par Vincita pour Ahooga est le compagnon id\u00e9al pour transporter ses effets personnels en ville. Id\u00e9al pour les navetteurs et les \u00e9tudiants.<\/p>\n<ul>\n<li>Capacieux, il mesure 43 x 27 x 15 cm.<\/li>\n<li>L\u00e9ger, il ne p\u00e8se que 950 g.<\/li>\n<li>Il a une capacit\u00e9 de 26 litres et une capacit\u00e9 de charge maximale de 7 kilos.<\/li>\n<li>Il comporte des compartiments externes et internes zipp\u00e9s, des compartiments lat\u00e9raux, un compartiment interne s\u00e9par\u00e9 pour les objets de valeur et des bretelles r\u00e9glables.<\/li>\n<li>Il se fixe au guidon gr\u00e2ce \u00e0 l'adaptateur KLICKfix inclus, un syst\u00e8me de connexion rapide.<\/li>\n<\/ul>\n<p>Fini le dos en sueur pendant le v\u00e9lo ! \u00c0 la fin de la randonn\u00e9e, il se d\u00e9tache rapidement de l'adaptateur et peut \u00eatre port\u00e9 sur les \u00e9paules.<\/p>","protected":false},"excerpt":{"rendered":"<p>Compatibile con tutti i modelli Ahooga pieghevoli Lo zaino prodotto da Vincita per Ahooga, \u00e8 il compagno ideale per trasportare effetti personali in citt\u00e0. Ideale per pendolari e studenti. Capiente, misura 43 x 27 x 15 cm. Leggero, pesa solo 950 gr. Ha una capacit\u00e0 di 26 litri e una portata massima di 7 chili. [&hellip;]<\/p>\n","protected":false},"featured_media":93010,"comment_status":"closed","ping_status":"closed","template":"","meta":[],"product_brand":[],"product_cat":[78,73],"product_tag":[],"class_list":{"0":"post-87883","1":"product","2":"type-product","3":"status-publish","4":"has-post-thumbnail","6":"product_cat-ahooga-accessori","7":"product_cat-ahooga","8":"product_shipping_class-accessori","10":"first","11":"instock","12":"shipping-taxable","13":"purchasable","14":"product-type-simple"},"gallery_images":[93011,93012,93013],"meta_box":{"short_name":"Zaino Ahooga x Vincita","marketing_name":"","motore_for_biciclette":[],"biciclette_id":"","consegna":"","configurator":[],"single_page_group":[],"catalog_group":[]},"_links":{"self":[{"href":"https:\/\/donnobikes.com\/fr\/wp-json\/wp\/v2\/product\/87883","targetHints":{"allow":["GET"]}}],"collection":[{"href":"https:\/\/donnobikes.com\/fr\/wp-json\/wp\/v2\/product"}],"about":[{"href":"https:\/\/donnobikes.com\/fr\/wp-json\/wp\/v2\/types\/product"}],"replies":[{"embeddable":true,"href":"https:\/\/donnobikes.com\/fr\/wp-json\/wp\/v2\/comments?post=87883"}],"wp:featuredmedia":[{"embeddable":true,"href":"https:\/\/donnobikes.com\/fr\/wp-json\/wp\/v2\/media\/93010"}],"wp:attachment":[{"href":"https:\/\/donnobikes.com\/fr\/wp-json\/wp\/v2\/media?parent=87883"}],"wp:term":[{"taxonomy":"product_brand","embeddable":true,"href":"https:\/\/donnobikes.com\/fr\/wp-json\/wp\/v2\/product_brand?post=87883"},{"taxonomy":"product_cat","embeddable":true,"href":"https:\/\/donnobikes.com\/fr\/wp-json\/wp\/v2\/product_cat?post=87883"},{"taxonomy":"product_tag","embeddable":true,"href":"https:\/\/donnobikes.com\/fr\/wp-json\/wp\/v2\/product_tag?post=87883"}],"curies":[{"name":"wp","href":"https:\/\/api.w.org\/{rel}","templated":true}]}}