{"id":87907,"date":"2023-02-15T10:01:48","date_gmt":"2023-02-15T09:01:48","guid":{"rendered":"https:\/\/donnobikes.com\/?post_type=product&#038;p=87907"},"modified":"2025-04-01T11:44:40","modified_gmt":"2025-04-01T09:44:40","slug":"cable-de-securite-yuba","status":"publish","type":"product","link":"https:\/\/donnobikes.com\/fr\/produit\/cable-de-securite-yuba\/","title":{"rendered":"C\u00e2ble de s\u00e9curit\u00e9 antivol"},"content":{"rendered":"<h3>Compatible avec le Pin Lock<\/h3>\n<p>Le c\u00e2ble de s\u00e9curit\u00e9 est un c\u00e2ble de s\u00e9curit\u00e9 super l\u00e9ger, seulement 400g par 150cm, mais tr\u00e8s efficace. Facile \u00e0 utiliser, ce c\u00e2ble n\u00e9cessite le Yuba Pin Lock, vendu s\u00e9par\u00e9ment, ou un autre verrou de cadre.<\/p>\n<p>Utilisez-le pour prot\u00e9ger facilement et commod\u00e9ment votre v\u00e9lo o\u00f9 que vous alliez ! Il est id\u00e9al pour ancrer en toute s\u00e9curit\u00e9 votre v\u00e9lo aux poteaux et aux places de parking afin d'\u00e9viter les vols.<\/p>","protected":false},"excerpt":{"rendered":"<p>Compatibile con Pin Lock Il Security Cable \u00e8 un cavo di sicurezza super leggero, appena 400g per 150cm, ma molto efficace. Facile da usare, questo cavo richiede il Pin Lock Yuba, in vendita a parte, o un altro lucchetto da telaio. Usalo per proteggere in modo semplice e pratico la tua bicicletta ovunque tu vada! [&hellip;]<\/p>\n","protected":false},"featured_media":91114,"comment_status":"closed","ping_status":"closed","template":"","meta":[],"product_brand":[],"product_cat":[16,21],"product_tag":[],"class_list":{"0":"post-87907","1":"product","2":"type-product","3":"status-publish","4":"has-post-thumbnail","6":"product_cat-yuba-accessori","7":"product_cat-yuba","8":"product_shipping_class-accessori","10":"first","11":"instock","12":"shipping-taxable","13":"purchasable","14":"product-type-simple"},"gallery_images":[91113,91116,91117,91118],"meta_box":{"short_name":"","marketing_name":"","motore_for_biciclette":[],"biciclette_id":"","consegna":"","configurator":[],"single_page_group":[],"catalog_group":[]},"_links":{"self":[{"href":"https:\/\/donnobikes.com\/fr\/wp-json\/wp\/v2\/product\/87907","targetHints":{"allow":["GET"]}}],"collection":[{"href":"https:\/\/donnobikes.com\/fr\/wp-json\/wp\/v2\/product"}],"about":[{"href":"https:\/\/donnobikes.com\/fr\/wp-json\/wp\/v2\/types\/product"}],"replies":[{"embeddable":true,"href":"https:\/\/donnobikes.com\/fr\/wp-json\/wp\/v2\/comments?post=87907"}],"wp:featuredmedia":[{"embeddable":true,"href":"https:\/\/donnobikes.com\/fr\/wp-json\/wp\/v2\/media\/91114"}],"wp:attachment":[{"href":"https:\/\/donnobikes.com\/fr\/wp-json\/wp\/v2\/media?parent=87907"}],"wp:term":[{"taxonomy":"product_brand","embeddable":true,"href":"https:\/\/donnobikes.com\/fr\/wp-json\/wp\/v2\/product_brand?post=87907"},{"taxonomy":"product_cat","embeddable":true,"href":"https:\/\/donnobikes.com\/fr\/wp-json\/wp\/v2\/product_cat?post=87907"},{"taxonomy":"product_tag","embeddable":true,"href":"https:\/\/donnobikes.com\/fr\/wp-json\/wp\/v2\/product_tag?post=87907"}],"curies":[{"name":"wp","href":"https:\/\/api.w.org\/{rel}","templated":true}]}}