{"id":87914,"date":"2023-02-15T10:34:47","date_gmt":"2023-02-15T09:34:47","guid":{"rendered":"https:\/\/donnobikes.com\/?post_type=product&#038;p=87914"},"modified":"2024-03-06T13:00:08","modified_gmt":"2024-03-06T12:00:08","slug":"bamboo-deck-yuba-spicy-curry","status":"publish","type":"product","link":"https:\/\/donnobikes.com\/fr\/produit\/bamboo-deck-yuba-spicy-curry\/","title":{"rendered":"Bamboo Deck Yuba Spicy Curry (curry \u00e9pic\u00e9)"},"content":{"rendered":"<h3>Compatible avec tous les mod\u00e8les Spicy Curry<\/h3>\n<p>Le Yuba Spicy Curry Bamboo Deck est une planche fa\u00e7onn\u00e9e pour optimiser l'espace de chargement des longtails Spicy Curry de Yuba. Parfait pour cr\u00e9er une zone d'assise confortable pour les passagers ou une plateforme de chargement solide et plate, cet ajout est essentiel pour votre v\u00e9lo cargo Spicy Curry.<\/p>\n<p>Le Bamboo Deck Yuba Spicy Curry est fabriqu\u00e9 en bambou \u00e0 5 couches, un mat\u00e9riau durable et r\u00e9sistant aux intemp\u00e9ries. La culture du bambou est rapide et ne n\u00e9cessite pas beaucoup d'eau. Tous nos produits en bambou sont conformes aux directives REACH qui prot\u00e8gent contre les produits chimiques dangereux et toxiques. Les produits en bambou sont couverts par une garantie limit\u00e9e d'un an pour l'int\u00e9grit\u00e9 structurelle.<\/p>\n<p>Le Spicy Curry Deck est parfaitement assorti aux Sideboards Spicy Curry, les repose-pieds pour le confort des passagers de votre Yuba Spicy Curry, vendus s\u00e9par\u00e9ment.<\/p>","protected":false},"excerpt":{"rendered":"<p>Compatibile con tutti i modelli Spicy Curry Bamboo Deck Yuba Spicy Curry \u00e8 una tavola sagomata per ottimizzare lo spazio di carico delle longtail Spicy Curry di Yuba. Perfetto per creare una comoda area di seduta per i passeggeri o una piattaforma di carico robusta e piatta, questo componente aggiuntivo \u00e8 essenziale per la tua [&hellip;]<\/p>\n","protected":false},"featured_media":91190,"comment_status":"closed","ping_status":"closed","template":"","meta":[],"product_brand":[],"product_cat":[16,21],"product_tag":[],"class_list":{"0":"post-87914","1":"product","2":"type-product","3":"status-publish","4":"has-post-thumbnail","6":"product_cat-yuba-accessori","7":"product_cat-yuba","8":"product_shipping_class-accessori","10":"first","11":"instock","12":"shipping-taxable","13":"purchasable","14":"product-type-simple"},"gallery_images":[91194,91191,91192,91193],"meta_box":{"short_name":"Tavola Portapacchi Bamboo Spicy","marketing_name":"","motore_for_biciclette":[],"biciclette_id":"","consegna":"","configurator":[],"single_page_group":[],"catalog_group":[]},"_links":{"self":[{"href":"https:\/\/donnobikes.com\/fr\/wp-json\/wp\/v2\/product\/87914","targetHints":{"allow":["GET"]}}],"collection":[{"href":"https:\/\/donnobikes.com\/fr\/wp-json\/wp\/v2\/product"}],"about":[{"href":"https:\/\/donnobikes.com\/fr\/wp-json\/wp\/v2\/types\/product"}],"replies":[{"embeddable":true,"href":"https:\/\/donnobikes.com\/fr\/wp-json\/wp\/v2\/comments?post=87914"}],"wp:featuredmedia":[{"embeddable":true,"href":"https:\/\/donnobikes.com\/fr\/wp-json\/wp\/v2\/media\/91190"}],"wp:attachment":[{"href":"https:\/\/donnobikes.com\/fr\/wp-json\/wp\/v2\/media?parent=87914"}],"wp:term":[{"taxonomy":"product_brand","embeddable":true,"href":"https:\/\/donnobikes.com\/fr\/wp-json\/wp\/v2\/product_brand?post=87914"},{"taxonomy":"product_cat","embeddable":true,"href":"https:\/\/donnobikes.com\/fr\/wp-json\/wp\/v2\/product_cat?post=87914"},{"taxonomy":"product_tag","embeddable":true,"href":"https:\/\/donnobikes.com\/fr\/wp-json\/wp\/v2\/product_tag?post=87914"}],"curies":[{"name":"wp","href":"https:\/\/api.w.org\/{rel}","templated":true}]}}