{"id":87917,"date":"2023-02-15T10:37:12","date_gmt":"2023-02-15T09:37:12","guid":{"rendered":"https:\/\/donnobikes.com\/?post_type=product&#038;p=87917"},"modified":"2026-02-09T10:04:01","modified_gmt":"2026-02-09T09:04:01","slug":"pegs-yuba","status":"publish","type":"product","link":"https:\/\/donnobikes.com\/fr\/produit\/pegs-yuba\/","title":{"rendered":"Piquets Yuba"},"content":{"rendered":"<h3>Compatible avec tous les mod\u00e8les Kombi<\/h3>\n<p>Les Yuba Pegs sont des petits piquets qui s'attachent facilement au cadre du v\u00e9lo cargo Yuba Kombi, offrant un support alternatif pour les pieds de vos enfants. Parfait pour les enfants en bas \u00e2ge et les enfants plus \u00e2g\u00e9s lorsque les sacoches sont pleines !<\/p>","protected":false},"excerpt":{"rendered":"<p>Compatible avec tous les Yuba Kombi Pegs sont des petits piquets qui s'attachent facilement au cadre du v\u00e9lo cargo Yuba Kombi, offrant un support alternatif pour les pieds de vos enfants. Parfait pour les enfants en bas \u00e2ge ainsi que pour les adultes lorsque les sacoches sont pleines !<\/p>","protected":false},"featured_media":91242,"comment_status":"closed","ping_status":"closed","template":"","meta":[],"product_brand":[],"product_cat":[16,639,21,651],"product_tag":[],"class_list":{"0":"post-87917","1":"product","2":"type-product","3":"status-publish","4":"has-post-thumbnail","6":"product_cat-yuba-accessori","7":"product_cat-seduta-e-carico-posteriore-2","8":"product_cat-yuba","9":"product_cat-yuba-kombi-db-seduta-e-carico-posteriore-2","10":"product_shipping_class-accessori","12":"first","13":"instock","14":"shipping-taxable","15":"purchasable","16":"product-type-simple"},"gallery_images":[91241,91243,91244,91245],"meta_box":{"short_name":"Pioli Pegs","marketing_name":"","motore_for_biciclette":[],"biciclette_id":"","consegna":"","configurator":[],"single_page_group":[],"catalog_group":[]},"_links":{"self":[{"href":"https:\/\/donnobikes.com\/fr\/wp-json\/wp\/v2\/product\/87917","targetHints":{"allow":["GET"]}}],"collection":[{"href":"https:\/\/donnobikes.com\/fr\/wp-json\/wp\/v2\/product"}],"about":[{"href":"https:\/\/donnobikes.com\/fr\/wp-json\/wp\/v2\/types\/product"}],"replies":[{"embeddable":true,"href":"https:\/\/donnobikes.com\/fr\/wp-json\/wp\/v2\/comments?post=87917"}],"wp:featuredmedia":[{"embeddable":true,"href":"https:\/\/donnobikes.com\/fr\/wp-json\/wp\/v2\/media\/91242"}],"wp:attachment":[{"href":"https:\/\/donnobikes.com\/fr\/wp-json\/wp\/v2\/media?parent=87917"}],"wp:term":[{"taxonomy":"product_brand","embeddable":true,"href":"https:\/\/donnobikes.com\/fr\/wp-json\/wp\/v2\/product_brand?post=87917"},{"taxonomy":"product_cat","embeddable":true,"href":"https:\/\/donnobikes.com\/fr\/wp-json\/wp\/v2\/product_cat?post=87917"},{"taxonomy":"product_tag","embeddable":true,"href":"https:\/\/donnobikes.com\/fr\/wp-json\/wp\/v2\/product_tag?post=87917"}],"curies":[{"name":"wp","href":"https:\/\/api.w.org\/{rel}","templated":true}]}}