{"id":87919,"date":"2023-02-15T10:43:11","date_gmt":"2023-02-15T09:43:11","guid":{"rendered":"https:\/\/donnobikes.com\/?post_type=product&#038;p=87919"},"modified":"2024-03-06T13:00:05","modified_gmt":"2024-03-06T12:00:05","slug":"chargeur-ouvert-yuba","status":"publish","type":"product","link":"https:\/\/donnobikes.com\/fr\/produit\/chargeur-ouvert-yuba\/","title":{"rendered":"Bo\u00eete en tissu Yuba Open Loader"},"content":{"rendered":"<h3>Compatible avec tous les mod\u00e8les Supercargo<\/h3>\n<p>Le Yuba Open Loader est une bo\u00eete avant, une bo\u00eete en tissu, pour transformer le v\u00e9lo cargo Supercargo de Yuba en un m\u00e9ga-transporteur \u00e0 deux roues. L\u00e9ger, flexible, durable et r\u00e9sistant aux intemp\u00e9ries, il est pr\u00eat \u00e0 transporter des marchandises, des biens, des animaux et des enfants, sans ajouter une tonne de poids ! La planche de base, vendue s\u00e9par\u00e9ment, est n\u00e9cessaire pour l'assemblage.<\/p>\n<p>Transportez vos courses, vos outils, vos animaux et vos enfants en toute s\u00e9curit\u00e9. Pour transporter vos enfants avec style et confort, le kit de si\u00e8ge Open Loader, vendu s\u00e9par\u00e9ment, est indispensable. Et pour profiter au maximum du Yuba Open Loader m\u00eame les jours de pluie, de neige, de vent ou d'autres conditions m\u00e9t\u00e9orologiques, combinez-le avec le Yuba Canopy.<\/p>","protected":false},"excerpt":{"rendered":"<p>Compatibile con tutti i modelli Supercargo L&#8217;Open Loader Yuba \u00e8 un contenitore frontale, un box in tessuto, per trasformare la cargo bike Supercargo di Yuba in un mega-trasportatore a due ruote. Leggero, flessibile, durevole e resistente agli agenti atmosferici, \u00e8 pronto a trasportare carichi, merci, amici a quattro zampe e bambini, senza aggiungere una tonnellata [&hellip;]<\/p>\n","protected":false},"featured_media":91312,"comment_status":"closed","ping_status":"closed","template":"","meta":[],"product_brand":[],"product_cat":[16,21],"product_tag":[],"class_list":{"0":"post-87919","1":"product","2":"type-product","3":"status-publish","4":"has-post-thumbnail","6":"product_cat-yuba-accessori","7":"product_cat-yuba","8":"product_shipping_class-accessori","10":"first","11":"instock","12":"shipping-taxable","13":"purchasable","14":"product-type-simple"},"gallery_images":[91313,91320,91319,91316,91318,91317],"meta_box":{"short_name":"Box in tessuto Open Loader","marketing_name":"","motore_for_biciclette":[],"biciclette_id":"","consegna":"","configurator":[],"single_page_group":[],"catalog_group":[]},"_links":{"self":[{"href":"https:\/\/donnobikes.com\/fr\/wp-json\/wp\/v2\/product\/87919","targetHints":{"allow":["GET"]}}],"collection":[{"href":"https:\/\/donnobikes.com\/fr\/wp-json\/wp\/v2\/product"}],"about":[{"href":"https:\/\/donnobikes.com\/fr\/wp-json\/wp\/v2\/types\/product"}],"replies":[{"embeddable":true,"href":"https:\/\/donnobikes.com\/fr\/wp-json\/wp\/v2\/comments?post=87919"}],"wp:featuredmedia":[{"embeddable":true,"href":"https:\/\/donnobikes.com\/fr\/wp-json\/wp\/v2\/media\/91312"}],"wp:attachment":[{"href":"https:\/\/donnobikes.com\/fr\/wp-json\/wp\/v2\/media?parent=87919"}],"wp:term":[{"taxonomy":"product_brand","embeddable":true,"href":"https:\/\/donnobikes.com\/fr\/wp-json\/wp\/v2\/product_brand?post=87919"},{"taxonomy":"product_cat","embeddable":true,"href":"https:\/\/donnobikes.com\/fr\/wp-json\/wp\/v2\/product_cat?post=87919"},{"taxonomy":"product_tag","embeddable":true,"href":"https:\/\/donnobikes.com\/fr\/wp-json\/wp\/v2\/product_tag?post=87919"}],"curies":[{"name":"wp","href":"https:\/\/api.w.org\/{rel}","templated":true}]}}