{"id":87922,"date":"2023-02-15T10:46:54","date_gmt":"2023-02-15T09:46:54","guid":{"rendered":"https:\/\/donnobikes.com\/?post_type=product&#038;p=87922"},"modified":"2024-03-06T13:00:04","modified_gmt":"2024-03-06T12:00:04","slug":"bamboo-box-seat-kit-yuba","status":"publish","type":"product","link":"https:\/\/donnobikes.com\/fr\/produit\/bamboo-box-seat-kit-yuba\/","title":{"rendered":"Kit de si\u00e8ge en bambou Yuba"},"content":{"rendered":"<h3>Compatible avec Bamboo Box Yuba<\/h3>\n<p>Le Yuba Bamboo Box Seat Kit est un si\u00e8ge complet pour accueillir vos plus jeunes passagers \u00e0 bord du v\u00e9lo cargo Yuba Supercargo. Avec deux ceintures trois points, un dossier et des coussins rembourr\u00e9s sur un banc en bambou, toute la famille peut confortablement profiter de la balade en v\u00e9lo cargo !<\/p>\n<p>La planche de base et la bo\u00eete en bambou, vendues s\u00e9par\u00e9ment, sont n\u00e9cessaires pour l'installation du si\u00e8ge Yuba Bamboo Box.<\/p>\n<p>Le banc est fabriqu\u00e9 en bambou \u00e0 trois couches, un mat\u00e9riau durable et r\u00e9sistant aux intemp\u00e9ries. La culture du bambou est rapide et ne n\u00e9cessite pas beaucoup d'eau. Tous nos produits en bambou sont conformes aux directives REACH qui prot\u00e8gent contre les produits chimiques dangereux et toxiques. Les produits en bambou sont couverts par une garantie limit\u00e9e d'un an pour l'int\u00e9grit\u00e9 structurelle.<\/p>","protected":false},"excerpt":{"rendered":"<p>Compatibile con Bamboo Box Yuba Il Bamboo Box Seat Kit Yuba \u00e8 un sedile completo per accogliere i tuoi passeggeri pi\u00f9 piccoli a bordo della cargo bike Supercargo di Yuba. Grazie a due cinture a tre punti, uno schienale e cuscini imbottiti su una panca di bamb\u00f9, tutta la famiglia pu\u00f2 godersi comodamente il viaggio [&hellip;]<\/p>\n","protected":false},"featured_media":91323,"comment_status":"closed","ping_status":"closed","template":"","meta":[],"product_brand":[],"product_cat":[16,601,21],"product_tag":[],"class_list":{"0":"post-87922","1":"product","2":"type-product","3":"status-publish","4":"has-post-thumbnail","6":"product_cat-yuba-accessori","7":"product_cat-seggiolini-e-sedute","8":"product_cat-yuba","9":"product_shipping_class-accessori","11":"first","12":"instock","13":"shipping-taxable","14":"purchasable","15":"product-type-simple"},"gallery_images":[91324,91325,91322,91307,91306],"meta_box":{"short_name":"Sedile per Bamboo Box","marketing_name":"","motore_for_biciclette":[],"biciclette_id":"","consegna":"","configurator":[],"single_page_group":[],"catalog_group":[]},"_links":{"self":[{"href":"https:\/\/donnobikes.com\/fr\/wp-json\/wp\/v2\/product\/87922","targetHints":{"allow":["GET"]}}],"collection":[{"href":"https:\/\/donnobikes.com\/fr\/wp-json\/wp\/v2\/product"}],"about":[{"href":"https:\/\/donnobikes.com\/fr\/wp-json\/wp\/v2\/types\/product"}],"replies":[{"embeddable":true,"href":"https:\/\/donnobikes.com\/fr\/wp-json\/wp\/v2\/comments?post=87922"}],"wp:featuredmedia":[{"embeddable":true,"href":"https:\/\/donnobikes.com\/fr\/wp-json\/wp\/v2\/media\/91323"}],"wp:attachment":[{"href":"https:\/\/donnobikes.com\/fr\/wp-json\/wp\/v2\/media?parent=87922"}],"wp:term":[{"taxonomy":"product_brand","embeddable":true,"href":"https:\/\/donnobikes.com\/fr\/wp-json\/wp\/v2\/product_brand?post=87922"},{"taxonomy":"product_cat","embeddable":true,"href":"https:\/\/donnobikes.com\/fr\/wp-json\/wp\/v2\/product_cat?post=87922"},{"taxonomy":"product_tag","embeddable":true,"href":"https:\/\/donnobikes.com\/fr\/wp-json\/wp\/v2\/product_tag?post=87922"}],"curies":[{"name":"wp","href":"https:\/\/api.w.org\/{rel}","templated":true}]}}