{"id":87928,"date":"2023-02-15T11:24:10","date_gmt":"2023-02-15T10:24:10","guid":{"rendered":"https:\/\/donnobikes.com\/?post_type=product&#038;p=87928"},"modified":"2026-02-09T11:58:48","modified_gmt":"2026-02-09T10:58:48","slug":"chaine-antivol-combinee","status":"publish","type":"product","link":"https:\/\/donnobikes.com\/fr\/produit\/chaine-antivol-combinee\/","title":{"rendered":"Cha\u00eene antivol combin\u00e9e Abus Treasure 1385"},"content":{"rendered":"<h3>Compatible avec tous les v\u00e9los<\/h3>\n<p>La cha\u00eene antivol combin\u00e9e Abus Treasure 1385 est :<\/p>\n<ul>\n<li>Fabriqu\u00e9 en acier sp\u00e9cial c\u00e9ment\u00e9.<\/li>\n<li>Il est \u00e9quip\u00e9 d'une cha\u00eene carr\u00e9e de 7 mm de c\u00f4t\u00e9 recouverte de tissu pour prot\u00e9ger la peinture.<\/li>\n<li>Le double rev\u00eatement du syst\u00e8me de codage emp\u00eache la d\u00e9coloration des chiffres.<\/li>\n<li>Le m\u00e9canisme de la cha\u00eene de verrouillage \u00e0 combinaison Abu Treasure 1385 est le suivant<\/li>\n<li>Le m\u00e9canisme dispose d'une protection sp\u00e9ciale pour emp\u00eacher les attaques par manipulation de code.<\/li>\n<li>Permet de programmer un code d'ouverture personnel.<\/li>\n<li>La longueur de 85 cm permet de l'attacher facilement \u00e0 un objet ext\u00e9rieur.<\/li>\n<li>Lorsqu'il n'est pas utilis\u00e9, il peut \u00eatre transport\u00e9 de mani\u00e8re pratique, pli\u00e9 de mani\u00e8re compacte autour du tube de selle.<\/li>\n<\/ul>","protected":false},"excerpt":{"rendered":"<p>Compatibile con tutte le biciclette La catena antifurto a combinazione Abus Treasure 1385 \u00e8: Costruita in acciaio cementato speciale. Ha un catena da 7 mm a sezione quadra ricoperta in tessuto per proteggere le vernici. La doppia verniciatura sul sistema di codifica impedisce lo scolorimento delle cifre. Il\u00a0meccanismo della catena con chiusura a combinazione Abu [&hellip;]<\/p>\n","protected":false},"featured_media":92932,"comment_status":"closed","ping_status":"closed","template":"","meta":[],"product_brand":[],"product_cat":[23,643,644,642,654,652],"product_tag":[],"class_list":{"0":"post-87928","1":"product","2":"type-product","3":"status-publish","4":"has-post-thumbnail","6":"product_cat-accessori-vari","7":"product_cat-inbicy-flashswitch-sicurezza-e-protezione-della-bici","8":"product_cat-inbicy-supernova-sicurezza-e-protezione-della-bici","9":"product_cat-sicurezza-e-protezione-della-bici","10":"product_cat-taga-family-sicurezza-e-protezione-della-bici","11":"product_cat-yuba-kombi-db-sicurezza-e-protezione-della-bici","12":"product_shipping_class-accessori","14":"first","15":"instock","16":"shipping-taxable","17":"purchasable","18":"product-type-simple"},"gallery_images":[92934,92933],"meta_box":{"short_name":"","marketing_name":"","motore_for_biciclette":[],"biciclette_id":"","consegna":"","configurator":[],"single_page_group":[],"catalog_group":[]},"_links":{"self":[{"href":"https:\/\/donnobikes.com\/fr\/wp-json\/wp\/v2\/product\/87928","targetHints":{"allow":["GET"]}}],"collection":[{"href":"https:\/\/donnobikes.com\/fr\/wp-json\/wp\/v2\/product"}],"about":[{"href":"https:\/\/donnobikes.com\/fr\/wp-json\/wp\/v2\/types\/product"}],"replies":[{"embeddable":true,"href":"https:\/\/donnobikes.com\/fr\/wp-json\/wp\/v2\/comments?post=87928"}],"wp:featuredmedia":[{"embeddable":true,"href":"https:\/\/donnobikes.com\/fr\/wp-json\/wp\/v2\/media\/92932"}],"wp:attachment":[{"href":"https:\/\/donnobikes.com\/fr\/wp-json\/wp\/v2\/media?parent=87928"}],"wp:term":[{"taxonomy":"product_brand","embeddable":true,"href":"https:\/\/donnobikes.com\/fr\/wp-json\/wp\/v2\/product_brand?post=87928"},{"taxonomy":"product_cat","embeddable":true,"href":"https:\/\/donnobikes.com\/fr\/wp-json\/wp\/v2\/product_cat?post=87928"},{"taxonomy":"product_tag","embeddable":true,"href":"https:\/\/donnobikes.com\/fr\/wp-json\/wp\/v2\/product_tag?post=87928"}],"curies":[{"name":"wp","href":"https:\/\/api.w.org\/{rel}","templated":true}]}}