{"id":88309,"date":"2023-02-24T18:21:40","date_gmt":"2023-02-24T17:21:40","guid":{"rendered":"https:\/\/donnobikes.com\/?post_type=product&#038;p=88309"},"modified":"2026-02-09T10:03:49","modified_gmt":"2026-02-09T09:03:49","slug":"sac-a-bandouliere-grab-go-yuba","status":"publish","type":"product","link":"https:\/\/donnobikes.com\/fr\/produit\/sac-a-bandouliere-grab-go-yuba\/","title":{"rendered":"Sac \u00e0 bandouli\u00e8re Grab &amp; Go Yuba"},"content":{"rendered":"<h3>Compatible avec la corbeille \u00e0 pain Yuba et d'autres corbeilles frontales<\/h3>\n<p>Le Grab &amp; Go Yuba est un sac \u00e0 bandouli\u00e8re indispensable pour tous les propri\u00e9taires de v\u00e9los cargo. Transportez-la directement de votre v\u00e9lo \u00e0 votre \u00e9paule, \u00e0 un chariot de supermarch\u00e9, puis de nouveau \u00e0 votre v\u00e9lo sans avoir \u00e0 vous soucier d'un sac jetable.<\/p>\n<p>Fabriqu\u00e9 en nylon 1000D durable et imperm\u00e9able, avec une base renforc\u00e9e, ce sac fantastique est dot\u00e9 d'une bandouli\u00e8re amovible (incluse) et peut supporter jusqu'\u00e0 13 kg. Vous pouvez l'utiliser pour tout : courses, plats \u00e0 emporter, mat\u00e9riel de camping, livres de biblioth\u00e8que, jouets de plage ou autres. Ses deux poches lat\u00e9rales sont parfaites pour les petits objets. Son syst\u00e8me de fermeture par enroulement permet de serrer solidement le sac pour que tout ce qu'il contient reste bien en place pendant le transport.<\/p>\n<p>Le Grab &amp; Go Bag s'adapte parfaitement \u00e0 la corbeille \u00e0 pain Yuba (vendue s\u00e9par\u00e9ment), mais il peut aussi \u00eatre un excellent compl\u00e9ment \u00e0 d'autres paniers avant. V\u00e9rifiez si ses dimensions, 31,8 x 20,3 x 43,2 cm, conviennent au panier de votre v\u00e9lo.<\/p>","protected":false},"excerpt":{"rendered":"<p>Compatibile con Bread Basket Yuba e altri cestini anteriori Grab &amp; Go Yuba \u00e8 una borsa a tracolla &#8220;must-have&#8221; per tutti i possessori di una cargo bike. Portala direttamente dalla bici alla tua spalla fino a un carrello della spesa e poi di nuovo alla bici senza problemi o bisogno di borsa usa e getta. [&hellip;]<\/p>\n","protected":false},"featured_media":91152,"comment_status":"closed","ping_status":"closed","template":"","meta":[],"product_brand":[],"product_cat":[16,639,21,651],"product_tag":[88],"class_list":{"0":"post-88309","1":"product","2":"type-product","3":"status-publish","4":"has-post-thumbnail","6":"product_cat-yuba-accessori","7":"product_cat-seduta-e-carico-posteriore-2","8":"product_cat-yuba","9":"product_cat-yuba-kombi-db-seduta-e-carico-posteriore-2","10":"product_tag-borsa","11":"product_shipping_class-accessori","13":"first","14":"instock","15":"shipping-taxable","16":"purchasable","17":"product-type-simple"},"gallery_images":[91153,91154,91155,91156,91157,91159,91158],"meta_box":{"short_name":"Borsa Tracolla Grab & Go","marketing_name":"","motore_for_biciclette":[],"biciclette_id":"","consegna":"","configurator":[],"single_page_group":[],"catalog_group":[]},"_links":{"self":[{"href":"https:\/\/donnobikes.com\/fr\/wp-json\/wp\/v2\/product\/88309","targetHints":{"allow":["GET"]}}],"collection":[{"href":"https:\/\/donnobikes.com\/fr\/wp-json\/wp\/v2\/product"}],"about":[{"href":"https:\/\/donnobikes.com\/fr\/wp-json\/wp\/v2\/types\/product"}],"replies":[{"embeddable":true,"href":"https:\/\/donnobikes.com\/fr\/wp-json\/wp\/v2\/comments?post=88309"}],"wp:featuredmedia":[{"embeddable":true,"href":"https:\/\/donnobikes.com\/fr\/wp-json\/wp\/v2\/media\/91152"}],"wp:attachment":[{"href":"https:\/\/donnobikes.com\/fr\/wp-json\/wp\/v2\/media?parent=88309"}],"wp:term":[{"taxonomy":"product_brand","embeddable":true,"href":"https:\/\/donnobikes.com\/fr\/wp-json\/wp\/v2\/product_brand?post=88309"},{"taxonomy":"product_cat","embeddable":true,"href":"https:\/\/donnobikes.com\/fr\/wp-json\/wp\/v2\/product_cat?post=88309"},{"taxonomy":"product_tag","embeddable":true,"href":"https:\/\/donnobikes.com\/fr\/wp-json\/wp\/v2\/product_tag?post=88309"}],"curies":[{"name":"wp","href":"https:\/\/api.w.org\/{rel}","templated":true}]}}