{"id":88429,"date":"2023-02-27T18:16:41","date_gmt":"2023-02-27T17:16:41","guid":{"rendered":"https:\/\/donnobikes.com\/?post_type=product&#038;p=88429"},"modified":"2026-03-03T09:37:02","modified_gmt":"2026-03-03T08:37:02","slug":"la-puissance-du-velo","status":"publish","type":"product","link":"https:\/\/donnobikes.com\/fr\/produit\/la-puissance-du-velo\/","title":{"rendered":"iO InBicy Flash Switch"},"content":{"rendered":"<h3>Con\u00e7u pour vous faciliter la vie<\/h3>\n<p>iO InBicy Flash Switch \u00e8 una cargo bike elettrica progettata per offrirti potenza e prestazioni superiori a quella di una normale e-bike.<\/p>\n<p><strong>La polyvalence au premier plan.<\/strong> L&#8217;esclusivo sistema brevettato Flash Switch\u00ae permette di agganciare e sganciare portapacchi e cesto in un attimo. Bastano pochi semplici movimenti manuali, senza attrezzi. Puoi smontare e rimontare i portapacchi completamente equipaggiati con sedute, seggiolini e borse. Trasportare la spesa, portare i bambini a scuola e doposcuola, andare al lavoro o in palestra, ogni corsa richiede un diverso equipaggiamento. Cambiarlo pi\u00f9 volte nell&#8217;arco della giornata con iO InBicy Flash Switch richiede solo pochi secondi.<\/p>\n<p class=\"textgame\">La InBicy Flash Switch non \u00e8 solo una <strong>bicyclette<\/strong>Il s'agit d'un exemple de la mani\u00e8re dont les <strong>Nous apportons <\/strong> avanti la tecnologia e il design modulare, rivoluzionando il concetto di mobilit\u00e0<\/p>\n<p><strong>Conception gagnante. <\/strong>Le design du cadre et les d\u00e9tails de la bicyclette, fabriqu\u00e9e en Italie, ont s\u00e9duit le jury international du prestigieux Red Dot Design Award 2023, lui assurant une place au mus\u00e9e du design d'Essen, en Allemagne.<\/p>","protected":false},"excerpt":{"rendered":"<p>Moteur Bafang 250W - Couleur Italian Sun<\/p>","protected":false},"featured_media":93872,"comment_status":"open","ping_status":"closed","template":"","meta":[],"product_brand":[],"product_cat":[621,622,623,33,624,626,594,608,523,136,629],"product_tag":[36],"class_list":{"0":"post-88429","1":"product","2":"type-product","3":"status-publish","4":"has-post-thumbnail","6":"product_cat-bici-da-carico","7":"product_cat-bici-da-trasporto","8":"product_cat-bici-per-trasporto-bambini","9":"product_cat-biciclette","10":"product_cat-cargo-bike","11":"product_cat-cargo-bike-elettrica","12":"product_cat-catalogo","13":"product_cat-catalogo-inbicy","14":"product_cat-compact-cargo","15":"product_cat-inbicy","16":"product_cat-io-inbicy","17":"product_tag-e-bike","18":"product_shipping_class-bicicletta","20":"first","21":"instock","22":"shipping-taxable","23":"purchasable","24":"product-type-variable","25":"has-default-attributes"},"gallery_images":[93287,93290,93288,93286],"meta_box":{"short_name":"","marketing_name":"iO InBicy Flash Switch","motore_for_biciclette":["89115"],"biciclette_id":"89129","consegna":"","configurator":[],"single_page_group":{"video_group":[{"link_video":"https:\/\/www.youtube.com\/watch?v=0r-hapSFOP0","title":"iO InBicy, laur\u00e9at du Red Dot Design Award 2023","preheader":"La e-bike cargo pi\u00f9 potente e versatile del 2023 premiata per il suo design","preview":"90564"},{"link_video":"https:\/\/www.youtube.com\/watch?v=qCziv25mKGQ&list=PLy81_ZTJG-sA6ptaBFdj8A_BNJqMsEkJu&index=3","title":"Mode de vie avec iO InBicy","preheader":"Presentazione della pi\u00f9 innovativa cargo e-bike italiana","preview":"90565"},{"link_video":"https:\/\/www.youtube.com\/watch?v=a2tYwVSFKrI&list=PLy81_ZTJG-sA6ptaBFdj8A_BNJqMsEkJu&index=2","title":"Introduction \u00e0 la fonctionnalit\u00e9","preheader":"Dettagli e accessori con sistema brevettato Flash Switch","preview":"90566"},{"link_video":"https:\/\/www.youtube.com\/watch?v=_f0XE8P0GEM&list=PLy81_ZTJG-sA6ptaBFdj8A_BNJqMsEkJu&index=3","title":"Pr\u00e9sentation des prototypes","preheader":"Panoramica della bici cargo nata per la famiglia","preview":"90567"},{"link_video":"https:\/\/www.youtube.com\/watch?v=XPRk6UG6v20","title":"Retour \u00e0 l'\u00e9cole avec IO InBicy","preview":"94112"},{"link_video":"https:\/\/www.youtube.com\/watch?v=TwtrpMbiF2U&ab_channel=DonnoBikes","title":"Explorez le monde passionnant des v\u00e9los \u00e9lectriques multifonctionnels avec IO InBicy !","preview":"94113"}],"galleria_fotografica":{"image":["90544","90545","90546","90547","90548","90549","90550","90551","90552"],"galleria_banner":["90522","90538","94910","94696","90539","90540","94787","94729","94724","94694","95698","94913","94706"]},"versatilita":{"title":"iO INBICY FLASH SWITCH. NEW GENERATION U-TILITY BIKE.","desc":"iO InBicy Flash Switch \u00e8 molte bici in una. Combina versatilit\u00e0 e comfort con prestazioni straordinarie. Ha eccellenti capacit\u00e0 di carico con una manovrabilit\u00e0 sorprendente. La sua facilit\u00e0 d\u2019uso ti sorprender\u00e0. L'equilibrio perfetto tra estetica, stabilit\u00e0 e agilit\u00e0 di guida a pieno carico la rende l\u2019unica bici che serve in citt\u00e0, in periferia e in contesti pi\u00f9 rurali.  \u00c8 compatibile con un'ampia gamma di accessori ed \u00e8 in grado di trasportare un carico triplo rispetto ad una normale bicicletta. ","versatilita_group":[{"image":"90568","title":"iO Essenziale","desc":"Senza accessori \u00e8 una e-bike che nasconde una ultraleggera, perfetta anche off road e su terreni accidentati. Affrontare le salite \u00e8 un gioco da ragazzi."},{"image":"90569","title":"iO Cargo Urbano","desc":"Portapacchi da 70cm a cui agganciare grandi borse laterali e il maxi cesto anteriore rendono la bici perfetta per tutti i giorni."},{"image":"90570","title":"iO Famiglia Light","desc":"Compatible con Yepp, Qibbel e la maggior parte dei seggiolini disponibili sul mercato. Le aste di sicurezza sono facoltative ma altamente raccomandate."},{"image":"90571","title":"iO Passeggero","desc":"Trasporta un passeggero adulto (90kg max) con il portapacchi posteriore da 56cm. I poggiapiedi garantiscono comfort durante la corsa."},{"image":"90572","title":"iO Duo Bimbi","desc":"Porta un bambino su un seggiolino e un secondo pi\u00f9 piccolo sul retro. A differenza delle normali bici, \u00e8 disegnata per portare il carico in sicurezza."},{"image":"90573","title":"iO Duo Sicuro","desc":"Raddoppia con due bambini piccoli nei seggiolini. Le aste di sicurezza riducono il rischio di caduta e di impatto sui bambini, fornendo appoggio."},{"image":"90575","title":"iO Junior","desc":"Porta in sicurezza due bambini pi\u00f9 grandi. Le barre del portapacchi sono disegnate per proteggere le gambe e gli abiti dei passeggeri dai raggi della ruota."},{"image":"90576","title":"iO Carico Sicuro","desc":"Alloggia pacchi fino a 60x40cm tra le aste, in alternativa alle cinghie di fissaggio. Il grande cesto anteriore porta altri pacchi fino a 38x38cm."}]},"edition":"2","video_single":["96102"],"prevideo":{"title":"L'innovation sur deux roues","logo":"96767"},"charakteristicks":{"list":[{"text1":"iO InBicy Flash Switch ha","text2":"5,0x","text3":"di durata","text4":"rispetto a una bici tradizionale"},{"text1":"iO InBicy Flash Switch \u00e8 fino a","text2":"1,5x","text3":"pi\u00f9 leggera","text4":"rispetto al 90% delle cargo bike"},{"text1":"iO InBicy Flash Switch \u00e8 fino a","text2":"2,0x","text3":"pi\u00f9 potente","text4":"rispetto alle altre cargo bike"}]},"vantaggi":[{"title":"Qualit\u00e9 sup\u00e9rieure","desc":"Prodotta in Italia con componenti di alta gamma, fatta per durare nel tempo.","icon":"96771"},{"title":"Id\u00e9al pour les familles","desc":"Trasporta fino a 3 bambini in modo comodo e sicuro.","icon":"96774"},{"title":"Moteur puissant","desc":"Assistenza elettrica fino a 90Nm, perfetta per la citt\u00e0 e le salite.","icon":"96773"},{"title":"Antivol avec GPS","desc":"Massima sicurezza della tua cargo bike, con localizzazione GPS.","icon":"96772"}],"banner_think":"97618","banner_think_mobile":"97619","title_hero":"iO InBicy Flash Switch","pretitle_hero":"Innovazione del Futuro","paga":"La tua da \u20ac102\/mese","configuration":{"title":"Pour votre confort. Configurations pr\u00eates \u00e0 l'emploi","post":["96318","96317","96316","96303","94263"]}},"catalog_group":{"quote":"2 COLORI \/ 2 VARIANTI","text":"La cargo bike elettrica che ti far\u00e0 cambiare idea sulle cargo bike! Una vera regina della versatilit\u00e0.","vuoi":"Una e-bike cargo dalle dimensioni di una normale bicicletta che ti semplifichi la vita quotidiana. Con un sistema brevettato per il cambio immediato di configurazione. Potente senza sacrificare la straordinaria portata. Facile e divertente da guidare, con o senza carico. E bella da morire!"}},"_links":{"self":[{"href":"https:\/\/donnobikes.com\/fr\/wp-json\/wp\/v2\/product\/88429","targetHints":{"allow":["GET"]}}],"collection":[{"href":"https:\/\/donnobikes.com\/fr\/wp-json\/wp\/v2\/product"}],"about":[{"href":"https:\/\/donnobikes.com\/fr\/wp-json\/wp\/v2\/types\/product"}],"replies":[{"embeddable":true,"href":"https:\/\/donnobikes.com\/fr\/wp-json\/wp\/v2\/comments?post=88429"}],"wp:featuredmedia":[{"embeddable":true,"href":"https:\/\/donnobikes.com\/fr\/wp-json\/wp\/v2\/media\/93872"}],"wp:attachment":[{"href":"https:\/\/donnobikes.com\/fr\/wp-json\/wp\/v2\/media?parent=88429"}],"wp:term":[{"taxonomy":"product_brand","embeddable":true,"href":"https:\/\/donnobikes.com\/fr\/wp-json\/wp\/v2\/product_brand?post=88429"},{"taxonomy":"product_cat","embeddable":true,"href":"https:\/\/donnobikes.com\/fr\/wp-json\/wp\/v2\/product_cat?post=88429"},{"taxonomy":"product_tag","embeddable":true,"href":"https:\/\/donnobikes.com\/fr\/wp-json\/wp\/v2\/product_tag?post=88429"}],"curies":[{"name":"wp","href":"https:\/\/api.w.org\/{rel}","templated":true}]}}