{"id":89661,"date":"2023-04-16T08:40:22","date_gmt":"2023-04-16T06:40:22","guid":{"rendered":"https:\/\/new.donnobikes.com\/?post_type=product&#038;p=89661"},"modified":"2024-03-06T13:00:04","modified_gmt":"2024-03-06T12:00:04","slug":"remorque-de-velo-pour-chiens","status":"publish","type":"product","link":"https:\/\/donnobikes.com\/fr\/produit\/remorque-de-velo-pour-chiens\/","title":{"rendered":"XLC Doggy Van remorque \u00e0 v\u00e9lo"},"content":{"rendered":"<h3>Compatible avec tous les mod\u00e8les de v\u00e9los<\/h3>\n<p>La remorque \u00e0 v\u00e9lo XLC Doggy Van est id\u00e9ale pour transporter un ou plusieurs chiens. La remorque se fixe \u00e0 l'arri\u00e8re du v\u00e9lo \u00e0 l'aide d'un bras de 25,4 mm et d'un attelage universel, inclus dans l'emballage.<\/p>\n<ul>\n<li>Fabriqu\u00e9 \u00e0 partir d'un cadre en acier solide.<\/li>\n<li>Roues de 16\u2033. Elles peuvent \u00eatre facilement d\u00e9tach\u00e9es pour le stockage.<\/li>\n<li>Le sol est en plastique rigide et mesure 56 x 77 cm.<\/li>\n<li>La hauteur int\u00e9rieure est de 52 cm.<\/li>\n<li>La remorque a une largeur ext\u00e9rieure de 73 cm, y compris les roues.<\/li>\n<li>Poids 11,2 kg.<\/li>\n<li>Capacit\u00e9 de charge maximale de 30 kg,<\/li>\n<li>Le tissu d'ameublement est hydrofuge.<\/li>\n<li>\u00c9quip\u00e9 de deux grandes ouvertures zipp\u00e9es qui permettent aux chiens de monter et descendre par l'avant et par l'arri\u00e8re.<\/li>\n<li>Chaque c\u00f4t\u00e9 est dot\u00e9 d'une grande fen\u00eatre avec une moustiquaire qui prot\u00e8ge des insectes, des \u00e9claboussures et de la poussi\u00e8re de la rue.<\/li>\n<li>Il est \u00e9quip\u00e9 d'un feu arri\u00e8re XLC CL-R15 rouge et d'une pochette d'accessoires pour transporter une bouteille d'eau et le go\u00fbter du chien.<\/li>\n<\/ul>\n<div style=\"text-align: left;\" align=\"center\"><\/div>","protected":false},"excerpt":{"rendered":"<p>Compatibile con tutti i modelli di bicicletta Il rimorchio da bicicletta per cani XLC Doggy Van \u00e8 ideale per trasportare uno o pi\u00f9 cani . Il rimorchio si aggancia alla parte posteriore della bici con un braccio da 25.4mm e un attacco universale, inclusi nella confezione. Realizzato con un solido telaio in acciaio. Ruote da [&hellip;]<\/p>\n","protected":false},"featured_media":92916,"comment_status":"open","ping_status":"closed","template":"","meta":[],"product_brand":[],"product_cat":[23],"product_tag":[],"class_list":{"0":"post-89661","1":"product","2":"type-product","3":"status-publish","4":"has-post-thumbnail","6":"product_cat-accessori-vari","7":"product_shipping_class-accessori","9":"first","10":"instock","11":"shipping-taxable","12":"purchasable","13":"product-type-simple"},"gallery_images":[92917,92919,92918,92920],"meta_box":{"short_name":"Rimorchio per cani XLC Doggy Van","marketing_name":"","motore_for_biciclette":[],"biciclette_id":"","consegna":"","configurator":[],"single_page_group":[],"catalog_group":[]},"_links":{"self":[{"href":"https:\/\/donnobikes.com\/fr\/wp-json\/wp\/v2\/product\/89661","targetHints":{"allow":["GET"]}}],"collection":[{"href":"https:\/\/donnobikes.com\/fr\/wp-json\/wp\/v2\/product"}],"about":[{"href":"https:\/\/donnobikes.com\/fr\/wp-json\/wp\/v2\/types\/product"}],"replies":[{"embeddable":true,"href":"https:\/\/donnobikes.com\/fr\/wp-json\/wp\/v2\/comments?post=89661"}],"wp:featuredmedia":[{"embeddable":true,"href":"https:\/\/donnobikes.com\/fr\/wp-json\/wp\/v2\/media\/92916"}],"wp:attachment":[{"href":"https:\/\/donnobikes.com\/fr\/wp-json\/wp\/v2\/media?parent=89661"}],"wp:term":[{"taxonomy":"product_brand","embeddable":true,"href":"https:\/\/donnobikes.com\/fr\/wp-json\/wp\/v2\/product_brand?post=89661"},{"taxonomy":"product_cat","embeddable":true,"href":"https:\/\/donnobikes.com\/fr\/wp-json\/wp\/v2\/product_cat?post=89661"},{"taxonomy":"product_tag","embeddable":true,"href":"https:\/\/donnobikes.com\/fr\/wp-json\/wp\/v2\/product_tag?post=89661"}],"curies":[{"name":"wp","href":"https:\/\/api.w.org\/{rel}","templated":true}]}}