{"id":89670,"date":"2023-04-17T10:15:43","date_gmt":"2023-04-17T08:15:43","guid":{"rendered":"https:\/\/new.donnobikes.com\/?post_type=product&#038;p=89670"},"modified":"2024-06-29T23:16:30","modified_gmt":"2024-06-29T21:16:30","slug":"pack-n-pedal-thule-basket","status":"publish","type":"product","link":"https:\/\/donnobikes.com\/fr\/produit\/pack-n-pedal-thule-basket\/","title":{"rendered":"Pack'n Pedal Panier Thule"},"content":{"rendered":"<h3>Compatible avec tous les v\u00e9los Donno<\/h3>\n<p>Le panier Pack'n Pedal, fabriqu\u00e9 par Thule, est un panier \u00e0 v\u00e9lo l\u00e9ger, \u00e9l\u00e9gant et polyvalent. Il se fixe solidement au porte-bagages avant ou arri\u00e8re du v\u00e9lo et offre un grand espace de rangement.<\/p>\n<ul>\n<li>Fabriqu\u00e9 en plastique noir avec des inserts en aluminium.<\/li>\n<li>Dimensions : 40 x 34 x 22 cm.<\/li>\n<li>Poids : 1,2 kg.<\/li>\n<li>Capacit\u00e9 de 27 litres.<\/li>\n<\/ul>","protected":false},"excerpt":{"rendered":"<p>Compatibile con tutte le biciclette Donno Bikes il Cesto Pack&#8217;n Pedal prodotto da Thule, \u00e8 un cestino per bicicletta leggero, elegante e versatile. Si aggancia fermamente ai portapacchi frontali o posteriori della bici e offre una grande quantit\u00e0 di spazio per riporre gli oggetti. Realizzato in plastica nera con inserti in alluminio. Dimensioni 40 x [&hellip;]<\/p>\n","protected":false},"featured_media":92870,"comment_status":"open","ping_status":"closed","template":"","meta":[],"product_brand":[],"product_cat":[23],"product_tag":[],"class_list":{"0":"post-89670","1":"product","2":"type-product","3":"status-publish","4":"has-post-thumbnail","6":"product_cat-accessori-vari","7":"product_shipping_class-accessori","9":"first","10":"instock","11":"shipping-taxable","12":"purchasable","13":"product-type-simple"},"gallery_images":[92871,92872],"meta_box":{"short_name":"Cesto Pack'n Pedal Thule","marketing_name":"","motore_for_biciclette":[],"biciclette_id":"","consegna":"","configurator":[],"single_page_group":[],"catalog_group":[]},"_links":{"self":[{"href":"https:\/\/donnobikes.com\/fr\/wp-json\/wp\/v2\/product\/89670","targetHints":{"allow":["GET"]}}],"collection":[{"href":"https:\/\/donnobikes.com\/fr\/wp-json\/wp\/v2\/product"}],"about":[{"href":"https:\/\/donnobikes.com\/fr\/wp-json\/wp\/v2\/types\/product"}],"replies":[{"embeddable":true,"href":"https:\/\/donnobikes.com\/fr\/wp-json\/wp\/v2\/comments?post=89670"}],"wp:featuredmedia":[{"embeddable":true,"href":"https:\/\/donnobikes.com\/fr\/wp-json\/wp\/v2\/media\/92870"}],"wp:attachment":[{"href":"https:\/\/donnobikes.com\/fr\/wp-json\/wp\/v2\/media?parent=89670"}],"wp:term":[{"taxonomy":"product_brand","embeddable":true,"href":"https:\/\/donnobikes.com\/fr\/wp-json\/wp\/v2\/product_brand?post=89670"},{"taxonomy":"product_cat","embeddable":true,"href":"https:\/\/donnobikes.com\/fr\/wp-json\/wp\/v2\/product_cat?post=89670"},{"taxonomy":"product_tag","embeddable":true,"href":"https:\/\/donnobikes.com\/fr\/wp-json\/wp\/v2\/product_tag?post=89670"}],"curies":[{"name":"wp","href":"https:\/\/api.w.org\/{rel}","templated":true}]}}