{"id":91160,"date":"2023-06-04T11:53:05","date_gmt":"2023-06-04T09:53:05","guid":{"rendered":"https:\/\/new.donnobikes.com\/?post_type=product&#038;p=91160"},"modified":"2026-02-09T10:03:28","modified_gmt":"2026-02-09T09:03:28","slug":"hold-on-bars-yuba","status":"publish","type":"product","link":"https:\/\/donnobikes.com\/fr\/produit\/hold-on-bars-yuba\/","title":{"rendered":"Tenue de guidon Yuba"},"content":{"rendered":"<h3>Compatible avec tous les mod\u00e8les de v\u00e9los cargo<\/h3>\n<p>Hold On Bars Yuba est un guidon pour enfants (et adultes !) qui permet au passager de s'accrocher en toute s\u00e9curit\u00e9 \u00e0 l'arri\u00e8re du v\u00e9lo cargo pendant qu'il roule, ce qui permet au cycliste de p\u00e9daler en toute tranquillit\u00e9.<\/p>\n<p>Il se fixe \u00e0 la tige de selle et est compatible avec de nombreux accessoires : combinez-le avec les Soft Spots pour un confort maximal \u00e0 l'arri\u00e8re du si\u00e8ge !<\/p>\n<p>La couleur et les dimensions peuvent varier en fonction du lot de production.<\/p>","protected":false},"excerpt":{"rendered":"<p>Compatibili con tutti i modelli di cargo bike Hold On Bars Yuba \u00e8 un manubrio per bambini (e adulti!) che consente al passeggero di tenersi in sicurezza sul retro della cargo bike durante la corsa, permettendo al ciclista di pedalare con tranquillit\u00e0. Si attacca al reggisella ed \u00e8 compatibile con molti accessori diversi: combinalo con [&hellip;]<\/p>\n","protected":false},"featured_media":91161,"comment_status":"closed","ping_status":"closed","template":"","meta":[],"product_brand":[],"product_cat":[16,639,21,651],"product_tag":[],"class_list":{"0":"post-91160","1":"product","2":"type-product","3":"status-publish","4":"has-post-thumbnail","6":"product_cat-yuba-accessori","7":"product_cat-seduta-e-carico-posteriore-2","8":"product_cat-yuba","9":"product_cat-yuba-kombi-db-seduta-e-carico-posteriore-2","10":"product_shipping_class-accessori","12":"first","13":"instock","14":"shipping-taxable","15":"purchasable","16":"product-type-simple"},"gallery_images":[91162,91163,91165,91166,91167],"meta_box":{"short_name":"Manubrio Hold On","marketing_name":"","motore_for_biciclette":[],"biciclette_id":"","consegna":"","configurator":[],"single_page_group":[],"catalog_group":[]},"_links":{"self":[{"href":"https:\/\/donnobikes.com\/fr\/wp-json\/wp\/v2\/product\/91160","targetHints":{"allow":["GET"]}}],"collection":[{"href":"https:\/\/donnobikes.com\/fr\/wp-json\/wp\/v2\/product"}],"about":[{"href":"https:\/\/donnobikes.com\/fr\/wp-json\/wp\/v2\/types\/product"}],"replies":[{"embeddable":true,"href":"https:\/\/donnobikes.com\/fr\/wp-json\/wp\/v2\/comments?post=91160"}],"wp:featuredmedia":[{"embeddable":true,"href":"https:\/\/donnobikes.com\/fr\/wp-json\/wp\/v2\/media\/91161"}],"wp:attachment":[{"href":"https:\/\/donnobikes.com\/fr\/wp-json\/wp\/v2\/media?parent=91160"}],"wp:term":[{"taxonomy":"product_brand","embeddable":true,"href":"https:\/\/donnobikes.com\/fr\/wp-json\/wp\/v2\/product_brand?post=91160"},{"taxonomy":"product_cat","embeddable":true,"href":"https:\/\/donnobikes.com\/fr\/wp-json\/wp\/v2\/product_cat?post=91160"},{"taxonomy":"product_tag","embeddable":true,"href":"https:\/\/donnobikes.com\/fr\/wp-json\/wp\/v2\/product_tag?post=91160"}],"curies":[{"name":"wp","href":"https:\/\/api.w.org\/{rel}","templated":true}]}}