{"id":91215,"date":"2023-06-05T08:01:17","date_gmt":"2023-06-05T06:01:17","guid":{"rendered":"https:\/\/new.donnobikes.com\/?post_type=product&#038;p=91215"},"modified":"2026-02-09T10:03:19","modified_gmt":"2026-02-09T09:03:19","slug":"carry-on-yuba","status":"publish","type":"product","link":"https:\/\/donnobikes.com\/fr\/produit\/carry-on-yuba\/","title":{"rendered":"Extension de la surface de chargement Carry-On Yuba"},"content":{"rendered":"<h3>Compatible avec tous les mod\u00e8les Spicy Curry<\/h3>\n<p>Carry-On Yuba est une extension du plateau de chargement pour les v\u00e9los cargo longtail Spicy Curry de Yuba.<\/p>\n<p>Facile \u00e0 installer, Carry-On se fixe directement au cadre, cr\u00e9ant ainsi une plateforme de chargement plate et solide. Il peut transporter jusqu'\u00e0 27 kg de chaque c\u00f4t\u00e9 : ajoutez les sacs 2-Go, vendus s\u00e9par\u00e9ment, pour utiliser une capacit\u00e9 de transport totale de plus de 100 kg \u00e0 l'arri\u00e8re de votre bo\u00eete de transport Spicy Curry !<\/p>\n<p>Pour transporter en toute s\u00e9curit\u00e9 des charges plus volumineuses, nous recommandons d'utiliser des sangles ou le Sideboards Yuba Spicy Curry, vendu s\u00e9par\u00e9ment. L'extension Carry-On est compatible avec le Yuba Deck, vendu s\u00e9par\u00e9ment. Diff\u00e9rentes combinaisons sont possibles gr\u00e2ce aux fixations M5 sur diff\u00e9rents points du cadre du v\u00e9lo cargo.<\/p>","protected":false},"excerpt":{"rendered":"<p>Compatibile con tutti i modelli Spicy Curry Carry-On Yuba \u00e8 un&#8217;estensione del piano di carico per le cargo bike longtail Spicy Curry di Yuba. Facile da installare, Carry-On si aggancia direttamente al telaio, creando una piattaforma di carico piatta e solida. Pu\u00f2 trasportare fino a 27 kg su ciascun lato: aggiungi le borse 2-Go, in [&hellip;]<\/p>\n","protected":false},"featured_media":91216,"comment_status":"closed","ping_status":"closed","template":"","meta":[],"product_brand":[],"product_cat":[16,21],"product_tag":[],"class_list":{"0":"post-91215","1":"product","2":"type-product","3":"status-publish","4":"has-post-thumbnail","6":"product_cat-yuba-accessori","7":"product_cat-yuba","8":"product_shipping_class-accessori","10":"first","11":"instock","12":"shipping-taxable","13":"purchasable","14":"product-type-simple"},"gallery_images":[91217,91218,91219,91224,91223,91221,91220,91222],"meta_box":{"short_name":"Estensione Carry-On","marketing_name":"","motore_for_biciclette":[],"biciclette_id":"","consegna":"","configurator":[],"single_page_group":[],"catalog_group":[]},"_links":{"self":[{"href":"https:\/\/donnobikes.com\/fr\/wp-json\/wp\/v2\/product\/91215","targetHints":{"allow":["GET"]}}],"collection":[{"href":"https:\/\/donnobikes.com\/fr\/wp-json\/wp\/v2\/product"}],"about":[{"href":"https:\/\/donnobikes.com\/fr\/wp-json\/wp\/v2\/types\/product"}],"replies":[{"embeddable":true,"href":"https:\/\/donnobikes.com\/fr\/wp-json\/wp\/v2\/comments?post=91215"}],"wp:featuredmedia":[{"embeddable":true,"href":"https:\/\/donnobikes.com\/fr\/wp-json\/wp\/v2\/media\/91216"}],"wp:attachment":[{"href":"https:\/\/donnobikes.com\/fr\/wp-json\/wp\/v2\/media?parent=91215"}],"wp:term":[{"taxonomy":"product_brand","embeddable":true,"href":"https:\/\/donnobikes.com\/fr\/wp-json\/wp\/v2\/product_brand?post=91215"},{"taxonomy":"product_cat","embeddable":true,"href":"https:\/\/donnobikes.com\/fr\/wp-json\/wp\/v2\/product_cat?post=91215"},{"taxonomy":"product_tag","embeddable":true,"href":"https:\/\/donnobikes.com\/fr\/wp-json\/wp\/v2\/product_tag?post=91215"}],"curies":[{"name":"wp","href":"https:\/\/api.w.org\/{rel}","templated":true}]}}