{"id":91226,"date":"2023-06-05T08:22:39","date_gmt":"2023-06-05T06:22:39","guid":{"rendered":"https:\/\/new.donnobikes.com\/?post_type=product&#038;p=91226"},"modified":"2026-02-09T10:02:56","modified_gmt":"2026-02-09T09:02:56","slug":"jambe-en-lair-yuba-mundo","status":"publish","type":"product","link":"https:\/\/donnobikes.com\/fr\/produit\/jambe-en-lair-yuba-mundo\/","title":{"rendered":"Repose-pieds Yuba Leg-Up"},"content":{"rendered":"<h3>Compatible avec tous les mod\u00e8les Mundo<\/h3>\n<p>Leg-Up Yuba est un repose-pieds l\u00e9ger mais extr\u00eamement confortable, compos\u00e9 d'une barre horizontale qui se fixe directement au cadre, offrant une alternative aux Sideboards Yuba Mundo vendus s\u00e9par\u00e9ment.<\/p>\n<p>Con\u00e7u pour soutenir les jambes d'un passager de petite taille, enfant ou adulte, c'est l'accessoire parfait pour garder vos pieds en s\u00e9curit\u00e9 et au repos pendant le voyage.<\/p>","protected":false},"excerpt":{"rendered":"<p>Compatibili con tutti i modelli Mundo Leg-Up Yuba \u00e8 un poggiapiedi leggero ma estremamente confortevole, composto da una barra orizzontale che si attacca direttamente al telaio offrendo un&#8217;alternativa alle sponde laterali Sideboards Yuba Mundo, in vendita a parte. Progettato per sostenere le gambe di un passeggero di bassa statura, bambino o adulto, \u00e8 l&#8217;accessorio perfetto [&hellip;]<\/p>\n","protected":false},"featured_media":91227,"comment_status":"closed","ping_status":"closed","template":"","meta":[],"product_brand":[],"product_cat":[16,639,21,651],"product_tag":[],"class_list":{"0":"post-91226","1":"product","2":"type-product","3":"status-publish","4":"has-post-thumbnail","6":"product_cat-yuba-accessori","7":"product_cat-seduta-e-carico-posteriore-2","8":"product_cat-yuba","9":"product_cat-yuba-kombi-db-seduta-e-carico-posteriore-2","10":"product_shipping_class-accessori","12":"first","13":"instock","14":"shipping-taxable","15":"purchasable","16":"product-type-simple"},"gallery_images":[91228,91230,91229],"meta_box":{"short_name":"Poggiapiedi Leg-Up","marketing_name":"","motore_for_biciclette":[],"biciclette_id":"","consegna":"","configurator":[],"single_page_group":[],"catalog_group":[]},"_links":{"self":[{"href":"https:\/\/donnobikes.com\/fr\/wp-json\/wp\/v2\/product\/91226","targetHints":{"allow":["GET"]}}],"collection":[{"href":"https:\/\/donnobikes.com\/fr\/wp-json\/wp\/v2\/product"}],"about":[{"href":"https:\/\/donnobikes.com\/fr\/wp-json\/wp\/v2\/types\/product"}],"replies":[{"embeddable":true,"href":"https:\/\/donnobikes.com\/fr\/wp-json\/wp\/v2\/comments?post=91226"}],"wp:featuredmedia":[{"embeddable":true,"href":"https:\/\/donnobikes.com\/fr\/wp-json\/wp\/v2\/media\/91227"}],"wp:attachment":[{"href":"https:\/\/donnobikes.com\/fr\/wp-json\/wp\/v2\/media?parent=91226"}],"wp:term":[{"taxonomy":"product_brand","embeddable":true,"href":"https:\/\/donnobikes.com\/fr\/wp-json\/wp\/v2\/product_brand?post=91226"},{"taxonomy":"product_cat","embeddable":true,"href":"https:\/\/donnobikes.com\/fr\/wp-json\/wp\/v2\/product_cat?post=91226"},{"taxonomy":"product_tag","embeddable":true,"href":"https:\/\/donnobikes.com\/fr\/wp-json\/wp\/v2\/product_tag?post=91226"}],"curies":[{"name":"wp","href":"https:\/\/api.w.org\/{rel}","templated":true}]}}