{"id":91251,"date":"2023-06-05T11:34:47","date_gmt":"2023-06-05T09:34:47","guid":{"rendered":"https:\/\/new.donnobikes.com\/?post_type=product&#038;p=91251"},"modified":"2026-02-09T10:02:43","modified_gmt":"2026-02-09T09:02:43","slug":"drs-sling-yuba","status":"publish","type":"product","link":"https:\/\/donnobikes.com\/fr\/produit\/drs-sling-yuba\/","title":{"rendered":"Paire de sacs de harnais DRS et housse Yuba"},"content":{"rendered":"<h3>Compatible avec Yuba Fastrack<\/h3>\n<p>DRS Sling Yuba est un syst\u00e8me innovant et pratique qui permet de fixer une paire de sacoches maxi directement sur le cadre du v\u00e9lo cargo Yuba Fastrack. R\u00e9alis\u00e9es en nylon 1000D, les deux sacoches sont imperm\u00e9ables et, gr\u00e2ce au DRS (Dual Rack System) de Fastrack, elles peuvent \u00eatre transform\u00e9es en une seule housse qui permet de transporter des charges dans toutes les conditions m\u00e9t\u00e9orologiques !<\/p>\n<p>Le harnais DRS Yuba se monte \u00e0 cheval sur le porte-bagages arri\u00e8re, o\u00f9 il se fixe directement pour plus de stabilit\u00e9 et de s\u00e9curit\u00e9. De plus, des sangles \u00e9lastiques sont fournies pour l'adapter au Dual Rack System, et il offre 3 possibilit\u00e9s de chargement :<\/p>\n<ul>\n<li>Position basse (sideloaders) : sacoches plac\u00e9es de chaque c\u00f4t\u00e9 du v\u00e9lo et munies de rabats.<\/li>\n<li>Position basse (sideloaders) : sacoches situ\u00e9es de chaque c\u00f4t\u00e9 du v\u00e9lo, sans rabat, pour les objets plus longs ou plus encombrants.<\/li>\n<li>Position haute (carry-on) : sacs lat\u00e9raux convertis avec des rabats de raidissement pour placer des objets sur le dessus du porte-bagages arri\u00e8re, les prot\u00e9geant ainsi des intemp\u00e9ries et garantissant que le chargement reste s\u00e9curis\u00e9.<\/li>\n<\/ul>","protected":false},"excerpt":{"rendered":"<p>Compatibile con Yuba Fastrack DRS Sling Yuba \u00e8 un innovativo e pratico sistema che permette di agganciare una coppia di maxi borse direttamente al telaio della cargo bike Fastrack di Yuba. Realizzate in nylon 1000D, le due borse sono impermeabili e, grazie DRS (Dual Rack System) di Fastrack, si possono trasformare in un&#8217;unica copertura che [&hellip;]<\/p>\n","protected":false},"featured_media":91252,"comment_status":"closed","ping_status":"closed","template":"","meta":[],"product_brand":[],"product_cat":[16,639,21,651],"product_tag":[88],"class_list":{"0":"post-91251","1":"product","2":"type-product","3":"status-publish","4":"has-post-thumbnail","6":"product_cat-yuba-accessori","7":"product_cat-seduta-e-carico-posteriore-2","8":"product_cat-yuba","9":"product_cat-yuba-kombi-db-seduta-e-carico-posteriore-2","10":"product_tag-borsa","11":"product_shipping_class-accessori","13":"first","14":"instock","15":"shipping-taxable","16":"purchasable","17":"product-type-simple"},"gallery_images":[91257,91254,91255,91256,91253],"meta_box":{"short_name":"Coppia Borse DRS Sling","marketing_name":"","motore_for_biciclette":[],"biciclette_id":"","consegna":"","configurator":[],"single_page_group":[],"catalog_group":[]},"_links":{"self":[{"href":"https:\/\/donnobikes.com\/fr\/wp-json\/wp\/v2\/product\/91251","targetHints":{"allow":["GET"]}}],"collection":[{"href":"https:\/\/donnobikes.com\/fr\/wp-json\/wp\/v2\/product"}],"about":[{"href":"https:\/\/donnobikes.com\/fr\/wp-json\/wp\/v2\/types\/product"}],"replies":[{"embeddable":true,"href":"https:\/\/donnobikes.com\/fr\/wp-json\/wp\/v2\/comments?post=91251"}],"wp:featuredmedia":[{"embeddable":true,"href":"https:\/\/donnobikes.com\/fr\/wp-json\/wp\/v2\/media\/91252"}],"wp:attachment":[{"href":"https:\/\/donnobikes.com\/fr\/wp-json\/wp\/v2\/media?parent=91251"}],"wp:term":[{"taxonomy":"product_brand","embeddable":true,"href":"https:\/\/donnobikes.com\/fr\/wp-json\/wp\/v2\/product_brand?post=91251"},{"taxonomy":"product_cat","embeddable":true,"href":"https:\/\/donnobikes.com\/fr\/wp-json\/wp\/v2\/product_cat?post=91251"},{"taxonomy":"product_tag","embeddable":true,"href":"https:\/\/donnobikes.com\/fr\/wp-json\/wp\/v2\/product_tag?post=91251"}],"curies":[{"name":"wp","href":"https:\/\/api.w.org\/{rel}","templated":true}]}}