{"id":91262,"date":"2023-06-05T13:28:16","date_gmt":"2023-06-05T11:28:16","guid":{"rendered":"https:\/\/new.donnobikes.com\/?post_type=product&#038;p=91262"},"modified":"2026-02-09T10:02:28","modified_gmt":"2026-02-09T09:02:28","slug":"sangles-cargo-yuba","status":"publish","type":"product","link":"https:\/\/donnobikes.com\/fr\/produit\/sangles-cargo-yuba\/","title":{"rendered":"Sangles de chargement Yuba"},"content":{"rendered":"<h3>Compatible avec tous les mod\u00e8les de v\u00e9los cargo<\/h3>\n<p>Les Yuba Cargo Straps sont une paire de sangles de chargement essentielles pour le style de vie du v\u00e9lo cargo.<\/p>\n<p>Ils facilitent les plus grandes charges et les transports les plus extr\u00eames. Simple, mais impressionnant, c'est un accessoire que vous voudrez toujours avoir \u00e0 port\u00e9e de main dans votre sac. La boucle en aluminium et la sangle en coton sont suffisamment solides et durables pour s\u00e9curiser tout ce que vous devez transporter le long de la route.<\/p>","protected":false},"excerpt":{"rendered":"<p>Compatibile con tutti i modelli di cargo bikes Le Cargo Straps Yuba sono una coppia di cinghie da carico essenziali per lo stile di vita delle cargo bike. Facilitano i carichi pi\u00f9 grandi e i trasporti pi\u00f9 estremi. Semplice, ma d&#8217;effetto, \u00e8 un accessorio che vorrai avere sempre pronto in borsa. La fibbia in alluminio [&hellip;]<\/p>\n","protected":false},"featured_media":91263,"comment_status":"closed","ping_status":"closed","template":"","meta":[],"product_brand":[],"product_cat":[16,639,21,651],"product_tag":[],"class_list":{"0":"post-91262","1":"product","2":"type-product","3":"status-publish","4":"has-post-thumbnail","6":"product_cat-yuba-accessori","7":"product_cat-seduta-e-carico-posteriore-2","8":"product_cat-yuba","9":"product_cat-yuba-kombi-db-seduta-e-carico-posteriore-2","10":"product_shipping_class-accessori","12":"first","13":"instock","14":"shipping-taxable","15":"purchasable","16":"product-type-simple"},"gallery_images":[91264,91280,91265,91266,91267],"meta_box":{"short_name":"Cinghie Cargo Straps","marketing_name":"","motore_for_biciclette":[],"biciclette_id":"","consegna":"","configurator":[],"single_page_group":[],"catalog_group":[]},"_links":{"self":[{"href":"https:\/\/donnobikes.com\/fr\/wp-json\/wp\/v2\/product\/91262","targetHints":{"allow":["GET"]}}],"collection":[{"href":"https:\/\/donnobikes.com\/fr\/wp-json\/wp\/v2\/product"}],"about":[{"href":"https:\/\/donnobikes.com\/fr\/wp-json\/wp\/v2\/types\/product"}],"replies":[{"embeddable":true,"href":"https:\/\/donnobikes.com\/fr\/wp-json\/wp\/v2\/comments?post=91262"}],"wp:featuredmedia":[{"embeddable":true,"href":"https:\/\/donnobikes.com\/fr\/wp-json\/wp\/v2\/media\/91263"}],"wp:attachment":[{"href":"https:\/\/donnobikes.com\/fr\/wp-json\/wp\/v2\/media?parent=91262"}],"wp:term":[{"taxonomy":"product_brand","embeddable":true,"href":"https:\/\/donnobikes.com\/fr\/wp-json\/wp\/v2\/product_brand?post=91262"},{"taxonomy":"product_cat","embeddable":true,"href":"https:\/\/donnobikes.com\/fr\/wp-json\/wp\/v2\/product_cat?post=91262"},{"taxonomy":"product_tag","embeddable":true,"href":"https:\/\/donnobikes.com\/fr\/wp-json\/wp\/v2\/product_tag?post=91262"}],"curies":[{"name":"wp","href":"https:\/\/api.w.org\/{rel}","templated":true}]}}