{"id":91335,"date":"2023-06-06T08:38:52","date_gmt":"2023-06-06T06:38:52","guid":{"rendered":"https:\/\/new.donnobikes.com\/?post_type=product&#038;p=91335"},"modified":"2024-03-06T13:00:05","modified_gmt":"2024-03-06T12:00:05","slug":"siege-2b3-yuba","status":"publish","type":"product","link":"https:\/\/donnobikes.com\/fr\/produit\/siege-2b3-yuba\/","title":{"rendered":"Si\u00e8ge enfant 2b3 Yuba"},"content":{"rendered":"<h3>Compatible avec Bamboo Box et Open Loader<\/h3>\n<p>2b3 Yuba est un si\u00e8ge complet qui permet \u00e0 un enfant de voyager en toute s\u00e9curit\u00e9 dans le conteneur avant du v\u00e9lo cargo Yuba Supercargo. Il est install\u00e9 devant le kit de si\u00e8ge, avec le dos tourn\u00e9 vers la route, de sorte que l'enfant s'assoit face au conducteur. Approuv\u00e9 pour les enfants \u00e2g\u00e9s de 3 \u00e0 7 ans.<\/p>\n<p>Le panneau de base et la bo\u00eete \u00e0 bambou ou le chargeur ouvert, vendus s\u00e9par\u00e9ment, sont n\u00e9cessaires pour l'installation.<\/p>\n<p>Le si\u00e8ge 2b3 est le compl\u00e9ment id\u00e9al pour optimiser la capacit\u00e9 de charge de votre Supercargo ! Il est \u00e9quip\u00e9 d'un dossier profil\u00e9 en mousse r\u00e9sistante aux chocs et aux intemp\u00e9ries, d'une ceinture de s\u00e9curit\u00e9 \u00e0 3 points, d'un coussin Mini Soft Spot rembourr\u00e9 et de tout ce dont vous avez besoin pour l'installation. Il est facile \u00e0 installer, mais pour l'installer sur l'Open Loader, vous devez suivre les instructions disponibles sur ce lien.<\/p>","protected":false},"excerpt":{"rendered":"<p>Compatibile con Bamboo Box e Open Loader 2b3 Yuba \u00e8 un seggiolino completo che permette ad un bambino di viaggiare in tutta sicurezza nel contenitore frontale della cargo bike Supercargo di Yuba. Si installa di fronte al Seat Kit, con la schiena rivolta verso la strada, in modo che il bambino si sieda guardando il [&hellip;]<\/p>\n","protected":false},"featured_media":91336,"comment_status":"closed","ping_status":"closed","template":"","meta":[],"product_brand":[],"product_cat":[16,601,21],"product_tag":[],"class_list":{"0":"post-91335","1":"product","2":"type-product","3":"status-publish","4":"has-post-thumbnail","6":"product_cat-yuba-accessori","7":"product_cat-seggiolini-e-sedute","8":"product_cat-yuba","9":"product_shipping_class-accessori","11":"first","12":"instock","13":"shipping-taxable","14":"purchasable","15":"product-type-simple"},"gallery_images":[91337,91340,91341,91338,91339],"meta_box":{"short_name":"Seggiolino 2b3","marketing_name":"","motore_for_biciclette":[],"biciclette_id":"","consegna":"","configurator":[],"single_page_group":[],"catalog_group":[]},"_links":{"self":[{"href":"https:\/\/donnobikes.com\/fr\/wp-json\/wp\/v2\/product\/91335","targetHints":{"allow":["GET"]}}],"collection":[{"href":"https:\/\/donnobikes.com\/fr\/wp-json\/wp\/v2\/product"}],"about":[{"href":"https:\/\/donnobikes.com\/fr\/wp-json\/wp\/v2\/types\/product"}],"replies":[{"embeddable":true,"href":"https:\/\/donnobikes.com\/fr\/wp-json\/wp\/v2\/comments?post=91335"}],"wp:featuredmedia":[{"embeddable":true,"href":"https:\/\/donnobikes.com\/fr\/wp-json\/wp\/v2\/media\/91336"}],"wp:attachment":[{"href":"https:\/\/donnobikes.com\/fr\/wp-json\/wp\/v2\/media?parent=91335"}],"wp:term":[{"taxonomy":"product_brand","embeddable":true,"href":"https:\/\/donnobikes.com\/fr\/wp-json\/wp\/v2\/product_brand?post=91335"},{"taxonomy":"product_cat","embeddable":true,"href":"https:\/\/donnobikes.com\/fr\/wp-json\/wp\/v2\/product_cat?post=91335"},{"taxonomy":"product_tag","embeddable":true,"href":"https:\/\/donnobikes.com\/fr\/wp-json\/wp\/v2\/product_tag?post=91335"}],"curies":[{"name":"wp","href":"https:\/\/api.w.org\/{rel}","templated":true}]}}