{"id":92207,"date":"2023-06-16T12:19:37","date_gmt":"2023-06-16T10:19:37","guid":{"rendered":"https:\/\/new.donnobikes.com\/?post_type=product&#038;p=92207"},"modified":"2025-06-11T11:35:24","modified_gmt":"2025-06-11T09:35:24","slug":"yuba-spicy-curry-tout-terrain","status":"publish","type":"product","link":"https:\/\/donnobikes.com\/fr\/produit\/yuba-spicy-curry-tout-terrain\/","title":{"rendered":"Yuba Spicy Curry All Terrain"},"content":{"rendered":"<h3>Le v\u00e9lo cargo ultime pour les aventures tout-terrain !<\/h3>\n<p>Le Yuba Spicy Curry All Terrain (AT) est un v\u00e9lo cargo tout-terrain, l'\u00e9volution tout-terrain du VTT cargo Spicy Curry. Ce mod\u00e8le sp\u00e9cial de v\u00e9lo cargo est robuste, puissant et facile \u00e0 manier tout en transportant tout, des sacs de couchage aux tentes, en passant par les passagers et l'\u00e9quipement.<\/p>\n<p><strong>Con\u00e7u pour l'aventure<\/strong>. Le Yuba Spicy Curry All Terrain a tout ce dont votre famille a besoin pour une aventure en plein air. Un moteur puissant qui conquiert toutes les montagnes. Une suspension qui transforme les sentiers impraticables en chemins praticables. La capacit\u00e9 de charge pour transporter tout ce dont vous avez besoin pour une randonn\u00e9e, un camping, une excursion hors route. Si vous voulez rapprocher vos enfants de la nature, il n'y a pas de meilleur compagnon que le Spicy Curry All Terrain.<\/p>\n<p><strong>Con\u00e7u pour le tout-terrain.<\/strong> Si vous roulez sur un terrain accident\u00e9, vous devez pouvoir compter sur votre v\u00e9lo pour ne pas perdre l'adh\u00e9rence ou d\u00e9river dangereusement et perdre l'\u00e9quilibre \u00e0 chaque rocher ou racine. Surtout lorsque vous \u00eates compl\u00e8tement charg\u00e9. Avec le Spicy Curry All Terrain, cela n'arrive pas gr\u00e2ce \u00e0 la conception unique de son cadre \u00e0 centre de gravit\u00e9 bas, de sa fourche \u00e0 suspension et de sa tige de selle \u00e0 suspension. Les pneus de VTT offrent la bonne dose d'adh\u00e9rence. Et bien s\u00fbr, m\u00eame en ville, la suspension du Yuba Spicy Curry All Terrain est tr\u00e8s utile pour affronter les nids-de-poule et les trottoirs \u00e9lev\u00e9s !<\/p>","protected":false},"excerpt":{"rendered":"<p>Moteur Bosch Cargo Line 250W<\/p>","protected":false},"featured_media":93333,"comment_status":"open","ping_status":"closed","template":"","meta":[],"product_brand":[],"product_cat":[621,622,623,33,624,626,594,524,21],"product_tag":[36],"class_list":{"0":"post-92207","1":"product","2":"type-product","3":"status-publish","4":"has-post-thumbnail","6":"product_cat-bici-da-carico","7":"product_cat-bici-da-trasporto","8":"product_cat-bici-per-trasporto-bambini","9":"product_cat-biciclette","10":"product_cat-cargo-bike","11":"product_cat-cargo-bike-elettrica","12":"product_cat-catalogo","13":"product_cat-full-size-cargo","14":"product_cat-yuba","15":"product_tag-e-bike","16":"product_shipping_class-bicicletta","18":"first","19":"outofstock","20":"shipping-taxable","21":"purchasable","22":"product-type-simple"},"gallery_images":[93332,93331,93334],"meta_box":{"short_name":"","marketing_name":"YUBA SPICY CURRY AT","motore_for_biciclette":["89128"],"biciclette_id":"93125","consegna":"","configurator":[],"single_page_group":{"video_group":[{"link_video":"https:\/\/www.youtube.com\/watch?v=jvDyKNVPOyE","title":"Un VTT cargo pour sortir des sentiers battus","preheader":"A suo perfetto agio tra boschi, montagne e terreni sconnessi","preview":"93595"},{"link_video":"https:\/\/www.youtube.com\/watch?v=an_IVTHXyaQ","title":"D\u00e9couvrez les sp\u00e9cifications du v\u00e9lo cargo crossover","preheader":"La prima cargo bike elettrica progettata per tutti i terreni","preview":"93596"}],"galleria_fotografica":{"image":["92211","92212","92213","92214","92215","92216","92217","92218","92219"],"galleria_banner":["92220","92221","92222","92223"]},"versatilita":{"title":"YUBA SPICY CURRY ALL TERRAIN. V\u00c9LO \u00c9LECTRIQUE U-TILITY DE NOUVELLE G\u00c9N\u00c9RATION.","desc":"Yuba Spicy Curry All Terrain, \u00e8 la versione off-road di Spicy Curry, di cui conserva stabilit\u00e0 e facilit\u00e0 di guida. Ci\u00f2 che la rende unica \u00e8 la versatilit\u00e0 con cui si adatta a micro-avventure su sentieri e percorsi pi\u00f9 impegnativi. La potenza del motore Bosch e dei freni idraulici, associati alla pi\u00f9 ampia gamma di accessori Yuba progettati in esclusiva per questo modello, rendono perfetta questa full cargo e-bike per condizioni climatiche estreme, come ghiaccio e neve, e adatta ad ogni ambiente, dal bosco al lago, dalle montagne alla spiaggia, dal deserto al lungofiume.","versatilita_group":[{"image":"93336","desc":"Senza accessori sembra una e-bike pi\u00f9 lunga del normale ma sono il baricentro basso e l'equipaggiamento off-road che la rendono unica."},{"image":"93338","desc":"Portapacchi da 95cm a cui agganciare grandi borse laterali e una borsa spesa nel cesto anteriore ne fanno una perfetta cargo per avventure."},{"image":"93337","desc":"L'accessorio Carry-On crea una notevole estensione del piano di carico per trasportare carichi larghi e ingombranti su piano orizzontale."},{"image":"93339","desc":"Con l'estensione del piano e Sideboard rialzati, protegge i carichi. Trasporta tutto, dal picnic in spiaggia all'equipaggiamento per il campeggio."},{"image":"93342","desc":"Compatible con Yepp, Qibbel e la maggior parte dei seggiolini disponibili sul mercato. La cargo bike \u00e8 progettata per portare due bambini in sicurezza."},{"image":"93343","desc":"Porta un bambino su un seggiolino e un secondo pi\u00f9 grande sul retro. Le aste di sicurezza sono facoltative ma assolutamente raccomandate."},{"image":"93340","desc":"Porta in sicurezza due bambini pi\u00f9 grandi. Gli accessori per i passeggeri sono disegnati per sostenere ma anche far divertire i tuoi figli."},{"image":"93341","desc":"Porta uno o due passeggeri adulti. Le sponde laterali e le maniglie tra cui scegliere garantiscono comfort e appiglio sicuro durante la corsa."},{"image":"89498"}]},"fotogallery_sync":"92093"},"catalog_group":{"quote":"1 COLORE","text":"La cargo bike definitiva per avventure fuoristrada arriva in Italia! Esci dai sentieri battuti!","vuoi":"Una cargo bike off-road adatta per tutti i terreni, che ti apra le porte ad avventure su qualunque percorso. Grintosa, potente e facile da maneggiare mentre trasporta di tutto, dai sacchi a pelo, alle tende, dai passeggeri all\u2019attrezzatura. "}},"_links":{"self":[{"href":"https:\/\/donnobikes.com\/fr\/wp-json\/wp\/v2\/product\/92207","targetHints":{"allow":["GET"]}}],"collection":[{"href":"https:\/\/donnobikes.com\/fr\/wp-json\/wp\/v2\/product"}],"about":[{"href":"https:\/\/donnobikes.com\/fr\/wp-json\/wp\/v2\/types\/product"}],"replies":[{"embeddable":true,"href":"https:\/\/donnobikes.com\/fr\/wp-json\/wp\/v2\/comments?post=92207"}],"wp:featuredmedia":[{"embeddable":true,"href":"https:\/\/donnobikes.com\/fr\/wp-json\/wp\/v2\/media\/93333"}],"wp:attachment":[{"href":"https:\/\/donnobikes.com\/fr\/wp-json\/wp\/v2\/media?parent=92207"}],"wp:term":[{"taxonomy":"product_brand","embeddable":true,"href":"https:\/\/donnobikes.com\/fr\/wp-json\/wp\/v2\/product_brand?post=92207"},{"taxonomy":"product_cat","embeddable":true,"href":"https:\/\/donnobikes.com\/fr\/wp-json\/wp\/v2\/product_cat?post=92207"},{"taxonomy":"product_tag","embeddable":true,"href":"https:\/\/donnobikes.com\/fr\/wp-json\/wp\/v2\/product_tag?post=92207"}],"curies":[{"name":"wp","href":"https:\/\/api.w.org\/{rel}","templated":true}]}}