{"id":92921,"date":"2023-06-22T07:42:03","date_gmt":"2023-06-22T05:42:03","guid":{"rendered":"https:\/\/new.donnobikes.com\/?post_type=product&#038;p=92921"},"modified":"2024-06-12T07:25:39","modified_gmt":"2024-06-12T05:25:39","slug":"panier-pour-chien-au-basilic","status":"publish","type":"product","link":"https:\/\/donnobikes.com\/fr\/produit\/panier-pour-chien-au-basilic\/","title":{"rendered":"Panier pour chien Basil Buddy"},"content":{"rendered":"<h3>Compatible avec tous les v\u00e9los Donno<\/h3>\n<p>Basil Buddy est un panier pour chien, id\u00e9al pour transporter les petits animaux \u00e0 v\u00e9lo. C'est le choix id\u00e9al pour leur donner de l'espace pendant le trajet, m\u00eame avec le bandeau de la cage. Parfait pour les visites chez le v\u00e9t\u00e9rinaire ou pour emmener le chien au parc. Il a un design moderne et est compatible avec la plupart des cadres de v\u00e9lo, y compris les v\u00e9los \u00e9lectriques.<\/p>\n<ul>\n<li>Dimensions : 45 x 33 x 22 cm.<\/li>\n<li>Fabriqu\u00e9 en plastique.<\/li>\n<li>Avec un coussin rembourr\u00e9 et une sangle pour s\u00e9curiser votre compagnon \u00e0 quatre pattes.<\/li>\n<li>L'\u00e9lastique r\u00e9fl\u00e9chissant basilaire reste en place.<\/li>\n<li>Syst\u00e8me MIK, raccord r\u00e9glable qui se fixe \u00e0 la plupart des porte-bagages arri\u00e8re ou avant d'une largeur comprise entre 10 cm et 17 cm.<\/li>\n<\/ul>","protected":false},"excerpt":{"rendered":"<p>Compatibile con tutte le biciclette Donno Bikes Basil Buddy \u00e8 un cesto per cani, ideale per trasportare animali di piccola taglia in bicicletta. La scelta ideale che offre loro spazio durante la corsa, anche con l&#8217;archetto a gabbietta inserito. Perfetto per le visite dal veterinario o per portare il cane al parco. Ha un design [&hellip;]<\/p>\n","protected":false},"featured_media":92922,"comment_status":"open","ping_status":"closed","template":"","meta":[],"product_brand":[],"product_cat":[23],"product_tag":[],"class_list":{"0":"post-92921","1":"product","2":"type-product","3":"status-publish","4":"has-post-thumbnail","6":"product_cat-accessori-vari","7":"product_shipping_class-accessori","9":"first","10":"outofstock","11":"shipping-taxable","12":"purchasable","13":"product-type-simple"},"gallery_images":[92923,92924,92926,92927,92928,92930,92940],"meta_box":{"short_name":"Cesto per cani Basil Buddy","marketing_name":"","motore_for_biciclette":[],"biciclette_id":"","consegna":"","configurator":[],"single_page_group":[],"catalog_group":[]},"_links":{"self":[{"href":"https:\/\/donnobikes.com\/fr\/wp-json\/wp\/v2\/product\/92921","targetHints":{"allow":["GET"]}}],"collection":[{"href":"https:\/\/donnobikes.com\/fr\/wp-json\/wp\/v2\/product"}],"about":[{"href":"https:\/\/donnobikes.com\/fr\/wp-json\/wp\/v2\/types\/product"}],"replies":[{"embeddable":true,"href":"https:\/\/donnobikes.com\/fr\/wp-json\/wp\/v2\/comments?post=92921"}],"wp:featuredmedia":[{"embeddable":true,"href":"https:\/\/donnobikes.com\/fr\/wp-json\/wp\/v2\/media\/92922"}],"wp:attachment":[{"href":"https:\/\/donnobikes.com\/fr\/wp-json\/wp\/v2\/media?parent=92921"}],"wp:term":[{"taxonomy":"product_brand","embeddable":true,"href":"https:\/\/donnobikes.com\/fr\/wp-json\/wp\/v2\/product_brand?post=92921"},{"taxonomy":"product_cat","embeddable":true,"href":"https:\/\/donnobikes.com\/fr\/wp-json\/wp\/v2\/product_cat?post=92921"},{"taxonomy":"product_tag","embeddable":true,"href":"https:\/\/donnobikes.com\/fr\/wp-json\/wp\/v2\/product_tag?post=92921"}],"curies":[{"name":"wp","href":"https:\/\/api.w.org\/{rel}","templated":true}]}}