{"id":93065,"date":"2023-06-24T12:30:44","date_gmt":"2023-06-24T10:30:44","guid":{"rendered":"https:\/\/new.donnobikes.com\/?post_type=product&#038;p=93065"},"modified":"2024-11-18T10:51:29","modified_gmt":"2024-11-18T09:51:29","slug":"valise-de-velo-pliante-ahooga","status":"publish","type":"product","link":"https:\/\/donnobikes.com\/fr\/produit\/valise-de-velo-pliante-ahooga\/","title":{"rendered":"Housse de v\u00e9lo pliante Ahooga"},"content":{"rendered":"<h3>Compatible avec tous les mod\u00e8les pliants Ahooga<\/h3>\n<p>La housse de v\u00e9lo pliante Ahooga est :<\/p>\n<ul>\n<li>Fabriqu\u00e9<span class=\"a-list-item\"> Fabriqu\u00e9 en nylon 210D ripstop, l\u00e9ger, durable et d\u00e9perlant. <\/span><\/li>\n<li><span class=\"a-list-item\">Utile pour le stockage \u00e0 la maison ou dans le garage, mais aussi en cas de mauvais temps pendant la course. <\/span><\/li>\n<li><span class=\"a-list-item\">Lorsque la valise est mont\u00e9e, le v\u00e9lo de ville peut \u00eatre soulev\u00e9 et transport\u00e9 gr\u00e2ce \u00e0 sa charni\u00e8re intelligente.<\/span><\/li>\n<li>La valise est rang\u00e9e dans une sacoche de selle compacte, qui est incluse et peut \u00eatre transport\u00e9e attach\u00e9e \u00e0 la tige de selle, o\u00f9 elle peut rester m\u00eame lorsque le v\u00e9lo est pli\u00e9.<\/li>\n<\/ul>","protected":false},"excerpt":{"rendered":"<p>Compatibile con tutti i modelli Ahooga pieghevoli La custodia per bici pieghevoli Ahooga \u00e8: Realizzata in nylon ripstop 210D, leggero, resistente ed idrorepellente. Utile per riporla in casa o in garage, ma anche in caso di maltempo durante la corsa. Quando la custodia \u00e8 montata, la city bike pu\u00f2 essere sollevata e trasportata grazie alla [&hellip;]<\/p>\n","protected":false},"featured_media":93066,"comment_status":"closed","ping_status":"closed","template":"","meta":[],"product_brand":[],"product_cat":[78],"product_tag":[88],"class_list":{"0":"post-93065","1":"product","2":"type-product","3":"status-publish","4":"has-post-thumbnail","6":"product_cat-ahooga-accessori","7":"product_tag-borsa","8":"product_shipping_class-accessori","10":"first","11":"outofstock","12":"shipping-taxable","13":"purchasable","14":"product-type-simple"},"gallery_images":[93067,93068,93071,93069,93070],"meta_box":{"short_name":"Custodia per bici pieghevoli","marketing_name":"","motore_for_biciclette":[],"biciclette_id":"","consegna":"","configurator":[],"single_page_group":[],"catalog_group":[]},"_links":{"self":[{"href":"https:\/\/donnobikes.com\/fr\/wp-json\/wp\/v2\/product\/93065","targetHints":{"allow":["GET"]}}],"collection":[{"href":"https:\/\/donnobikes.com\/fr\/wp-json\/wp\/v2\/product"}],"about":[{"href":"https:\/\/donnobikes.com\/fr\/wp-json\/wp\/v2\/types\/product"}],"replies":[{"embeddable":true,"href":"https:\/\/donnobikes.com\/fr\/wp-json\/wp\/v2\/comments?post=93065"}],"wp:featuredmedia":[{"embeddable":true,"href":"https:\/\/donnobikes.com\/fr\/wp-json\/wp\/v2\/media\/93066"}],"wp:attachment":[{"href":"https:\/\/donnobikes.com\/fr\/wp-json\/wp\/v2\/media?parent=93065"}],"wp:term":[{"taxonomy":"product_brand","embeddable":true,"href":"https:\/\/donnobikes.com\/fr\/wp-json\/wp\/v2\/product_brand?post=93065"},{"taxonomy":"product_cat","embeddable":true,"href":"https:\/\/donnobikes.com\/fr\/wp-json\/wp\/v2\/product_cat?post=93065"},{"taxonomy":"product_tag","embeddable":true,"href":"https:\/\/donnobikes.com\/fr\/wp-json\/wp\/v2\/product_tag?post=93065"}],"curies":[{"name":"wp","href":"https:\/\/api.w.org\/{rel}","templated":true}]}}