{"id":93649,"date":"2023-07-13T03:17:32","date_gmt":"2023-07-13T01:17:32","guid":{"rendered":"https:\/\/new.donnobikes.com\/?post_type=product&#038;p=93649"},"modified":"2025-10-22T12:08:42","modified_gmt":"2025-10-22T10:08:42","slug":"ahooga-analog-0v","status":"publish","type":"product","link":"https:\/\/donnobikes.com\/fr\/produit\/ahooga-analog-0v\/","title":{"rendered":"Ahooga Analogique 0V"},"content":{"rendered":"<div class=\"uncode_text_column\">\n<div class=\"uncode_text_column\">\n<h2>Le v\u00e9lo de ville pliant le plus l\u00e9ger du march\u00e9 !<\/h2>\n<p class=\"_04xlpA direction-ltr align-start para-style-body\">L'Ahooga Analog 0V est un v\u00e9lo pliant compact et ultra-l\u00e9ger. Comme tous les v\u00e9los pliants Ahooga, il se distingue par sa vitesse de pliage et la grande solidit\u00e9 de son cadre. Un cadre triangulaire, sans charni\u00e8res, qui reste en une seule pi\u00e8ce pendant toutes les phases de pliage. Le syst\u00e8me brevet\u00e9 \"Double Triangle Twin Tube\" d'Ahooga am\u00e9liore l'exp\u00e9rience de conduite en \u00e9liminant la flexion du cadre pendant le p\u00e9dalage. De plus, le cadre ne se casse pas au niveau des charni\u00e8res, comme c'est g\u00e9n\u00e9ralement le cas avec les cadres pliants. La qualit\u00e9 et les performances de l'Ahooga Analog 0V ont \u00e9t\u00e9 r\u00e9compens\u00e9es par le Red Dot Design Award en 2018 et 2021.<\/p>\n<p><strong>Superlight. <\/strong>Le v\u00e9lo Ahooga Active 24V est unisexe, stable, confortable et extr\u00eamement l\u00e9ger. Ce v\u00e9lo de ville pliant ne p\u00e8se que 12 kg, soit beaucoup moins que votre valise de vacances !<\/p>\n<p><strong>Deux niveaux de pliage.<\/strong> En 2 secondes, il se plie en deux et peut \u00eatre transport\u00e9 sur des roues comme un chariot. En 10 secondes, il se replie compl\u00e8tement et ne mesure plus que 85 x 36 x 70 cm. Vous pouvez facilement l'emmener du m\u00e9tro au bar, du bureau au bus, du train \u00e0 votre salon.<\/p>\n<\/div>\n<p><strong>Trois variantes<\/strong>. Les deux mod\u00e8les offrent trois variantes de finition pour diff\u00e9rents niveaux de confort et de go\u00fbt personnel. L'Essential est \u00e9quip\u00e9 d'une selle en cuir avec clous Cro-Mo, de poign\u00e9es en li\u00e8ge et en caoutchouc noir, et de p\u00e9dales en caoutchouc noir. Comfort Plus adopte des composants enti\u00e8rement noirs, avec une selle en cuir noir \u00e0 crampons Cro-Mo, des poign\u00e9es ergonomiques et des p\u00e9dales en caoutchouc noir. Style Plus se distingue par l'adoption de composants de qualit\u00e9 sup\u00e9rieure tels qu'une selle en cuir avec rails Cro-Mo et si\u00e8ge anatomique, des poign\u00e9es ergonomiques en li\u00e8ge et des p\u00e9dales pliantes en m\u00e9tal.<\/p>\n<\/div>","protected":false},"excerpt":{"rendered":"<p>Sans moteur (musculaire) - Couleur White Sunrise - Poign\u00e9es en li\u00e8ge et caoutchouc noir - Selle en cuir avec crampons et ressorts Cro-Mo<\/p>","protected":false},"featured_media":92892,"comment_status":"open","ping_status":"closed","template":"","meta":[],"product_brand":[],"product_cat":[73,33,592,594,618],"product_tag":[69,36,65,76],"class_list":{"0":"post-93649","1":"product","2":"type-product","3":"status-publish","4":"has-post-thumbnail","6":"product_cat-ahooga","7":"product_cat-biciclette","8":"product_cat-biciclette-muscolari","9":"product_cat-catalogo","10":"product_cat-black-friday","11":"product_tag-city-bike","12":"product_tag-e-bike","13":"product_tag-muscolare","14":"product_tag-pieghevole","15":"product_shipping_class-bicicletta","17":"first","18":"instock","19":"shipping-taxable","20":"purchasable","21":"product-type-variable","22":"has-default-attributes"},"gallery_images":[92899,92898,92896,92894,92897,92895],"meta_box":{"short_name":"","marketing_name":"AHOOGA ANALOG 0V","motore_for_biciclette":[],"biciclette_id":"93664","consegna":"","configurator":[],"single_page_group":{"video_group":[{"link_video":"https:\/\/www.youtube.com\/watch?v=33ytiZCZL48","title":"Une combinaison unique de caract\u00e9ristiques","preheader":"Vivi la citt\u00e0 a 360\u00b0 con una bici pieghevole ibrida!","preview":"93624"},{"link_video":"https:\/\/www.youtube.com\/watch?v=LuY5tFZWRTI","title":"Tout ce que l'on peut attendre d'un v\u00e9lo pliant","preheader":"Puoi portarla ovunque. Ti trasporta ovunque.","preview":"93626"},{"link_video":"https:\/\/www.youtube.com\/watch?v=O_keK6x07GQ","title":"Mode de vie quotidien","preheader":"Una bici pieghevole che rivoluzione la mobilit\u00e0 urbana","preview":"93627"},{"link_video":"https:\/\/www.youtube.com\/watch?v=QulW34GeHO8","title":"De notre atelier","preheader":"Come si piega e si rimonta Ahooga Folding","preview":"93628"}],"galleria_fotografica":{"image":["93666","93667","93668","93669","93670","93671"],"galleria_banner":["92627","92628","93672","92630"]},"versatilita":{"title":"AHOOGA ANALOG 0V. V\u00c9LO UTILITAIRE NOUVELLE G\u00c9N\u00c9RATION.","desc":"Ahooga Analog 0V \u00e8 la city bike ideale per single e pendolari. Ma non solo. Consente di andare al lavoro anche su lunghe distanze, con una combinazione di mezzi pubblici e corsa in bici. Ideale anche per affrontare qualunque improvviso cambio di clima. Ma questa city bike pieghevole offre soluzioni sorprendenti grazie al suo portapacchi e agli accessori da manubrio. Se pensavi che con una bicicletta pieghevole non fosse possibile trasportare piccoli carichi, Ahooga Analog 0V cambier\u00e0 il tuo modo di guardare il mondo delle city bike.","versatilita_group":[{"image":"93674","desc":"Senza accessori \u00e8 una pieghevole ultraleggera, che si differenzia per la resistenza del suo telaio grazie all'assenza di cerniere e per la sua velocit\u00e0 di piegatura."},{"image":"93679","desc":"Portapacchi posteriore con portata fino a 20kg per agganciare cestini e assicurare pesi, consente di trasportare carichi quotidiani. Un accessorio sorprendente per una pieghevole."},{"image":"93673","desc":"Compatible con Yepp, Qibbel e la maggior parte dei seggiolini disponibili sul mercato. Puoi portare un bambino in sicurezza entro i 20kg incluso il peso del seggiolino."},{"image":"93680","desc":"Porta una sacca, un pallone, un pacchetto e altri carichi. Con il supporto VarioRack pu\u00f2 trasportare fino a 7kg. Le sue cinghie assicurano il carico."},{"image":"93676","desc":"Porta 2 borse fino a 25 litri agganciate al portapacchi. In combinazione con una borsa sul supporto VarioRack trasporta tutto quello che serve."},{"image":"93675","desc":"Trasporta capienti borse laterali e uno zaino da agganciare al manubrio, da portare in spalla quando la corsa \u00e8 terminata. Ideale per studenti e pendolari."},{"image":"93677","desc":"Porta in sicurezza un animale domestico di piccola taglia con il trasportino agganciabile al manubrio o al portapacchi, per andare al parco o dal veterinario."},{"image":"93678","desc":"Raddoppia con un animale di piccola taglia nel trasportino e un bambino nel seggiolino. L'unico limite \u00e8 la portata massima di 105kg incluso il ciclista."},{"image":"89498"}]},"edition":"0"},"catalog_group":{"quote":"3 COLORI \/ 3 VARIANTI","text":"La city bike pieghevole muscolare pi\u00f9 leggera sul mercato e dal telaio indistruttibile! ","vuoi":"Una bicicletta pieghevole che sia un piacere guidare e sia tua alleata nel fitness, che puoi portare ovunque come un trolley o leggerissima da trasportare a mano. Una city bike che puoi personalizzare nei dettagli del comfort e faccia girare le teste quando passi per la strada!"}},"_links":{"self":[{"href":"https:\/\/donnobikes.com\/fr\/wp-json\/wp\/v2\/product\/93649","targetHints":{"allow":["GET"]}}],"collection":[{"href":"https:\/\/donnobikes.com\/fr\/wp-json\/wp\/v2\/product"}],"about":[{"href":"https:\/\/donnobikes.com\/fr\/wp-json\/wp\/v2\/types\/product"}],"replies":[{"embeddable":true,"href":"https:\/\/donnobikes.com\/fr\/wp-json\/wp\/v2\/comments?post=93649"}],"wp:featuredmedia":[{"embeddable":true,"href":"https:\/\/donnobikes.com\/fr\/wp-json\/wp\/v2\/media\/92892"}],"wp:attachment":[{"href":"https:\/\/donnobikes.com\/fr\/wp-json\/wp\/v2\/media?parent=93649"}],"wp:term":[{"taxonomy":"product_brand","embeddable":true,"href":"https:\/\/donnobikes.com\/fr\/wp-json\/wp\/v2\/product_brand?post=93649"},{"taxonomy":"product_cat","embeddable":true,"href":"https:\/\/donnobikes.com\/fr\/wp-json\/wp\/v2\/product_cat?post=93649"},{"taxonomy":"product_tag","embeddable":true,"href":"https:\/\/donnobikes.com\/fr\/wp-json\/wp\/v2\/product_tag?post=93649"}],"curies":[{"name":"wp","href":"https:\/\/api.w.org\/{rel}","templated":true}]}}