{"id":93656,"date":"2023-07-13T03:18:25","date_gmt":"2023-07-13T01:18:25","guid":{"rendered":"https:\/\/new.donnobikes.com\/?post_type=product&#038;p=93656"},"modified":"2025-10-24T14:45:16","modified_gmt":"2025-10-24T12:45:16","slug":"ahooga-active-24v","status":"publish","type":"product","link":"https:\/\/donnobikes.com\/fr\/produit\/ahooga-active-24v\/","title":{"rendered":"Ahooga Active 24V"},"content":{"rendered":"<div class=\"uncode_text_column\">\n<div class=\"uncode_text_column\">\n<h2>Le v\u00e9lo de ville pliant le plus l\u00e9ger du march\u00e9 !<\/h2>\n<p class=\"_04xlpA direction-ltr align-start para-style-body\">L'Ahooga Active 24V est un v\u00e9lo pliant compact et ultra-l\u00e9ger. Comme tous les v\u00e9los pliants Ahooga, il se distingue par sa vitesse de pliage et la grande solidit\u00e9 de son cadre. Un cadre triangulaire, sans charni\u00e8res, qui reste en une seule pi\u00e8ce pendant toutes les phases de pliage. Le syst\u00e8me brevet\u00e9 \"Double Triangle Twin Tube\" d'Ahooga am\u00e9liore l'exp\u00e9rience de conduite en \u00e9liminant la flexion du cadre pendant le p\u00e9dalage. De plus, le cadre ne se casse pas au niveau des charni\u00e8res, comme c'est g\u00e9n\u00e9ralement le cas avec les cadres pliants. La qualit\u00e9 et les performances de l'Ahooga Active 24V ont \u00e9t\u00e9 r\u00e9compens\u00e9es par le Red Dot Design Award en 2018 et 2021.<\/p>\n<p><strong>Superlight. <\/strong>L'Ahooga Active 24V, dot\u00e9 d'un moteur et d'une batterie qui lui conf\u00e8rent une forte capacit\u00e9 d'escalade, est unisexe, stable et confortable tout en \u00e9tant extr\u00eamement l\u00e9ger. Ce v\u00e9lo de ville pliant ne p\u00e8se que 16 kg, soit moins que votre valise de vacances !<\/p>\n<p><strong>Deux niveaux de pliage.<\/strong> En 2 secondes, il se plie en deux et peut \u00eatre transport\u00e9 sur des roues comme un chariot. En 10 secondes, il se replie compl\u00e8tement et ne mesure plus que 85 x 36 x 70 cm. Vous pouvez facilement l'emmener du m\u00e9tro au bar, du bureau au bus, du train \u00e0 votre salon.<\/p>\n<\/div>\n<p><strong>Trois variantes<\/strong>. Les deux mod\u00e8les offrent trois variantes de finition pour diff\u00e9rents niveaux de confort et de go\u00fbt personnel. L'Essential est \u00e9quip\u00e9 d'une selle en cuir avec clous Cro-Mo, de poign\u00e9es en li\u00e8ge et en caoutchouc noir, et de p\u00e9dales en caoutchouc noir. Comfort Plus adopte des composants enti\u00e8rement noirs, avec une selle en cuir noir \u00e0 crampons Cro-Mo, des poign\u00e9es ergonomiques et des p\u00e9dales en caoutchouc noir. Style Plus se distingue par l'adoption de composants de qualit\u00e9 sup\u00e9rieure tels qu'une selle en cuir avec rails Cro-Mo et si\u00e8ge anatomique, des poign\u00e9es ergonomiques en li\u00e8ge et des p\u00e9dales pliantes en m\u00e9tal.<\/p>\n<\/div>","protected":false},"excerpt":{"rendered":"<p>La city bike pieghevole pi\u00f9 leggera sul mercato! Ahooga Active 24V \u00e8 una bicicletta pieghevole compatta e ultraleggera. Come ogni pieghevole Ahooga, si differenzia per la velocit\u00e0 di piegatura e per l&#8217;alta resistenza del telaio. Un telaio triangolare, senza cerniere, che rimane in un unico pezzo in tutte le fasi di piegatura. Il brevetto Ahooga [&hellip;]<\/p>\n","protected":false},"featured_media":97216,"comment_status":"open","ping_status":"closed","template":"","meta":[],"product_brand":[],"product_cat":[73,33,594,526,527],"product_tag":[76],"class_list":{"0":"post-93656","1":"product","2":"type-product","3":"status-publish","4":"has-post-thumbnail","6":"product_cat-ahooga","7":"product_cat-biciclette","8":"product_cat-catalogo","9":"product_cat-city-bike","10":"product_cat-pieghevoli","11":"product_tag-pieghevole","12":"product_shipping_class-bicicletta","14":"first","15":"instock","16":"shipping-taxable","17":"purchasable","18":"product-type-simple"},"gallery_images":[97217],"meta_box":{"short_name":"","marketing_name":"AHOOGA ACTIVE 24V","motore_for_biciclette":["92411"],"biciclette_id":"92683","consegna":"","configurator":[],"single_page_group":{"video_group":[{"link_video":"https:\/\/www.youtube.com\/watch?v=33ytiZCZL48","title":"Une combinaison unique de caract\u00e9ristiques","preheader":"Vivi la citt\u00e0 a 360\u00b0 con una bici pieghevole ibrida!","preview":"93624"},{"link_video":"https:\/\/www.youtube.com\/watch?v=LuY5tFZWRTI","title":"Tout ce que l'on peut attendre d'un v\u00e9lo pliant","preheader":"Puoi portarla ovunque. Ti trasporta ovunque.","preview":"93626"},{"link_video":"https:\/\/www.youtube.com\/watch?v=O_keK6x07GQ","title":"Mode de vie quotidien","preheader":"Una bici pieghevole che rivoluzione la mobilit\u00e0 urbana","preview":"93627"},{"link_video":"https:\/\/www.youtube.com\/watch?v=QulW34GeHO8","title":"De notre atelier","preheader":"Come si piega e si rimonta Ahooga Folding","preview":"93628"}],"galleria_fotografica":{"image":["92684","92685","92686","92687","92688","92689","92690","92691","92692"],"galleria_banner":["92627","92628","92629","92630"]},"versatilita":{"title":"AHOOGA ACTIVE 24V. V\u00c9LO UTILITAIRE DE NOUVELLE G\u00c9N\u00c9RATION.","desc":"Ahooga Active 24V \u00e8 la city bike ideale per single e pendolari. Ma non solo. Consente di andare al lavoro anche su lunghe distanze, con una combinazione di mezzi pubblici e corsa in bici. Ideale anche per affrontare qualunque improvviso cambio di clima. Ma questa city bike pieghevole offre soluzioni sorprendenti grazie al suo portapacchi e agli accessori da manubrio. Se pensavi che con una bicicletta pieghevole non fosse possibile trasportare piccoli carichi, Ahooga Active 24V cambier\u00e0 il tuo modo di guardare il mondo delle city bike.","versatilita_group":[{"image":"92722","desc":"Senza accessori \u00e8 una pieghevole ultraleggera, che si differenzia per la resistenza del suo telaio grazie all'assenza di cerniere e per la sua velocit\u00e0 di piegatura."},{"image":"92727","desc":"Portapacchi posteriore con portata fino a 20kg per agganciare cestini e assicurare pesi, consente di trasportare carichi quotidiani. Un accessorio sorprendente per una pieghevole."},{"image":"92721","desc":"Compatible con Yepp, Qibbel e la maggior parte dei seggiolini disponibili sul mercato. Puoi portare un bambino in sicurezza entro i 20kg incluso il peso del seggiolino."},{"image":"92728","desc":"Porta una sacca, un pallone, un pacchetto e altri carichi. Con il supporto VarioRack pu\u00f2 trasportare fino a 7kg. Le sue cinghie assicurano il carico."},{"image":"92724","desc":"Porta 2 borse fino a 25 litri agganciate al portapacchi. In combinazione con una borsa sul supporto VarioRack trasporta tutto quello che serve."},{"image":"92723","desc":"Trasporta capienti borse laterali e uno zaino da agganciare al manubrio, da portare in spalla quando la corsa \u00e8 terminata. Ideale per studenti e pendolari."},{"image":"92725","desc":"Porta in sicurezza un animale domestico di piccola taglia con il trasportino agganciabile al manubrio o al portapacchi, per andare al parco o dal veterinario."},{"image":"92726","desc":"Raddoppia con un animale di piccola taglia nel trasportino e un bambino nel seggiolino. L'unico limite \u00e8 la portata massima di 105kg incluso il ciclista."},{"image":"89498"}]},"edition":"0"},"catalog_group":{"quote":"3 COLORI \/ 3 VARIANTI","text":"La city bike pieghevole elettrica pi\u00f9 leggera sul mercato e dal telaio indistruttibile! ","vuoi":"Una bicicletta pieghevole che sia un piacere guidare, che puoi portare ovunque come un trolley o leggerissima da trasportare a mano. Una city bike che puoi personalizzare nei dettagli del comfort, che dura nel tempo e faccia girare le teste quando passi per la strada!"}},"_links":{"self":[{"href":"https:\/\/donnobikes.com\/fr\/wp-json\/wp\/v2\/product\/93656","targetHints":{"allow":["GET"]}}],"collection":[{"href":"https:\/\/donnobikes.com\/fr\/wp-json\/wp\/v2\/product"}],"about":[{"href":"https:\/\/donnobikes.com\/fr\/wp-json\/wp\/v2\/types\/product"}],"replies":[{"embeddable":true,"href":"https:\/\/donnobikes.com\/fr\/wp-json\/wp\/v2\/comments?post=93656"}],"wp:featuredmedia":[{"embeddable":true,"href":"https:\/\/donnobikes.com\/fr\/wp-json\/wp\/v2\/media\/97216"}],"wp:attachment":[{"href":"https:\/\/donnobikes.com\/fr\/wp-json\/wp\/v2\/media?parent=93656"}],"wp:term":[{"taxonomy":"product_brand","embeddable":true,"href":"https:\/\/donnobikes.com\/fr\/wp-json\/wp\/v2\/product_brand?post=93656"},{"taxonomy":"product_cat","embeddable":true,"href":"https:\/\/donnobikes.com\/fr\/wp-json\/wp\/v2\/product_cat?post=93656"},{"taxonomy":"product_tag","embeddable":true,"href":"https:\/\/donnobikes.com\/fr\/wp-json\/wp\/v2\/product_tag?post=93656"}],"curies":[{"name":"wp","href":"https:\/\/api.w.org\/{rel}","templated":true}]}}