{"id":93914,"date":"2023-08-31T14:07:28","date_gmt":"2023-08-31T12:07:28","guid":{"rendered":"https:\/\/donnobikes.com\/?post_type=product&#038;p=93914"},"modified":"2025-02-27T16:44:09","modified_gmt":"2025-02-27T15:44:09","slug":"scarabee-du-mouvement-de-lego-2","status":"publish","type":"product","link":"https:\/\/donnobikes.com\/fr\/produit\/scarabee-du-mouvement-de-lego-2\/","title":{"rendered":"Scarab\u00e9e du mouvement de l'ego"},"content":{"rendered":"<h2>Le v\u00e9lo \u00e9lectrique de nouvelle g\u00e9n\u00e9ration<\/h2>\n<p>Le Scarabeo est un v\u00e9lo \u00e9lectrique de nouvelle g\u00e9n\u00e9ration. La derni\u00e8re cr\u00e9ation d'EGO Movement. Son design est jeune et dynamique et avec un poids de seulement 18,5 kg, le Scarabeo est tr\u00e8s l\u00e9ger et facile \u00e0 manier dans toutes les situations. Ceci est garanti par la pr\u00e9cision suisse et des d\u00e9tails bien pens\u00e9s, tels que des surfaces r\u00e9fl\u00e9chissantes invisibles \u00e0 la lumi\u00e8re du jour qui s'illuminent la nuit et garantissent la s\u00e9curit\u00e9, un puissant moteur arri\u00e8re de 250 W et une batterie au lithium de 350 Wh avec une autonomie allant jusqu'\u00e0 50-60 km.<\/p>\n<p>La finition \u00e9pur\u00e9e du gris fonc\u00e9 et le bleu nuit brillant avec son reflet mystique rappelant la carapace du scarab\u00e9e ne manqueront pas d'attirer l'attention. Pour la premi\u00e8re fois, l'application EGO est int\u00e9gr\u00e9e de s\u00e9rie et, gr\u00e2ce au support pratique, le t\u00e9l\u00e9phone peut \u00eatre facilement mont\u00e9 sur le v\u00e9lo, guidant ainsi le Scarabeo avec facilit\u00e9 \u00e0 travers la ville. Votre t\u00e9l\u00e9phone devient un tableau de bord en temps r\u00e9el \u00e0 utiliser pendant le trajet, afin que vous gardiez une vue et une perspective claires.<\/p>","protected":false},"excerpt":{"rendered":"<p>Bleu<\/p>","protected":false},"featured_media":96117,"comment_status":"open","ping_status":"closed","template":"","meta":[],"product_brand":[],"product_cat":[33,526,591],"product_tag":[],"class_list":{"0":"post-93914","1":"product","2":"type-product","3":"status-publish","4":"has-post-thumbnail","6":"product_cat-biciclette","7":"product_cat-city-bike","8":"product_cat-e-bike","9":"product_shipping_class-bicicletta","11":"first","12":"instock","13":"sold-individually","14":"shipping-taxable","15":"purchasable","16":"product-type-simple"},"gallery_images":[96118,96119,96120],"meta_box":{"short_name":"","marketing_name":"EGO MOVEMENT SCARABEO","motore_for_biciclette":[],"biciclette_id":"93952","consegna":"","configurator":[],"single_page_group":{"galleria_fotografica":{"galleria_banner":["93926"]},"fotogallery_sync":"94082"},"catalog_group":{"quote":"2 colori","text":"La Scarabeo, \u00e8 una bicicletta elettrica di nuova generazione. Il suo design \u00e8 giovane e dinamico e con un peso di soli 18,5 kg"}},"_links":{"self":[{"href":"https:\/\/donnobikes.com\/fr\/wp-json\/wp\/v2\/product\/93914","targetHints":{"allow":["GET"]}}],"collection":[{"href":"https:\/\/donnobikes.com\/fr\/wp-json\/wp\/v2\/product"}],"about":[{"href":"https:\/\/donnobikes.com\/fr\/wp-json\/wp\/v2\/types\/product"}],"replies":[{"embeddable":true,"href":"https:\/\/donnobikes.com\/fr\/wp-json\/wp\/v2\/comments?post=93914"}],"wp:featuredmedia":[{"embeddable":true,"href":"https:\/\/donnobikes.com\/fr\/wp-json\/wp\/v2\/media\/96117"}],"wp:attachment":[{"href":"https:\/\/donnobikes.com\/fr\/wp-json\/wp\/v2\/media?parent=93914"}],"wp:term":[{"taxonomy":"product_brand","embeddable":true,"href":"https:\/\/donnobikes.com\/fr\/wp-json\/wp\/v2\/product_brand?post=93914"},{"taxonomy":"product_cat","embeddable":true,"href":"https:\/\/donnobikes.com\/fr\/wp-json\/wp\/v2\/product_cat?post=93914"},{"taxonomy":"product_tag","embeddable":true,"href":"https:\/\/donnobikes.com\/fr\/wp-json\/wp\/v2\/product_tag?post=93914"}],"curies":[{"name":"wp","href":"https:\/\/api.w.org\/{rel}","templated":true}]}}