{"id":93928,"date":"2023-08-31T14:50:17","date_gmt":"2023-08-31T12:50:17","guid":{"rendered":"https:\/\/donnobikes.com\/?post_type=product&#038;p=93928"},"modified":"2025-02-27T16:44:09","modified_gmt":"2025-02-27T15:44:09","slug":"mouvement-de-lego-jane-2","status":"publish","type":"product","link":"https:\/\/donnobikes.com\/fr\/produit\/mouvement-de-lego-jane-2\/","title":{"rendered":"Mouvement de l'ego Jane"},"content":{"rendered":"<h2>le compagnon id\u00e9al pour d\u00e9couvrir de nouveaux horizons<\/h2>\n<p>Notre Jane aventuri\u00e8re, avec son cadre trap\u00e9zo\u00efdal simple en aluminium et sa position de conduite confortable, est le compagnon id\u00e9al pour explorer r\u00e9guli\u00e8rement et en douceur la campagne et la ville, \u00e0 la d\u00e9couverte de nouveaux horizons.<\/p>\n<p>Gr\u00e2ce \u00e0 l'assistance \u00e9lectrique jusqu'\u00e0 25 km\/h, au nouveau moteur interm\u00e9diaire Bafang MTB ultra-puissant avec un couple de 95 Nm et \u00e0 notre plus grande batterie de 672 Wh, Jane rel\u00e8ve tous les d\u00e9fis avec un sourire radieux. Les sentiers forestiers escarp\u00e9s, la jungle urbaine et les itin\u00e9raires allant jusqu'\u00e0 110-120 km deviennent un plaisir quotidien avec Jane.<\/p>\n<p>Jane est \u00e9quip\u00e9e de feux LED qui s'allument automatiquement au cr\u00e9puscule \u00e0 l'avant et \u00e0 l'arri\u00e8re, d'un feu de freinage et, en plus d'autres composants de haute qualit\u00e9 comme le d\u00e9railleur, elle est \u00e9quip\u00e9e de freins \u00e0 disque hydrauliques de 180 mm de diam\u00e8tre et d'une fourche suspendue avec un d\u00e9battement de 80 mm.<\/p>\n<p>Outre les pneus tout-terrain dont Jane est \u00e9quip\u00e9e de s\u00e9rie, des pneus de route ou d'autres options telles qu'une tige de selle amortissant les chocs ou diff\u00e9rents types de paniers sont disponibles.<\/p>","protected":false},"excerpt":{"rendered":"<p>Noir<\/p>","protected":false},"featured_media":93966,"comment_status":"open","ping_status":"closed","template":"","meta":[],"product_brand":[],"product_cat":[33,526,591],"product_tag":[],"class_list":{"0":"post-93928","1":"product","2":"type-product","3":"status-publish","4":"has-post-thumbnail","6":"product_cat-biciclette","7":"product_cat-city-bike","8":"product_cat-e-bike","9":"product_shipping_class-bicicletta","10":"pa_canna-low-step","11":"pa_canna-unisex","13":"first","14":"outofstock","15":"shipping-taxable","16":"purchasable","17":"product-type-variable","18":"has-default-attributes"},"gallery_images":[93970,93971,93967],"meta_box":{"short_name":"","marketing_name":"EGO MOVEMENT JANE","motore_for_biciclette":[],"biciclette_id":"93953","consegna":"","configurator":[],"single_page_group":{"video_group":[{"link_video":"https:\/\/www.youtube.com\/watch?v=dZml-w3IovQ&ab_channel=DonnoBikes","title":"MOUVEMENT DE L'EGO JANE | CARACT\u00c9RISTIQUES","preview":"94243"}],"galleria_fotografica":{"image":["93984","93980","93981","93983","95378","95379"],"galleria_banner":["93926"]},"fotogallery_sync":"94008"},"catalog_group":{"quote":"2 colori","text":"Una bicicletta \u00e8 l'ideale compagna per esplorare regolarmente e senza problemi sia la campagna che la citt\u00e0, scoprendo cos\u00ec nuovi orizzonti."}},"_links":{"self":[{"href":"https:\/\/donnobikes.com\/fr\/wp-json\/wp\/v2\/product\/93928","targetHints":{"allow":["GET"]}}],"collection":[{"href":"https:\/\/donnobikes.com\/fr\/wp-json\/wp\/v2\/product"}],"about":[{"href":"https:\/\/donnobikes.com\/fr\/wp-json\/wp\/v2\/types\/product"}],"replies":[{"embeddable":true,"href":"https:\/\/donnobikes.com\/fr\/wp-json\/wp\/v2\/comments?post=93928"}],"wp:featuredmedia":[{"embeddable":true,"href":"https:\/\/donnobikes.com\/fr\/wp-json\/wp\/v2\/media\/93966"}],"wp:attachment":[{"href":"https:\/\/donnobikes.com\/fr\/wp-json\/wp\/v2\/media?parent=93928"}],"wp:term":[{"taxonomy":"product_brand","embeddable":true,"href":"https:\/\/donnobikes.com\/fr\/wp-json\/wp\/v2\/product_brand?post=93928"},{"taxonomy":"product_cat","embeddable":true,"href":"https:\/\/donnobikes.com\/fr\/wp-json\/wp\/v2\/product_cat?post=93928"},{"taxonomy":"product_tag","embeddable":true,"href":"https:\/\/donnobikes.com\/fr\/wp-json\/wp\/v2\/product_tag?post=93928"}],"curies":[{"name":"wp","href":"https:\/\/api.w.org\/{rel}","templated":true}]}}