{"id":93929,"date":"2023-08-31T14:50:37","date_gmt":"2023-08-31T12:50:37","guid":{"rendered":"https:\/\/donnobikes.com\/?post_type=product&#038;p=93929"},"modified":"2025-02-27T16:44:09","modified_gmt":"2025-02-27T15:44:09","slug":"mouvement-de-lego-julia-2","status":"publish","type":"product","link":"https:\/\/donnobikes.com\/fr\/produit\/mouvement-de-lego-julia-2\/","title":{"rendered":"Mouvement de l'ego Julia"},"content":{"rendered":"<h2>le compagnon id\u00e9al pour d\u00e9couvrir de nouveaux horizons<\/h2>\n<p>Avec son cadre en aluminium profil\u00e9 et pratique et sa position de conduite droite et confortable, notre Julia est le compagnon id\u00e9al pour se rendre rapidement et fra\u00eechement au travail, pour se promener dans la nature ou pour se rendre confortablement au restaurant le soir sans avoir \u00e0 chercher une place de parking. Gr\u00e2ce \u00e0 l'assistance \u00e9lectrique jusqu'\u00e0 25 km\/h et au puissant moteur interm\u00e9diaire Bafang de 250 W avec capteur de couple, Julia aborde \u00e9galement sans probl\u00e8me les mont\u00e9es raides. La grande batterie de 504 Wh permet d'atteindre une autonomie de 80 km, offrant ainsi la libert\u00e9 de parcourir facilement de plus longues distances.<\/p>\n<p>En plus d'un feu de freinage, Julia est \u00e9quip\u00e9e de feux LED qui s'allument automatiquement \u00e0 la tomb\u00e9e de la nuit \u00e0 l'avant et \u00e0 l'arri\u00e8re, ainsi que d'autres composants de haute qualit\u00e9 tels qu'un moyeu m\u00e9canique facile \u00e0 utiliser, des freins \u00e0 disque efficaces et des pneus larges. En outre, des options telles qu'une fourche amortissante pour les randonn\u00e9es tout-terrain, un panier avant avec fond en bois, un panier arri\u00e8re de la m\u00eame couleur que le cadre ou des cadenas sont disponibles dans nos magasins.<\/p>","protected":false},"excerpt":{"rendered":"<p>Noir<\/p>","protected":false},"featured_media":93959,"comment_status":"open","ping_status":"closed","template":"","meta":[],"product_brand":[],"product_cat":[591,33,526],"product_tag":[],"class_list":{"0":"post-93929","1":"product","2":"type-product","3":"status-publish","4":"has-post-thumbnail","6":"product_cat-e-bike","7":"product_cat-biciclette","8":"product_cat-city-bike","9":"product_shipping_class-bicicletta","11":"first","12":"outofstock","13":"shipping-taxable","14":"purchasable","15":"product-type-variable","16":"has-default-attributes"},"gallery_images":[93960,93961,93962],"meta_box":{"short_name":"","marketing_name":"EGO MOVEMENT JULIA","motore_for_biciclette":[],"biciclette_id":"93954","consegna":"","configurator":[],"single_page_group":{"video_group":[{"link_video":"https:\/\/www.youtube.com\/watch?v=vJZR3jnaatU&ab_channel=DonnoBikes","title":"Ego Movement Julia \/\/ Le v\u00e9lo \u00e9lectrique id\u00e9al pour la ville","preview":"94108"}],"galleria_fotografica":{"galleria_banner":["93926"]},"fotogallery_sync":"94044"},"catalog_group":{"quote":"2 colori","text":"Una bicicletta \u00e8 l'ideale compagna per esplorare regolarmente e senza problemi sia la campagna che la citt\u00e0, scoprendo cos\u00ec nuovi orizzonti."}},"_links":{"self":[{"href":"https:\/\/donnobikes.com\/fr\/wp-json\/wp\/v2\/product\/93929","targetHints":{"allow":["GET"]}}],"collection":[{"href":"https:\/\/donnobikes.com\/fr\/wp-json\/wp\/v2\/product"}],"about":[{"href":"https:\/\/donnobikes.com\/fr\/wp-json\/wp\/v2\/types\/product"}],"replies":[{"embeddable":true,"href":"https:\/\/donnobikes.com\/fr\/wp-json\/wp\/v2\/comments?post=93929"}],"wp:featuredmedia":[{"embeddable":true,"href":"https:\/\/donnobikes.com\/fr\/wp-json\/wp\/v2\/media\/93959"}],"wp:attachment":[{"href":"https:\/\/donnobikes.com\/fr\/wp-json\/wp\/v2\/media?parent=93929"}],"wp:term":[{"taxonomy":"product_brand","embeddable":true,"href":"https:\/\/donnobikes.com\/fr\/wp-json\/wp\/v2\/product_brand?post=93929"},{"taxonomy":"product_cat","embeddable":true,"href":"https:\/\/donnobikes.com\/fr\/wp-json\/wp\/v2\/product_cat?post=93929"},{"taxonomy":"product_tag","embeddable":true,"href":"https:\/\/donnobikes.com\/fr\/wp-json\/wp\/v2\/product_tag?post=93929"}],"curies":[{"name":"wp","href":"https:\/\/api.w.org\/{rel}","templated":true}]}}