{"id":94137,"date":"2023-10-06T11:26:21","date_gmt":"2023-10-06T09:26:21","guid":{"rendered":"https:\/\/donnobikes.com\/?post_type=product&#038;p=94137"},"modified":"2026-03-23T18:53:27","modified_gmt":"2026-03-23T17:53:27","slug":"yuba-kombi-e6-donno-bikes-mod","status":"publish","type":"product","link":"https:\/\/donnobikes.com\/fr\/produit\/yuba-kombi-e6-donno-bikes-mod\/","title":{"rendered":"Yuba Kombi E6 Donno Bikes Mod"},"content":{"rendered":"<div class=\"wpb_column vc_column_container vc_col-sm-6 vc_col-has-fill\">\n<div class=\"vc_column-inner vc_custom_1619012239892\">\n<div class=\"wpb_wrapper\">\n<div class=\"wpb_text_column wpb_content_element vc_custom_1619012258483\">\n<div class=\"wpb_wrapper\">\n<h3>Laissez les cl\u00e9s de la voiture \u00e0 la maison et mettez-vous en selle avec la famille !<\/h3>\n<p>Le Yuba Kombi E6 est un v\u00e9lo cargo longtail compact \u00e0 p\u00e9dalage assist\u00e9, le mod\u00e8le \u00e9lectrique le plus populaire de Yuba. Id\u00e9al pour les citadins qui veulent tenter l'aventure du cargo, en choisissant d'utiliser un v\u00e9lo pour remplacer leur voiture, mais avec une conduite douce ! Le Yuba Kombi E6 poss\u00e8de un certain nombre de caract\u00e9ristiques uniques.<\/p>\n<p><strong>AGILE ET DYNAMIQUE.<\/strong> Con\u00e7u pour fonctionner dans toutes les situations.<br \/>\nAvec son puissant moteur Shimano E6100, ses roues de 24 pouces et sa g\u00e9om\u00e9trie compacte, le Kombi E6 permet de p\u00e9daler sans effort en ville pour emmener les enfants \u00e0 l'\u00e9cole ou faire les courses en toute simplicit\u00e9. Quelle que soit la taille du cycliste ou le poids du chargement, le Kombi E6 est un v\u00e9lo facile et agr\u00e9able \u00e0 conduire.<\/p>\n<\/div>\n<\/div>\n<\/div>\n<\/div>\n<\/div>\n<div class=\"wpb_column vc_column_container vc_col-sm-6\">\n<div class=\"vc_column-inner vc_custom_1579273878744\">\n<div class=\"wpb_wrapper\">\n<div class=\"wpb_text_column wpb_content_element\">\n<div class=\"wpb_wrapper\">\n<p><strong>FIABLE.<\/strong> Un \u00e9quipement con\u00e7u pour r\u00e9sister au quotidien.<br \/>\nLes larges pneus Maxxis de 2,5 pouces et le cadre en acier chromoly garantissent un confort optimal et une stabilit\u00e9 remarquable. La transmission \u00e0 11 vitesses ne vous laissera pas tomber, que ce soit en mont\u00e9e ou en descente. De plus, le syst\u00e8me de freinage hydraulique progressif et puissant garantit une puissance de freinage s\u00fbre.<\/p>\n<\/div>\n<\/div>\n<\/div>\n<\/div>\n<\/div>","protected":false},"excerpt":{"rendered":"<p>Lascia le chiavi dell&#8217;auto a casa e sali in sella con la famiglia! Yuba Kombi E6 \u00e8 una bicicletta longtail cargo compatta a pedalata assistita, il modello elettrico pi\u00f9 popolare di Yuba. Ideale per chi vive in citt\u00e0 e vuole provare l&#8217;avventura cargo, scegliendo di utilizzare una bicicletta per sostituire l&#8217;auto, ma con una guida [&hellip;]<\/p>\n","protected":false},"featured_media":94138,"comment_status":"open","ping_status":"closed","template":"","meta":[],"product_brand":[],"product_cat":[591,621,622,623,33,624,626,523,21],"product_tag":[],"class_list":{"0":"post-94137","1":"product","2":"type-product","3":"status-publish","4":"has-post-thumbnail","6":"product_cat-e-bike","7":"product_cat-bici-da-carico","8":"product_cat-bici-da-trasporto","9":"product_cat-bici-per-trasporto-bambini","10":"product_cat-biciclette","11":"product_cat-cargo-bike","12":"product_cat-cargo-bike-elettrica","13":"product_cat-compact-cargo","14":"product_cat-yuba","15":"product_shipping_class-bicicletta","17":"first","18":"instock","19":"shipping-taxable","20":"purchasable","21":"product-type-simple"},"gallery_images":[94139,94140],"meta_box":{"short_name":"","marketing_name":"YUBA KOMBI E6","motore_for_biciclette":[],"biciclette_id":"94152","consegna":"","configurator":[],"single_page_group":{"video_group":[{"link_video":"https:\/\/www.youtube.com\/watch?v=XHtNYgjTc94&ab_channel=DonnoBikes","title":"Yuba Kombi E6000 | D\u00e9tails et tests","preview":"94835"},{"link_video":"https:\/\/www.youtube.com\/watch?v=HzO5eIImHCk&t=1s&ab_channel=DonnoBikes","title":"YUBA KOMBI E6 | CARACT\u00c9RISTIQUES |","preview":"94836"}],"galleria_fotografica":{"image":["94142","94143","94144","94145","94146","94147","94148","94149","94150"],"galleria_banner":["94580","94578","94579","94575","94583"]},"edition":"1"},"catalog_group":{"text":"La cargo e-bike compatta best-seller in America arriva in Italia! Prendi le tue cose e salta in sella.","vuoi":"Una cargo bike elettrica sempre pronta all\u2019azione, divertente da guidare e facile da manovrare.  Bella e molto versatile grazie ai tanti accessori con cui equipaggiarla. Una e-bike che tutti in casa vorranno guidare, in grado di trasportare tutto quello che serve!"}},"_links":{"self":[{"href":"https:\/\/donnobikes.com\/fr\/wp-json\/wp\/v2\/product\/94137","targetHints":{"allow":["GET"]}}],"collection":[{"href":"https:\/\/donnobikes.com\/fr\/wp-json\/wp\/v2\/product"}],"about":[{"href":"https:\/\/donnobikes.com\/fr\/wp-json\/wp\/v2\/types\/product"}],"replies":[{"embeddable":true,"href":"https:\/\/donnobikes.com\/fr\/wp-json\/wp\/v2\/comments?post=94137"}],"wp:featuredmedia":[{"embeddable":true,"href":"https:\/\/donnobikes.com\/fr\/wp-json\/wp\/v2\/media\/94138"}],"wp:attachment":[{"href":"https:\/\/donnobikes.com\/fr\/wp-json\/wp\/v2\/media?parent=94137"}],"wp:term":[{"taxonomy":"product_brand","embeddable":true,"href":"https:\/\/donnobikes.com\/fr\/wp-json\/wp\/v2\/product_brand?post=94137"},{"taxonomy":"product_cat","embeddable":true,"href":"https:\/\/donnobikes.com\/fr\/wp-json\/wp\/v2\/product_cat?post=94137"},{"taxonomy":"product_tag","embeddable":true,"href":"https:\/\/donnobikes.com\/fr\/wp-json\/wp\/v2\/product_tag?post=94137"}],"curies":[{"name":"wp","href":"https:\/\/api.w.org\/{rel}","templated":true}]}}