{"id":94216,"date":"2023-10-14T12:30:09","date_gmt":"2023-10-14T10:30:09","guid":{"rendered":"https:\/\/donnobikes.com\/?post_type=product&#038;p=94216"},"modified":"2024-06-18T09:00:09","modified_gmt":"2024-06-18T07:00:09","slug":"sac-de-transport-pour-chiens","status":"publish","type":"product","link":"https:\/\/donnobikes.com\/fr\/produit\/sac-de-transport-pour-chiens\/","title":{"rendered":"Sac de transport pour chien"},"content":{"rendered":"<h3>Compatible avec tous les v\u00e9los cargo Yuba sauf le Supercargo<\/h3>\n<p>Le sac de transport pour chiens est la solution id\u00e9ale pour transporter votre compagnon \u00e0 quatre pattes o\u00f9 que vous alliez. Fabriqu\u00e9 \u00e0 partir de mat\u00e9riaux de haute qualit\u00e9, ce sac offre confort et s\u00e9curit\u00e9 \u00e0 votre animal de compagnie lors de vos d\u00e9placements \u00e0 v\u00e9lo.<\/p>\n<p><strong>Pourquoi choisir le sac de transport pour chien ?<\/strong><\/p>\n<ul>\n<li><strong>Mat\u00e9riaux de qualit\u00e9 :<\/strong> Fabriqu\u00e9 en tissu et en aluminium, il garantit robustesse et durabilit\u00e9.<\/li>\n<li><strong>Installation facile :<\/strong> Il est fix\u00e9 \u00e0 l'aide de vis qui fixent le cadre en aluminium du porte-b\u00e9b\u00e9 au porte-b\u00e9b\u00e9 arri\u00e8re, assurant ainsi un maintien s\u00fbr pendant le voyage.<\/li>\n<li><strong>Convient aux chiens de diff\u00e9rentes tailles :<\/strong> Parfait pour les petits chiens tels que les chihuahuas et les chiens de taille moyenne tels que les labradors et les border collies.<\/li>\n<li><strong>Dimensions r\u00e9glables :<\/strong> Les dimensions du sac sont r\u00e9glables en fonction du v\u00e9lo. Elle peut atteindre une longueur maximale de 81 cm et une longueur minimale de 65 cm. La hauteur reste constante \u00e0 28 cm.<\/li>\n<\/ul>\n<p>Avec le sac de transport pour chien, vous pouvez profiter de chaque sortie \u00e0 v\u00e9lo avec votre fid\u00e8le compagnon, en sachant qu'il est en s\u00e9curit\u00e9 et confortable. Ne manquez pas l'occasion de faire de chaque aventure une exp\u00e9rience m\u00e9morable pour vous et votre compagnon \u00e0 quatre pattes !<\/p>","protected":false},"excerpt":{"rendered":"<p>Compatibile con tutte le cargo bike Yuba, tranne Supercargo La Sacca Trasporto Cane \u00e8 la soluzione perfetta per portare il tuo amico a quattro zampe in giro con te ovunque tu vada. Realizzata con materiali di alta qualit\u00e0 , questa sacca offre comfort e sicurezza al tuo animale domestico durante i viaggi in bicicletta. Perch\u00e9 [&hellip;]<\/p>\n","protected":false},"featured_media":94217,"comment_status":"open","ping_status":"closed","template":"","meta":[],"product_brand":[],"product_cat":[522,23],"product_tag":[],"class_list":{"0":"post-94216","1":"product","2":"type-product","3":"status-publish","4":"has-post-thumbnail","6":"product_cat-accessori","7":"product_cat-accessori-vari","8":"product_shipping_class-accessori","10":"first","11":"instock","12":"shipping-taxable","13":"purchasable","14":"product-type-simple"},"gallery_images":[95967,95968],"meta_box":{"short_name":"","marketing_name":"","motore_for_biciclette":[],"biciclette_id":"","consegna":"","configurator":[],"single_page_group":[],"catalog_group":[]},"_links":{"self":[{"href":"https:\/\/donnobikes.com\/fr\/wp-json\/wp\/v2\/product\/94216","targetHints":{"allow":["GET"]}}],"collection":[{"href":"https:\/\/donnobikes.com\/fr\/wp-json\/wp\/v2\/product"}],"about":[{"href":"https:\/\/donnobikes.com\/fr\/wp-json\/wp\/v2\/types\/product"}],"replies":[{"embeddable":true,"href":"https:\/\/donnobikes.com\/fr\/wp-json\/wp\/v2\/comments?post=94216"}],"wp:featuredmedia":[{"embeddable":true,"href":"https:\/\/donnobikes.com\/fr\/wp-json\/wp\/v2\/media\/94217"}],"wp:attachment":[{"href":"https:\/\/donnobikes.com\/fr\/wp-json\/wp\/v2\/media?parent=94216"}],"wp:term":[{"taxonomy":"product_brand","embeddable":true,"href":"https:\/\/donnobikes.com\/fr\/wp-json\/wp\/v2\/product_brand?post=94216"},{"taxonomy":"product_cat","embeddable":true,"href":"https:\/\/donnobikes.com\/fr\/wp-json\/wp\/v2\/product_cat?post=94216"},{"taxonomy":"product_tag","embeddable":true,"href":"https:\/\/donnobikes.com\/fr\/wp-json\/wp\/v2\/product_tag?post=94216"}],"curies":[{"name":"wp","href":"https:\/\/api.w.org\/{rel}","templated":true}]}}