{"id":94218,"date":"2023-10-14T12:31:11","date_gmt":"2023-10-14T10:31:11","guid":{"rendered":"https:\/\/donnobikes.com\/?post_type=product&#038;p=94218"},"modified":"2024-11-18T10:25:28","modified_gmt":"2024-11-18T09:25:28","slug":"dossier-du-passager","status":"publish","type":"product","link":"https:\/\/donnobikes.com\/fr\/produit\/dossier-du-passager\/","title":{"rendered":"Dossier passager unique"},"content":{"rendered":"<h3>Cuscino ultra confortevole!<\/h3>\n<div class=\"flex-1 overflow-hidden\">\n<div class=\"react-scroll-to-bottom--css-oqwqr-79elbk h-full\">\n<div class=\"react-scroll-to-bottom--css-oqwqr-1n7m0yu\">\n<div class=\"flex flex-col pb-9 text-sm\">\n<div class=\"w-full text-token-text-primary\" data-testid=\"conversation-turn-9\">\n<div class=\"px-4 py-2 justify-center text-base md:gap-6 m-auto\">\n<div class=\"flex flex-1 text-base mx-auto gap-3 md:px-5 lg:px-1 xl:px-5 md:max-w-3xl lg:max-w-[40rem] xl:max-w-[48rem] group final-completion\">\n<div class=\"relative flex w-full flex-col agent-turn\">\n<div class=\"absolute\">\n<div class=\"flex w-full gap-2 items-center justify-center\">L&#8217;Appoggia Schiena Yuba \u00e8 l&#8217;accessorio perfetto se cerchi versatilit\u00e0, sicurezza ed un tocco di stile in pi\u00f9 per la tua Cargo Bike.<\/div>\n<div>Questo non \u00e8 un&#8217;appoggia schiena qualsiasi! Perch\u00e9 nasconde due accessori in uno: Posto nella parte centrale del portapacchi posteriore, \u00e8 un appoggia schiena per il primo passeggero, ma anche una maniglia di sicurezza per il secondo passeggero!<\/div>\n<div><\/div>\n<ul>\n<li><strong>Realizzato con materiale resistente all&#8217;usura ed impermeabile: <\/strong>Il cuscino \u00e8 realizzato con un materiale resistente all&#8217;acqua ed all&#8217;usura per garantire il massimo comfort e sicurezza.<\/li>\n<li><strong>Dimensioni del cuscino 26 cm x 16 cm<\/strong><\/li>\n<li><strong>Adatto dai 4 anni in su: <\/strong>L&#8217;Appoggia Schiena Yuba offre un supporto ergonomico che si adatta perfettamente alla schiena dei passeggeri, \u00e8 consigliato ad un&#8217;et\u00e0 che parte dai 4 anni ed \u00e8 perfetto anche per trasportare passeggeri adulti<\/li>\n<li><strong>Installazione Semplice:<\/strong> Grazie al design intuitivo, l&#8217;appoggia schiena si installa facilmente sul portapacchi posteriore della cargo bike Yuba, senza la necessit\u00e0 di strumenti complicati o competenze particolari.<\/li>\n<\/ul>\n<p><strong>Compatibile con tutti i modelli Kombi, Mundo, Spicy Curry, Fastrack<\/strong><\/p>\n<p>L&#8217;Appoggia Schiena Yuba non solo aggiunge un tocco di stile alla tua cargo bike, ma offre versatilit\u00e0, comfort e sicurezza, tutto in un unico accessorio!<\/p>\n<\/div>\n<p>&nbsp;<\/p>\n<\/div>\n<\/div>\n<\/div>\n<\/div>\n<\/div>\n<\/div>\n<\/div>\n<\/div>\n<div class=\"w-full pt-2 md:pt-0 dark:border-white\/20 md:border-transparent md:dark:border-transparent md:w-[calc(100%-.5rem)]\">\n<div class=\"relative flex h-full flex-1 items-stretch md:flex-col\">\n<div class=\"flex w-full items-center\"><\/div>\n<\/div>\n<\/div>\n","protected":false},"excerpt":{"rendered":"<p>Cuscino ultra confortevole! L&#8217;Appoggia Schiena Yuba \u00e8 l&#8217;accessorio perfetto se cerchi versatilit\u00e0, sicurezza ed un tocco di stile in pi\u00f9 per la tua Cargo Bike. Questo non \u00e8 un&#8217;appoggia schiena qualsiasi! Perch\u00e9 nasconde due accessori in uno: Posto nella parte centrale del portapacchi posteriore, \u00e8 un appoggia schiena per il primo passeggero, ma anche una [&hellip;]<\/p>\n","protected":false},"featured_media":96352,"comment_status":"open","ping_status":"closed","template":"","meta":[],"product_brand":[],"product_cat":[522,23],"product_tag":[],"class_list":{"0":"post-94218","1":"product","2":"type-product","3":"status-publish","4":"has-post-thumbnail","6":"product_cat-accessori","7":"product_cat-accessori-vari","8":"product_shipping_class-accessori","10":"first","11":"instock","12":"shipping-taxable","13":"purchasable","14":"product-type-simple"},"gallery_images":[],"meta_box":{"short_name":"","marketing_name":"","motore_for_biciclette":[],"biciclette_id":"","consegna":"","configurator":[],"single_page_group":[],"catalog_group":[]},"_links":{"self":[{"href":"https:\/\/donnobikes.com\/fr\/wp-json\/wp\/v2\/product\/94218","targetHints":{"allow":["GET"]}}],"collection":[{"href":"https:\/\/donnobikes.com\/fr\/wp-json\/wp\/v2\/product"}],"about":[{"href":"https:\/\/donnobikes.com\/fr\/wp-json\/wp\/v2\/types\/product"}],"replies":[{"embeddable":true,"href":"https:\/\/donnobikes.com\/fr\/wp-json\/wp\/v2\/comments?post=94218"}],"wp:featuredmedia":[{"embeddable":true,"href":"https:\/\/donnobikes.com\/fr\/wp-json\/wp\/v2\/media\/96352"}],"wp:attachment":[{"href":"https:\/\/donnobikes.com\/fr\/wp-json\/wp\/v2\/media?parent=94218"}],"wp:term":[{"taxonomy":"product_brand","embeddable":true,"href":"https:\/\/donnobikes.com\/fr\/wp-json\/wp\/v2\/product_brand?post=94218"},{"taxonomy":"product_cat","embeddable":true,"href":"https:\/\/donnobikes.com\/fr\/wp-json\/wp\/v2\/product_cat?post=94218"},{"taxonomy":"product_tag","embeddable":true,"href":"https:\/\/donnobikes.com\/fr\/wp-json\/wp\/v2\/product_tag?post=94218"}],"curies":[{"name":"wp","href":"https:\/\/api.w.org\/{rel}","templated":true}]}}