{"id":94241,"date":"2023-10-23T11:13:00","date_gmt":"2023-10-23T09:13:00","guid":{"rendered":"https:\/\/donnobikes.com\/?post_type=product&#038;p=94241"},"modified":"2026-02-09T10:01:33","modified_gmt":"2026-02-09T09:01:33","slug":"coussin-donnobikes","status":"publish","type":"product","link":"https:\/\/donnobikes.com\/fr\/produit\/coussin-donnobikes\/","title":{"rendered":"Coussin Donnobikes"},"content":{"rendered":"<p>L'oreiller pour v\u00e9lo Donnobikes est une solution TOP avec un int\u00e9rieur en \u00e9ponge qui n'absorbe pas l'eau, id\u00e9al pour prot\u00e9ger votre v\u00e9lo pendant le transport, en particulier dans des conditions humides. Parfait pour les amateurs de v\u00e9lo qui recherchent une s\u00e9curit\u00e9 et une protection maximales.<\/p>","protected":false},"excerpt":{"rendered":"<p>L'oreiller pour v\u00e9lo Donnobikes est une solution TOP avec un int\u00e9rieur en \u00e9ponge qui n'absorbe pas l'eau, id\u00e9al pour prot\u00e9ger votre v\u00e9lo pendant le transport, en particulier dans des conditions humides. Parfait pour les amateurs de v\u00e9lo qui recherchent une s\u00e9curit\u00e9 et une protection maximales.<\/p>","protected":false},"featured_media":94242,"comment_status":"open","ping_status":"closed","template":"","meta":[],"product_brand":[],"product_cat":[522,641,640,639,23,651],"product_tag":[],"class_list":{"0":"post-94241","1":"product","2":"type-product","3":"status-publish","4":"has-post-thumbnail","6":"product_cat-accessori","7":"product_cat-inbicy-flashswitch-seduta-e-carico-posteriore-2","8":"product_cat-inbicy-supernova-seduta-e-carico-posteriore-2","9":"product_cat-seduta-e-carico-posteriore-2","10":"product_cat-accessori-vari","11":"product_cat-yuba-kombi-db-seduta-e-carico-posteriore-2","12":"product_shipping_class-accessori","14":"first","15":"instock","16":"shipping-taxable","17":"purchasable","18":"product-type-simple"},"gallery_images":[],"meta_box":{"short_name":"","marketing_name":"","motore_for_biciclette":[],"biciclette_id":"","consegna":"","configurator":[],"single_page_group":[],"catalog_group":[]},"_links":{"self":[{"href":"https:\/\/donnobikes.com\/fr\/wp-json\/wp\/v2\/product\/94241","targetHints":{"allow":["GET"]}}],"collection":[{"href":"https:\/\/donnobikes.com\/fr\/wp-json\/wp\/v2\/product"}],"about":[{"href":"https:\/\/donnobikes.com\/fr\/wp-json\/wp\/v2\/types\/product"}],"replies":[{"embeddable":true,"href":"https:\/\/donnobikes.com\/fr\/wp-json\/wp\/v2\/comments?post=94241"}],"wp:featuredmedia":[{"embeddable":true,"href":"https:\/\/donnobikes.com\/fr\/wp-json\/wp\/v2\/media\/94242"}],"wp:attachment":[{"href":"https:\/\/donnobikes.com\/fr\/wp-json\/wp\/v2\/media?parent=94241"}],"wp:term":[{"taxonomy":"product_brand","embeddable":true,"href":"https:\/\/donnobikes.com\/fr\/wp-json\/wp\/v2\/product_brand?post=94241"},{"taxonomy":"product_cat","embeddable":true,"href":"https:\/\/donnobikes.com\/fr\/wp-json\/wp\/v2\/product_cat?post=94241"},{"taxonomy":"product_tag","embeddable":true,"href":"https:\/\/donnobikes.com\/fr\/wp-json\/wp\/v2\/product_tag?post=94241"}],"curies":[{"name":"wp","href":"https:\/\/api.w.org\/{rel}","templated":true}]}}