{"id":94249,"date":"2023-10-24T11:06:36","date_gmt":"2023-10-24T09:06:36","guid":{"rendered":"https:\/\/donnobikes.com\/?post_type=product&#038;p=94249"},"modified":"2024-04-06T15:13:51","modified_gmt":"2024-04-06T13:13:51","slug":"casquettes-dequitation-yuba","status":"publish","type":"product","link":"https:\/\/donnobikes.com\/fr\/produit\/casquettes-dequitation-yuba\/","title":{"rendered":"Capuchons de b\u00e9quille Yuba"},"content":{"rendered":"<h3>Compatible avec tous les mod\u00e8les Yuba<\/h3>\n<p>Les capuchons de b\u00e9quille Yuba sont fabriqu\u00e9s en polyur\u00e9thane r\u00e9sistant \u00e0 l'usure, un mat\u00e9riau qui offre une protection fiable \u00e0 la b\u00e9quille de votre v\u00e9lo.<\/p>\n<p>Ces bouchons offrent non seulement une base stable pour votre v\u00e9lo, mais garantissent \u00e9galement une plus longue dur\u00e9e de vie en prot\u00e9geant la b\u00e9quille de l'usure quotidienne.<\/p>\n<p>Les capuchons de b\u00e9quille sont un accessoire indispensable pour limiter les co\u00fbts d'entretien de votre v\u00e9lo !<\/p>\n<p>Avec les capuchons de b\u00e9quille Yuba, vous pouvez \u00eatre s\u00fbr que votre v\u00e9lo restera stable et s\u00e9curis\u00e9, pr\u00eat pour chaque sortie.<\/p>","protected":false},"excerpt":{"rendered":"<p>Compatibile con tutti i modelli Yuba I tappi del cavalletto Yuba sono realizzati con poliuretano resistente all&#8217;usura, un materiale che offre una protezione affidabile per i cavalletti della tua bicicletta. Questi tappi non solo forniscono una base stabile per la tua bicicletta, ma garantiscono anche una maggiore durata nel tempo, proteggendo il cavalletto dall&#8217;usura quotidiana. [&hellip;]<\/p>\n","protected":false},"featured_media":94250,"comment_status":"open","ping_status":"closed","template":"","meta":[],"product_brand":[],"product_cat":[522,16],"product_tag":[],"class_list":{"0":"post-94249","1":"product","2":"type-product","3":"status-publish","4":"has-post-thumbnail","6":"product_cat-accessori","7":"product_cat-yuba-accessori","8":"product_shipping_class-accessori","10":"first","11":"instock","12":"shipping-taxable","13":"purchasable","14":"product-type-simple"},"gallery_images":[],"meta_box":{"short_name":"","marketing_name":"","motore_for_biciclette":[],"biciclette_id":"","consegna":"","configurator":[],"single_page_group":[],"catalog_group":[]},"_links":{"self":[{"href":"https:\/\/donnobikes.com\/fr\/wp-json\/wp\/v2\/product\/94249","targetHints":{"allow":["GET"]}}],"collection":[{"href":"https:\/\/donnobikes.com\/fr\/wp-json\/wp\/v2\/product"}],"about":[{"href":"https:\/\/donnobikes.com\/fr\/wp-json\/wp\/v2\/types\/product"}],"replies":[{"embeddable":true,"href":"https:\/\/donnobikes.com\/fr\/wp-json\/wp\/v2\/comments?post=94249"}],"wp:featuredmedia":[{"embeddable":true,"href":"https:\/\/donnobikes.com\/fr\/wp-json\/wp\/v2\/media\/94250"}],"wp:attachment":[{"href":"https:\/\/donnobikes.com\/fr\/wp-json\/wp\/v2\/media?parent=94249"}],"wp:term":[{"taxonomy":"product_brand","embeddable":true,"href":"https:\/\/donnobikes.com\/fr\/wp-json\/wp\/v2\/product_brand?post=94249"},{"taxonomy":"product_cat","embeddable":true,"href":"https:\/\/donnobikes.com\/fr\/wp-json\/wp\/v2\/product_cat?post=94249"},{"taxonomy":"product_tag","embeddable":true,"href":"https:\/\/donnobikes.com\/fr\/wp-json\/wp\/v2\/product_tag?post=94249"}],"curies":[{"name":"wp","href":"https:\/\/api.w.org\/{rel}","templated":true}]}}